{"id":13548,"date":"2022-06-06T16:22:26","date_gmt":"2022-06-06T16:22:26","guid":{"rendered":"https:\/\/spl-group.com\/servicios\/tarifa-plana-de-piezas-pfr\/"},"modified":"2023-12-12T16:42:25","modified_gmt":"2023-12-12T16:42:25","slug":"tarifa-plana-de-piezas-pfr","status":"publish","type":"page","link":"https:\/\/spl-group.com\/es\/servicios\/tarifa-plana-de-piezas-pfr\/","title":{"rendered":"Tarifa Plana de Piezas (PFR)"},"content":{"rendered":"<div class=\"wpb-content-wrapper\"><p>[vc_row full_width=\u00bbstretch_row\u00bb content_placement=\u00bbmiddle\u00bb css=\u00bb.vc_custom_1654534592429{background-image: url(https:\/\/spl-group.com\/wp-content\/uploads\/part-flat-banner.jpg?id=722) !important;background-position: center !important;background-repeat: no-repeat !important;background-size: cover !important;}\u00bb el_class=\u00bbmainHero\u00bb][vc_column][vc_column_text]<\/p>\n<h1 class=\"title bem--whiteColor bem--shadowText\">Tarifa Plana de Piezas (PFR)<\/h1>\n<p>[\/vc_column_text][\/vc_column][\/vc_row][vc_row full_width=\u00bbstretch_row_content_no_spaces\u00bb gap=\u00bb35&#8243; full_height=\u00bbyes\u00bb content_placement=\u00bbtop\u00bb css=\u00bb.vc_custom_1655129602798{padding-right: 15% !important;padding-left: 15% !important;background-color: #ffffff !important;}\u00bb][vc_column el_class=\u00bbbem&#8211;centerHorizontal\u00bb offset=\u00bbvc_col-lg-6&#8243;][vc_column_text css=\u00bb.vc_custom_1661278954392{padding-right: 0px !important;padding-left: 0px !important;}\u00bb]<span class=\"itemTitle bem--primaryColor\">Programas del Grupo SPL para tarifa plana e inventario de piezas de propiedad del proveedor<\/span><br \/>\nNuestros programas de tarifa plana de piezas (PFR) y de inventario de propiedad del proveedor (VOI) son soluciones que permiten a los clientes pagar una tarifa plana por m\u00e1quina al mes. Los programas PFR y VOI de SPL est\u00e1n dirigidos a clientes con grandes flotas de cajeros.<\/p>\n<p><span class=\"itemTitle bem--primaryColor\">Cobertura<\/span><br \/>\nLas tarifas planas cubren el servicio de asistencia para todos los componentes del cajero autom\u00e1tico. Esta amplia cobertura ahorra tiempo a los profesionales de la contrataci\u00f3n y compras. El SPL PFR y el VOI se pueden personalizar y adaptar a su demanda espec\u00edfica. La duraci\u00f3n de los contratos y las tarifas var\u00edan en funci\u00f3n del tipo, el modelo y las configuraciones de los equipos cubiertos por el contrato.<\/p>\n<p><span class=\"itemTitle bem--primaryColor\">Estos programas son como buffets de piezas \u00abTodo lo que puedas usar\u00bb.<\/span>[\/vc_column_text][vc_row_inner][vc_column_inner el_class=\u00bbcheck_service-parts\u00bb width=\u00bb5\/12&#8243; offset=\u00bbvc_col-lg-6&#8243;][vc_column_text]<a class=\"itemTitle bem--secondaryColor\" href=\"#\">SOLICITAR UNA COTIZACI\u00d3N &gt;<\/a><br \/>\n[\/vc_column_text]<p class=\"product woocommerce add_to_cart_inline \" style=\"check_service-parts\"><a href=\"\/es\/wp-json\/wp\/v2\/pages\/13548?add-to-cart=13537\" aria-describedby=\"woocommerce_loop_add_to_cart_link_describedby_13537\" data-quantity=\"1\" class=\"button product_type_simple add_to_cart_button ajax_add_to_cart\" data-product_id=\"13537\" data-product_sku=\"\" aria-label=\"A\u00f1adir al carrito: &ldquo;Service: Parts Flat Rate (PFR)&rdquo;\" rel=\"nofollow\" data-success_message=\"\u00abService: Parts Flat Rate (PFR)\u00bb se ha a\u00f1adido a tu carrito\">Request Item<\/a>\t<span id=\"woocommerce_loop_add_to_cart_link_describedby_13537\" class=\"screen-reader-text\">\n\t\t\t<\/span>\n<\/p>[\/vc_column_inner][vc_column_inner width=\u00bb1\/3&#8243; offset=\u00bbvc_col-lg-3 vc_col-xs-5&#8243;][vc_single_image image=\u00bb700&#8243; img_size=\u00bb100xauto\u00bb alignment=\u00bbright\u00bb onclick=\u00bbcustom_link\u00bb img_link_target=\u00bb_blank\u00bb link=\u00bb\/wp-content\/uploads\/SPL-Group-Parts-Flat-Rate.pdf\u00bb][\/vc_column_inner][vc_column_inner width=\u00bb1\/4&#8243; offset=\u00bbvc_col-lg-3 vc_col-xs-5&#8243; css=\u00bb.vc_custom_1655129564696{padding-top: 4% !important;}\u00bb el_id=\u00bbtext_icon\u00bb][vc_column_text]<a href=\"\/wp-content\/uploads\/SPL-Group-Parts-Flat-Rate.pdf\" target=\"_blank\" rel=\"noopener\">M\u00e1s informaci\u00f3n sobre nuestro piso<br \/>\nPrograma de tarifas<\/a>[\/vc_column_text][\/vc_column_inner][\/vc_row_inner][\/vc_column][vc_column el_class=\u00bbbem&#8211;centerHorizontal\u00bb offset=\u00bbvc_col-lg-6&#8243; el_id=\u00bbbloque-video\u00bb][vc_video link=\u00bbhttps:\/\/www.youtube.com\/watch?v=3fkUh_Do7wo\u00bb align=\u00bbcenter\u00bb el_id=\u00bbbloque-video\u00bb][\/vc_column][\/vc_row][vc_row full_width=\u00bbstretch_row_content_no_spaces\u00bb][vc_column][vc_raw_html css=\u00bb.vc_custom_1654709081823{margin-bottom: 0px !important;}\u00bb]W3NjIG5hbWU9Imdsb2JhbGJsb2NrX2NvbnRhY3R1cyJdWy9zY10=[\/vc_raw_html][\/vc_column][\/vc_row][vc_row][vc_column][vc_column_text]<\/p>\n<p>[\/vc_column_text][\/vc_column][\/vc_row]<\/p>\n<\/div>","protected":false},"excerpt":{"rendered":"<p>[vc_row full_width=\u00bbstretch_row\u00bb content_placement=\u00bbmiddle\u00bb css=\u00bb.vc_custom_1654534592429{background-image: url(https:\/\/spl-group.com\/wp-content\/uploads\/part-flat-banner.jpg?id=722) !important;background-position: center !important;background-repeat: no-repeat !important;background-size: cover !important;}\u00bb el_class=\u00bbmainHero\u00bb][vc_column][vc_column_text] Tarifa Plana de Piezas (PFR) [\/vc_column_text][\/vc_column][\/vc_row][vc_row full_width=\u00bbstretch_row_content_no_spaces\u00bb gap=\u00bb35&#8243; full_height=\u00bbyes\u00bb content_placement=\u00bbtop\u00bb css=\u00bb.vc_custom_1655129602798{padding-right: 15% !important;padding-left:<span class=\"excerpt-hellip\"> [\u2026]<\/span><\/p>\n","protected":false},"author":5,"featured_media":0,"parent":13067,"menu_order":0,"comment_status":"closed","ping_status":"closed","template":"","meta":{"_seopress_robots_primary_cat":"","_seopress_titles_title":"Tarifa plana de piezas (PFR) | SPL Group","_seopress_titles_desc":"Nuestros programas de tarifa plana de piezas (PFR) y de inventario de propiedad del proveedor (VOI) son soluciones que permiten a los clientes pagar una tarifa plana por m\u00e1quina al mes.","_seopress_robots_index":"","footnotes":""},"class_list":["post-13548","page","type-page","status-publish","hentry"],"_links":{"self":[{"href":"https:\/\/spl-group.com\/es\/wp-json\/wp\/v2\/pages\/13548","targetHints":{"allow":["GET"]}}],"collection":[{"href":"https:\/\/spl-group.com\/es\/wp-json\/wp\/v2\/pages"}],"about":[{"href":"https:\/\/spl-group.com\/es\/wp-json\/wp\/v2\/types\/page"}],"author":[{"embeddable":true,"href":"https:\/\/spl-group.com\/es\/wp-json\/wp\/v2\/users\/5"}],"replies":[{"embeddable":true,"href":"https:\/\/spl-group.com\/es\/wp-json\/wp\/v2\/comments?post=13548"}],"version-history":[{"count":5,"href":"https:\/\/spl-group.com\/es\/wp-json\/wp\/v2\/pages\/13548\/revisions"}],"predecessor-version":[{"id":13553,"href":"https:\/\/spl-group.com\/es\/wp-json\/wp\/v2\/pages\/13548\/revisions\/13553"}],"up":[{"embeddable":true,"href":"https:\/\/spl-group.com\/es\/wp-json\/wp\/v2\/pages\/13067"}],"wp:attachment":[{"href":"https:\/\/spl-group.com\/es\/wp-json\/wp\/v2\/media?parent=13548"}],"curies":[{"name":"wp","href":"https:\/\/api.w.org\/{rel}","templated":true}]}}