{"id":13529,"date":"2022-05-27T21:37:29","date_gmt":"2022-05-27T21:37:29","guid":{"rendered":"https:\/\/spl-group.com\/sobre-nosotros\/responsabilidad-social\/"},"modified":"2023-12-11T23:19:30","modified_gmt":"2023-12-11T23:19:30","slug":"responsabilidad-social","status":"publish","type":"page","link":"https:\/\/spl-group.com\/es\/sobre-nosotros\/responsabilidad-social\/","title":{"rendered":"Responsabilidad Social"},"content":{"rendered":"<div class=\"wpb-content-wrapper\"><p>[vc_row full_width=\u00bbstretch_row\u00bb content_placement=\u00bbmiddle\u00bb css=\u00bb.vc_custom_1654183223455{background-image: url(https:\/\/spl-group.com\/wp-content\/uploads\/social-banner-1.jpg?id=606) !important;background-position: center !important;background-repeat: no-repeat !important;background-size: cover !important;}\u00bb el_class=\u00bbmainHero\u00bb][vc_column][vc_column_text]<\/p>\n<h1 class=\"title bem--whiteColor bem--shadowText\">Social<br \/>\nResponsabilidad<\/h1>\n<p>[\/vc_column_text][\/vc_column][\/vc_row][vc_row full_width=\u00bbstretch_row\u00bb gap=\u00bb35&#8243; css=\u00bb.vc_custom_1653688761211{background-color: #ffffff !important;}\u00bb][vc_column el_class=\u00bbbem&#8211;centerHorizontal\u00bb][vc_column_text css=\u00bb.vc_custom_1660663306276{padding-right: 0px !important;padding-left: 0px !important;}\u00bb]SPL, incluidas todas sus filiales, est\u00e1 comprometida con la responsabilidad social y el comportamiento \u00e9tico. Nuestro objetivo con nuestros clientes y proveedores no es s\u00f3lo proporcionar productos de calidad, sino tambi\u00e9n mantener el m\u00e1ximo nivel de atenci\u00f3n y satisfacci\u00f3n del cliente.<\/p>\n<p>Para minimizar el impacto en el medio ambiente, SPL ha puesto en marcha medidas para lograr el cumplimiento de la norma ISO 14001 que cubre todos los aspectos medioambientales. SPL ha introducido pol\u00edticas que garantizan una pr\u00e1ctica social &#8211; y ambientalmente responsable. Promovemos que, con las pol\u00edticas y directrices adecuadas, todos podemos contribuir a minimizar el impacto sobre el medio ambiente.<\/p>\n<p>Nuestro compromiso en relaci\u00f3n con la responsabilidad social puede clasificarse en \u00e1reas como el ahorro energ\u00e9tico, la gesti\u00f3n de residuos, la reducci\u00f3n de las emisiones de gases de efecto invernadero, la seguridad laboral y la salud.[\/vc_column_text][\/vc_column][\/vc_row][vc_row full_width=\u00bbstretch_row\u00bb gap=\u00bb35&#8243;][vc_column offset=\u00bbvc_col-lg-12 vc_col-md-12 vc_col-sm-offset-0&#8243;][vc_row_inner el_class=\u00bbbem&#8211;centerHorizontal\u00bb][vc_column_inner width=\u00bb1\/3&#8243; offset=\u00bbvc_col-lg-offset-0 vc_col-lg-3 vc_col-md-4&#8243;][vc_single_image image=\u00bb480&#8243; img_size=\u00bb100xauto\u00bb][vc_column_text]<span class=\"itemTitle bem--primaryColor\">Ahorro Energ\u00e9tico:<\/span><br \/>\nRecientemente, SPL ha puesto en marcha varias medidas para mejorar el ahorro energ\u00e9tico, reducir los costes y ganar control sobre el uso de la energ\u00eda en nuestro negocio, de acuerdo con las directrices establecidas por la norma ISO 14001. Al invertir en nuevas tecnolog\u00edas y aplicar las directrices de ahorro energ\u00e9tico de la empresa, hemos reducido nuestro consumo de energ\u00eda en un 29% en los \u00faltimos a\u00f1os. En el futuro, esperamos conseguir una reducci\u00f3n del uso de energ\u00eda de un 5% adicional.[\/vc_column_text][vc_empty_space height=\u00bb10px\u00bb][\/vc_column_inner][vc_column_inner width=\u00bb1\/3&#8243; offset=\u00bbvc_col-lg-offset-1 vc_col-lg-3 vc_col-md-4 vc_col-sm-offset-0&#8243;][vc_single_image image=\u00bb481&#8243; img_size=\u00bb100xauto\u00bb][vc_column_text]<span class=\"itemTitle bem--primaryColor\">Gesti\u00f3n de Residuos:<\/span><br \/>\nSPL ha desarrollado una pol\u00edtica de gesti\u00f3n de residuos que consta de dos grandes categor\u00edas: Prevenci\u00f3n de residuos \/ Reducci\u00f3n en origen y reutilizaci\u00f3n &amp; reciclaje. La aplicaci\u00f3n de estas pol\u00edticas nos ha permitido obtener tasas de reciclaje de hasta el 60% de nuestros residuos. Nuestro objetivo es aumentar el porcentaje de material reciclado en un 10% adicional.[\/vc_column_text][vc_empty_space height=\u00bb10px\u00bb][\/vc_column_inner][vc_column_inner width=\u00bb1\/3&#8243; offset=\u00bbvc_col-lg-offset-1 vc_col-lg-3 vc_col-md-4 vc_col-sm-offset-0&#8243;][vc_single_image image=\u00bb483&#8243; img_size=\u00bb100xauto\u00bb][vc_column_text]<span class=\"itemTitle bem--primaryColor\">Sanciones y Multas Medioambientales:<\/span><br \/>\nLa aplicaci\u00f3n de las leyes medioambientales es importante para proteger la salud humana y el medio ambiente. SPL se enorgullece de informar de que hemos cumplido con la normativa desde el principio y no hemos estado expuestos a citaciones, sanciones o multas. En el improbable caso de que se produzcan citaciones, sanciones o multas medioambientales, las publicaremos oportunamente en nuestra p\u00e1gina web.[\/vc_column_text][vc_empty_space height=\u00bb10px\u00bb][\/vc_column_inner][\/vc_row_inner][vc_row_inner el_class=\u00bbbem&#8211;centerHorizontal\u00bb][vc_column_inner width=\u00bb1\/3&#8243; offset=\u00bbvc_col-lg-offset-0 vc_col-lg-6 vc_col-md-6 vc_col-sm-offset-0&#8243;][vc_single_image image=\u00bb482&#8243; img_size=\u00bb100xauto\u00bb][vc_column_text]<span class=\"itemTitle bem--primaryColor\">Emisiones de Gases de Efecto Invernadero:<\/span><br \/>\nComo resultado de nuestro continuo compromiso con la reducci\u00f3n de residuos y el reciclaje, nuestra empresa logr\u00f3 una reducci\u00f3n de las emisiones de gases de efecto invernadero (GEI) equivalente a 5,0 toneladas m\u00e9tricas de CO2 en el \u00faltimo a\u00f1o. SPL sigue las normas, reglamentos y consejos de la Agencia de Protecci\u00f3n Medioambiental de EE.UU. y hemos fijado el objetivo de reducci\u00f3n de GEI en un 20% adicional equivalente a 1,0 toneladas m\u00e9tricas de CO2. SPL desarroll\u00f3 una pol\u00edtica de gesti\u00f3n de residuos que consta de dos categor\u00edas principales: Prevenci\u00f3n de residuos \/ Reducci\u00f3n en origen y reutilizaci\u00f3n &amp; reciclaje. La aplicaci\u00f3n de estas pol\u00edticas nos ha permitido obtener tasas de reciclaje de hasta el 60% de nuestros residuos. Nuestro objetivo es aumentar el porcentaje de material reciclado en un 10% adicional.[\/vc_column_text][vc_empty_space height=\u00bb10px\u00bb][\/vc_column_inner][vc_column_inner width=\u00bb2\/3&#8243; offset=\u00bbvc_col-lg-offset-0 vc_col-lg-6 vc_col-md-offset-0 vc_col-md-6 vc_col-sm-offset-0&#8243;][vc_single_image image=\u00bb484&#8243; img_size=\u00bb100xauto\u00bb][vc_column_text]<span class=\"itemTitle bem--primaryColor\">Salud y Seguridad en el Trabajo:<\/span><br \/>\nSPL reconoce que, como empleador, tiene la responsabilidad de proporcionar un lugar de trabajo seguro y saludable, y hace que su personal y la mano de obra tengan derecho a unas condiciones de trabajo que no supongan ning\u00fan riesgo de da\u00f1o. Al adoptar normas generales como las de la Administraci\u00f3n de Seguridad y Salud en el Trabajo (OSHA) y la Coalici\u00f3n Ciudadana de la Industria Electr\u00f3nica (EICC) y su C\u00f3digo de Conducta (CoC), SPL revisa constantemente los procesos internos tratando de eliminar o reducir los posibles riesgos para la seguridad, introduciendo cambios en las condiciones de trabajo si los hubiera. El trabajo conjunto de la direcci\u00f3n y los empleados en esta materia nos ha permitido mantener con orgullo un \u00edndice cero de lesiones y enfermedades laborales desde su creaci\u00f3n.[\/vc_column_text][vc_empty_space height=\u00bb10px\u00bb][\/vc_column_inner][\/vc_row_inner][\/vc_column][\/vc_row][vc_row full_width=\u00bbstretch_row_content_no_spaces\u00bb][vc_column][vc_raw_html css=\u00bb.vc_custom_1654707022475{margin-bottom: 0px !important;}\u00bb]W3NjIG5hbWU9Imdsb2JhbGJsb2NrX2NvbnRhY3R1cyJdWy9zY10=[\/vc_raw_html][\/vc_column][\/vc_row]<\/p>\n<\/div>","protected":false},"excerpt":{"rendered":"<p>[vc_row full_width=\u00bbstretch_row\u00bb content_placement=\u00bbmiddle\u00bb css=\u00bb.vc_custom_1654183223455{background-image: url(https:\/\/spl-group.com\/wp-content\/uploads\/social-banner-1.jpg?id=606) !important;background-position: center !important;background-repeat: no-repeat !important;background-size: cover !important;}\u00bb el_class=\u00bbmainHero\u00bb][vc_column][vc_column_text] Social Responsabilidad [\/vc_column_text][\/vc_column][\/vc_row][vc_row full_width=\u00bbstretch_row\u00bb gap=\u00bb35&#8243; css=\u00bb.vc_custom_1653688761211{background-color: #ffffff !important;}\u00bb][vc_column el_class=\u00bbbem&#8211;centerHorizontal\u00bb][vc_column_text css=\u00bb.vc_custom_1660663306276{padding-right: 0px !important;padding-left: 0px<span class=\"excerpt-hellip\"> [\u2026]<\/span><\/p>\n","protected":false},"author":5,"featured_media":0,"parent":13174,"menu_order":0,"comment_status":"closed","ping_status":"closed","template":"","meta":{"_seopress_robots_primary_cat":"","_seopress_titles_title":"Responsabilidad social | SPL Group","_seopress_titles_desc":"Estamos comprometidos con la responsabilidad social y el comportamiento \u00e9tico. Hemos introducido pol\u00edticas que garantizan una pr\u00e1ctica social y ambientalmente responsable.","_seopress_robots_index":"","footnotes":""},"class_list":["post-13529","page","type-page","status-publish","hentry"],"_links":{"self":[{"href":"https:\/\/spl-group.com\/es\/wp-json\/wp\/v2\/pages\/13529","targetHints":{"allow":["GET"]}}],"collection":[{"href":"https:\/\/spl-group.com\/es\/wp-json\/wp\/v2\/pages"}],"about":[{"href":"https:\/\/spl-group.com\/es\/wp-json\/wp\/v2\/types\/page"}],"author":[{"embeddable":true,"href":"https:\/\/spl-group.com\/es\/wp-json\/wp\/v2\/users\/5"}],"replies":[{"embeddable":true,"href":"https:\/\/spl-group.com\/es\/wp-json\/wp\/v2\/comments?post=13529"}],"version-history":[{"count":2,"href":"https:\/\/spl-group.com\/es\/wp-json\/wp\/v2\/pages\/13529\/revisions"}],"predecessor-version":[{"id":13531,"href":"https:\/\/spl-group.com\/es\/wp-json\/wp\/v2\/pages\/13529\/revisions\/13531"}],"up":[{"embeddable":true,"href":"https:\/\/spl-group.com\/es\/wp-json\/wp\/v2\/pages\/13174"}],"wp:attachment":[{"href":"https:\/\/spl-group.com\/es\/wp-json\/wp\/v2\/media?parent=13529"}],"curies":[{"name":"wp","href":"https:\/\/api.w.org\/{rel}","templated":true}]}}