{"id":13199,"date":"2022-06-06T18:25:27","date_gmt":"2022-06-06T18:25:27","guid":{"rendered":"https:\/\/spl-group.com\/sobre-nosotros\/plan-de-continuidad-del-negocio\/"},"modified":"2022-11-11T20:28:55","modified_gmt":"2022-11-11T20:28:55","slug":"plan-de-continuidad-del-negocio","status":"publish","type":"page","link":"https:\/\/spl-group.com\/es\/sobre-nosotros\/plan-de-continuidad-del-negocio\/","title":{"rendered":"Plan de Continuidad del Negocio"},"content":{"rendered":"<div class=\"wpb-content-wrapper\"><p>[vc_row full_width=\u00bbstretch_row\u00bb content_placement=\u00bbmiddle\u00bb css=\u00bb.vc_custom_1654540007749{background-image: url(https:\/\/spl-group.com\/wp-content\/uploads\/business-continuityPlan-sl-main.jpg?id=756) !important;background-position: center !important;background-repeat: no-repeat !important;background-size: cover !important;}\u00bb el_class=\u00bbmainHero\u00bb][vc_column][vc_column_text]<\/p>\n<h1 class=\"title bem--whiteColor bem--shadowText\">Plan de Continuidad del Negocio<\/h1>\n<p>[\/vc_column_text][\/vc_column][\/vc_row][vc_row css=\u00bb.vc_custom_1653698870370{padding-top: 50px !important;padding-bottom: 50px !important;}\u00bb][vc_column offset=\u00bbvc_col-lg-offset-1 vc_col-lg-10&#8243;][vc_column_text]De acuerdo con las buenas pr\u00e1cticas empresariales y de gesti\u00f3n, SPL ha desarrollado un Plan de Continuidad de Negocio para responder a las cat\u00e1strofes naturales y\/o eventos extremos que puedan interrumpir significativamente el negocio.<\/p>\n<p>El Plan de Continuidad de Negocio describe los procedimientos y directrices de aplicaci\u00f3n en caso de cat\u00e1strofes u otros problemas similares. Tendremos que ser continuamente flexibles y mejorar el Plan de Continuidad de Negocio a medida que se produzcan los acontecimientos reales. Teniendo esto en cuenta, ofrecemos informaci\u00f3n general sobre nuestro plan de continuidad de negocio.[\/vc_column_text][\/vc_column][\/vc_row][vc_row full_width=\u00bbstretch_row\u00bb gap=\u00bb35&#8243; css=\u00bb.vc_custom_1653699456815{background-color: #f5f5f5 !important;}\u00bb][vc_column offset=\u00bbvc_col-md-offset-1 vc_col-md-10&#8243;][vc_empty_space height=\u00bb25px\u00bb][vc_row_inner gap=\u00bb35&#8243; el_class=\u00bbbem&#8211;centerHorizontal\u00bb][vc_column_inner width=\u00bb1\/2&#8243; offset=\u00bbvc_col-md-5&#8243;][vc_single_image image=\u00bb757&#8243; img_size=\u00bb100xauto\u00bb][vc_column_text]<span class=\"itemTitle bem--primaryColor\">P\u00f3ngase en contacto con nosotros:<\/span><br \/>\nSi despu\u00e9s de una interrupci\u00f3n importante de la actividad no puede ponerse en contacto con nosotros como de costumbre en el n\u00famero +49 5461 88278 100, intente ponerse en contacto con nosotros por correo electr\u00f3nico escribi\u00e9ndonos a <a href=\"mailto:contact@spl.net\">contact@spl.net<\/a><\/p>\n<p>Si se produce un problema en nuestras instalaciones de oficinas, trasladaremos nuestras operaciones a un sitio alternativo cuando sea necesario y esperamos recuperarnos y reanudar nuestra actividad en un plazo de 24 a 48 horas.[\/vc_column_text][\/vc_column_inner][vc_column_inner width=\u00bb1\/2&#8243; offset=\u00bbvc_col-md-5&#8243;][vc_single_image image=\u00bb758&#8243; img_size=\u00bb100xauto\u00bb][vc_column_text]<span class=\"itemTitle bem--primaryColor\">Nuestro Plan de Continuidad de Negocio:<\/span><br \/>\nNuestro Plan de Continuidad de Negocio est\u00e1 dise\u00f1ado para identificar las funciones cr\u00edticas del negocio y reanudar las operaciones lo antes posible, en funci\u00f3n del tama\u00f1o y la gravedad de la interrupci\u00f3n presentada. Nuestro objetivo principal es la salud y la seguridad de nuestros empleados, volver a la normalidad con nuestros clientes, salvaguardar nuestros activos y proteger los registros y la propiedad de la empresa.[\/vc_column_text][\/vc_column_inner][\/vc_row_inner][vc_row_inner gap=\u00bb35&#8243; el_class=\u00bbbem&#8211;centerHorizontal\u00bb][vc_column_inner width=\u00bb1\/2&#8243; offset=\u00bbvc_col-md-5&#8243;][vc_single_image image=\u00bb759&#8243; img_size=\u00bb100xauto\u00bb][vc_column_text]<span class=\"itemTitle bem--primaryColor\">Nuestra continuidad de Negocio<br \/>\nEl plan aborda:<\/span><br \/>\nTodos los sistemas de misi\u00f3n cr\u00edtica, copia de seguridad y recuperaci\u00f3n de datos; evaluaciones financieras y operativas; comunicaciones alternativas con clientes, empleados, ubicaci\u00f3n f\u00edsica alternativa de los empleados; y proveedores y contratistas cr\u00edticos.[\/vc_column_text][\/vc_column_inner][vc_column_inner width=\u00bb1\/2&#8243; offset=\u00bbvc_col-md-5&#8243;][vc_single_image image=\u00bb760&#8243; img_size=\u00bb100xauto\u00bb][vc_column_text]<span class=\"itemTitle bem--primaryColor\">Interrupciones diversas:<\/span><br \/>\nLas interrupciones significativas de la actividad empresarial pueden variar en su alcance y depender de la ubicaci\u00f3n del distrito empresarial, la ubicaci\u00f3n de la ciudad o la regi\u00f3n. Dentro de cada uno de estos lugares, la gravedad de la perturbaci\u00f3n puede variar de m\u00ednima a grave. En cualquiera de los dos casos, tenemos previsto continuar con la actividad, transferir las operaciones a otras ubicaciones y mantenerles informados en nuestro sitio web.[\/vc_column_text][\/vc_column_inner][\/vc_row_inner][vc_empty_space height=\u00bb25px\u00bb][\/vc_column][\/vc_row][vc_row full_width=\u00bbstretch_row_content_no_spaces\u00bb][vc_column css=\u00bb.vc_custom_1653931124290{padding-top: 0px !important;}\u00bb][vc_raw_html css=\u00bb.vc_custom_1668198530759{margin-bottom: 0px !important;}\u00bb]JTVCc2MlMjBuYW1lJTNEJTIyZ2xvYmFsYmxvY2tfY29udGFjdGFub3MlMjIlNUQlNUIlMkZzYyU1RA==[\/vc_raw_html][\/vc_column][\/vc_row]<\/p>\n<\/div>","protected":false},"excerpt":{"rendered":"<p>[vc_row full_width=\u00bbstretch_row\u00bb content_placement=\u00bbmiddle\u00bb css=\u00bb.vc_custom_1654540007749{background-image: url(https:\/\/spl-group.com\/wp-content\/uploads\/business-continuityPlan-sl-main.jpg?id=756) !important;background-position: center !important;background-repeat: no-repeat !important;background-size: cover !important;}\u00bb el_class=\u00bbmainHero\u00bb][vc_column][vc_column_text] Plan de Continuidad del Negocio [\/vc_column_text][\/vc_column][\/vc_row][vc_row css=\u00bb.vc_custom_1653698870370{padding-top: 50px !important;padding-bottom: 50px !important;}\u00bb][vc_column offset=\u00bbvc_col-lg-offset-1 vc_col-lg-10&#8243;][vc_column_text]De<span class=\"excerpt-hellip\"> [\u2026]<\/span><\/p>\n","protected":false},"author":4,"featured_media":0,"parent":13174,"menu_order":0,"comment_status":"closed","ping_status":"open","template":"","meta":{"_seopress_robots_primary_cat":"","_seopress_titles_title":"Plan de Continuidad de Negocios | Grupo SPL","_seopress_titles_desc":"En consonancia con una buena gesti\u00f3n, SPL desarroll\u00f3 procedimientos para responder a desastres naturales o eventos extremos que pueden afectar significativamente nuestro negocio.","_seopress_robots_index":"","footnotes":""},"class_list":["post-13199","page","type-page","status-publish","hentry"],"_links":{"self":[{"href":"https:\/\/spl-group.com\/es\/wp-json\/wp\/v2\/pages\/13199","targetHints":{"allow":["GET"]}}],"collection":[{"href":"https:\/\/spl-group.com\/es\/wp-json\/wp\/v2\/pages"}],"about":[{"href":"https:\/\/spl-group.com\/es\/wp-json\/wp\/v2\/types\/page"}],"author":[{"embeddable":true,"href":"https:\/\/spl-group.com\/es\/wp-json\/wp\/v2\/users\/4"}],"replies":[{"embeddable":true,"href":"https:\/\/spl-group.com\/es\/wp-json\/wp\/v2\/comments?post=13199"}],"version-history":[{"count":1,"href":"https:\/\/spl-group.com\/es\/wp-json\/wp\/v2\/pages\/13199\/revisions"}],"predecessor-version":[{"id":13217,"href":"https:\/\/spl-group.com\/es\/wp-json\/wp\/v2\/pages\/13199\/revisions\/13217"}],"up":[{"embeddable":true,"href":"https:\/\/spl-group.com\/es\/wp-json\/wp\/v2\/pages\/13174"}],"wp:attachment":[{"href":"https:\/\/spl-group.com\/es\/wp-json\/wp\/v2\/media?parent=13199"}],"curies":[{"name":"wp","href":"https:\/\/api.w.org\/{rel}","templated":true}]}}