{"id":13194,"date":"2022-06-06T19:36:35","date_gmt":"2022-06-06T19:36:35","guid":{"rendered":"https:\/\/spl-group.com\/sobre-nosotros\/localizaciones-de-spl\/"},"modified":"2022-06-06T19:36:35","modified_gmt":"2022-06-06T19:36:35","slug":"localizaciones-de-spl","status":"publish","type":"page","link":"https:\/\/spl-group.com\/es\/sobre-nosotros\/localizaciones-de-spl\/","title":{"rendered":"Localizaciones de SPL"},"content":{"rendered":"<div class=\"wpb-content-wrapper\"><p>[vc_row full_width=\u00bbstretch_row\u00bb content_placement=\u00bbmiddle\u00bb css=\u00bb.vc_custom_1654542051890{background-image: url(https:\/\/spl-group.com\/wp-content\/uploads\/locations-sl-main.jpg?id=775) !important;background-position: center !important;background-repeat: no-repeat !important;background-size: cover !important;}\u00bb el_class=\u00bbmainHero\u00bb][vc_column][vc_column_text]<\/p>\n<h1 class=\"title bem--whiteColor bem--shadowText\">Localizaciones de SPL<\/h1>\n<p>[\/vc_column_text][\/vc_column][\/vc_row][vc_row full_width=\u00bbstretch_row\u00bb gap=\u00bb35&#8243;][vc_column css_animation=\u00bbfadeIn\u00bb width=\u00bb5\/6&#8243; offset=\u00bbvc_col-sm-offset-1&#8243;][vc_row_inner el_class=\u00bbbem&#8211;centerHorizontal\u00bb][vc_column_inner width=\u00bb1\/3&#8243;][vc_single_image image=\u00bb792&#8243; img_size=\u00bb100xauto\u00bb][vc_column_text]<span class=\"itemTitle bem--primaryColor\">Europa:<\/span><br \/>\n<strong><span class=\"bem--primaryColor\">SPL COMPUTER TRADING GMBH<\/span><\/strong><br \/>\nParque industrial de Hesepe<br \/>\nCalle de la Industria 32<br \/>\n49565 Bramsche, Alemania<br \/>\n<strong>Tel\u00e9fono:<\/strong> +49 5461 88278 100[\/vc_column_text][vc_empty_space height=\u00bb10px\u00bb][\/vc_column_inner][vc_column_inner width=\u00bb1\/3&#8243;][vc_single_image image=\u00bb792&#8243; img_size=\u00bb100xauto\u00bb][vc_column_text]<span class=\"itemTitle bem--primaryColor\">Am\u00e9rica del Norte:<\/span><br \/>\n<strong><span class=\"bem--primaryColor\">SPL GROUP USA, INC.<\/span><\/strong><br \/>\nParque Comercial Andrews<br \/>\n2050 Andrews Ave. #103<br \/>\nPompano Beach, FL 33069, Estados Unidos<br \/>\n<strong>Tel\u00e9fono:<\/strong> (866) 899-0666[\/vc_column_text][vc_empty_space height=\u00bb10px\u00bb][\/vc_column_inner][vc_column_inner width=\u00bb1\/3&#8243;][vc_single_image image=\u00bb759&#8243; img_size=\u00bb100xauto\u00bb][vc_column_text]<span class=\"itemTitle bem--primaryColor\">\u00c1frica:<\/span><br \/>\n<strong><span class=\"bem--primaryColor\">SOLUCIONES EMPRESARIALES SPL<br \/>\nNIGERIA LIMITED<\/span><\/strong><br \/>\nDistrito comercial central<br \/>\nCalle Bayo Ajayi, 4<br \/>\nAgidingbi Ikeja, Lagos, Nigeria<br \/>\n<strong>Tel\u00e9fono:<\/strong> +234 809 941 6666[\/vc_column_text][vc_empty_space height=\u00bb10px\u00bb][\/vc_column_inner][\/vc_row_inner][vc_column_text el_class=\u00bbrandomEmailBlock bem&#8211;centerText\u00bb]<span class=\"itemTitle bem--primaryColor\"><i class=\"fa fa-envelope bem--secondaryColor\"> <\/i> contact@spl.net<\/span>[\/vc_column_text][\/vc_column][\/vc_row][vc_row full_width=\u00bbstretch_row\u00bb css=\u00bb.vc_custom_1654543744027{background-color: #f5f5f5 !important;}\u00bb][vc_column offset=\u00bbvc_col-md-offset-1 vc_col-md-10&#8243;][vc_empty_space height=\u00bb10px\u00bb][vc_column_text]La orientaci\u00f3n internacional de SPL se ha ampliado con la incorporaci\u00f3n de SPL Business Solutions Nigeria Ltd. en 2012. Con esta sucursal, SPL tiene la capacidad de captar las necesidades de sus clientes en \u00c1frica.<\/p>\n<p>SPL Business Solutions Nigeria Ltd es un orgulloso socio de los siguientes fabricantes:[\/vc_column_text][vc_empty_space height=\u00bb10px\u00bb][\/vc_column][\/vc_row][vc_row full_width=\u00bbstretch_row\u00bb gap=\u00bb35&#8243;][vc_column css_animation=\u00bbfadeIn\u00bb][vc_row_inner el_class=\u00bbbem&#8211;centerHorizontal\u00bb][vc_column_inner width=\u00bb1\/3&#8243; offset=\u00bbvc_col-lg-3&#8243;][vc_column_text]<span class=\"itemTitle bem--primaryColor\">Avaya, Inc.<\/span><br \/>\nAyava, Inc. es la empresa multinacional l\u00edder especializada en soluciones de comunicaci\u00f3n empresarial multicanal para la participaci\u00f3n de clientes y equipos. Actualmente, Avaya da servicio a m\u00e1s del 95% de las organizaciones de la lista Fortune 500 en todo el mundo, con oficinas en 145 pa\u00edses.<\/p>\n<p>Avaya ofrece la pr\u00f3xima generaci\u00f3n de soluciones de comunicaci\u00f3n para instituciones bancarias y financieras. Avaya es conocida por ofrecer experiencias de cliente multicanal consistentes y de alta calidad, por favor, consulte su p\u00e1gina web para obtener informaci\u00f3n adicional, incluyendo estudios de casos:<\/p>\n<p><a href=\"http:\/\/www.avaya.com\">www.avaya.com<\/a>[\/vc_column_text][vc_empty_space height=\u00bb10px\u00bb][\/vc_column_inner][vc_column_inner width=\u00bb1\/3&#8243; offset=\u00bbvc_col-lg-3&#8243;][vc_column_text]<span class=\"itemTitle bem--primaryColor\"> Diebold Nixdorf, Inc.<\/span><br \/>\nDiebold Nixdorf, Inc. es un proveedor estrat\u00e9gico, de punta a punta de servicios, software, hardware y seguridad. Ofrecen una cartera integrada y completa de software, sistemas y servicios para la banca minorista.<\/p>\n<p>#N\u00famero 1 en sistemas de venta al por menor en Europa<br \/>\n#N\u00ba 1 en cajeros autom\u00e1ticos instalados en todo el mundo<br \/>\nSirve a la mayor\u00eda de las 100 principales instituciones financieras del mundo<br \/>\nTiene aproximadamente el 31% de la cuota de mercado mundial de los cajeros autom\u00e1ticos<br \/>\nL\u00edder mundial del mercado ADT<br \/>\nClasificaci\u00f3n anual constante entre las 10 primeras en el ranking FinTech de IDC<\/p>\n<p><a href=\"http:\/\/www.dieboldnixdorf.com\/en-us\/\">www.dieboldnixdorf.com\/en-us\/<\/a>[\/vc_column_text][vc_empty_space height=\u00bb10px\u00bb][\/vc_column_inner][vc_column_inner width=\u00bb1\/3&#8243; offset=\u00bbvc_col-lg-3&#8243;][vc_column_text]<span class=\"itemTitle bem--primaryColor\">Corporaci\u00f3n EMC<\/span><br \/>\nEMC ofrece almacenamiento de datos, seguridad de la informaci\u00f3n, virtualizaci\u00f3n, an\u00e1lisis, cloud computing y productos y servicios relacionados que permiten a las empresas almacenar, gestionar, proteger y analizar los datos. Entre los clientes habituales de EMC se encuentran tanto grandes empresas como peque\u00f1as y medianas empresas de diversos mercados verticales. Con m\u00e1s de 60.000 empleados, EMC es el mayor proveedor de sistemas de almacenamiento de datos. Para obtener m\u00e1s informaci\u00f3n, incluidos estudios de casos y libros blancos, visite:<\/p>\n<p><a href=\"http:\/\/www.emc.com\">www.emc.com<\/a>[\/vc_column_text][vc_empty_space height=\u00bb10px\u00bb][\/vc_column_inner][vc_column_inner width=\u00bb1\/3&#8243; offset=\u00bbvc_col-lg-3&#8243;][vc_column_text]<span class=\"itemTitle bem--primaryColor\">AppRiver, Inc.<\/span><br \/>\nAppRiver es la empresa l\u00edder en seguridad web y de correo electr\u00f3nico. En la actualidad, cerca de 50.000 clientes conf\u00edan en los productos de AppRiver, entre los que se incluyen el filtrado de spam y virus, la protecci\u00f3n contra el malware en la web, el cifrado del correo electr\u00f3nico, el descubrimiento electr\u00f3nico y el archivado, el alojamiento seguro de Exchange y Office356 Plus. Con una tasa de retenci\u00f3n superior al 93%, AppRiver demuestra la fiabilidad de sus productos al tiempo que se adelanta a las amenazas a las que se enfrentan las empresas de hoy en d\u00eda en el cada vez m\u00e1s traicionero mundo online. Para ver m\u00e1s estudios de casos y libros blancos de AppRiver, consulte:<\/p>\n<p><a href=\"http:\/\/www.appriver.com\">www.appriver.com<\/a>[\/vc_column_text][vc_empty_space height=\u00bb10px\u00bb][\/vc_column_inner][\/vc_row_inner][\/vc_column][\/vc_row][vc_row full_width=\u00bbstretch_row\u00bb el_class=\u00bbbem&#8211;gradientBG\u00bb][vc_column width=\u00bb5\/6&#8243; offset=\u00bbvc_col-sm-offset-1&#8243;][vc_empty_space height=\u00bb50px\u00bb][vc_column_text el_class=\u00bbbem&#8211;centerText bem&#8211;whiteColor\u00bb]<\/p>\n<h2 class=\"title bem--whiteColor\">Contacto<\/h2>\n<p>\u00bfEst\u00e1 interesado en convertirse en socio local de SPL?<\/p>\n<p>[\/vc_column_text][vc_empty_space height=\u00bb10px\u00bb][vc_raw_html el_id=\u00bblocationsContactForm\u00bb]JTVCbmluamFfZm9ybSUyMGlkJTNEMiU1RA==[\/vc_raw_html][vc_empty_space height=\u00bb75px\u00bb el_class=\u00bbvc_hidden-xs\u00bb][\/vc_column][\/vc_row]<\/p>\n<\/div>","protected":false},"excerpt":{"rendered":"<p>[vc_row full_width=\u00bbstretch_row\u00bb content_placement=\u00bbmiddle\u00bb css=\u00bb.vc_custom_1654542051890{background-image: url(https:\/\/spl-group.com\/wp-content\/uploads\/locations-sl-main.jpg?id=775) !important;background-position: center !important;background-repeat: no-repeat !important;background-size: cover !important;}\u00bb el_class=\u00bbmainHero\u00bb][vc_column][vc_column_text] Localizaciones de SPL [\/vc_column_text][\/vc_column][\/vc_row][vc_row full_width=\u00bbstretch_row\u00bb gap=\u00bb35&#8243;][vc_column css_animation=\u00bbfadeIn\u00bb width=\u00bb5\/6&#8243; offset=\u00bbvc_col-sm-offset-1&#8243;][vc_row_inner el_class=\u00bbbem&#8211;centerHorizontal\u00bb][vc_column_inner width=\u00bb1\/3&#8243;][vc_single_image image=\u00bb792&#8243; img_size=\u00bb100xauto\u00bb][vc_column_text]Europa:<span class=\"excerpt-hellip\"> [\u2026]<\/span><\/p>\n","protected":false},"author":4,"featured_media":0,"parent":13174,"menu_order":0,"comment_status":"closed","ping_status":"open","template":"","meta":{"_seopress_robots_primary_cat":"","_seopress_titles_title":"SPL Locations | SPL Group","_seopress_titles_desc":"The international orientation of SPL has expanded, we are well positioned to cater to your needs from our strategic locations in Europe, The Americas & Africa","_seopress_robots_index":"","footnotes":""},"class_list":["post-13194","page","type-page","status-publish","hentry"],"_links":{"self":[{"href":"https:\/\/spl-group.com\/es\/wp-json\/wp\/v2\/pages\/13194","targetHints":{"allow":["GET"]}}],"collection":[{"href":"https:\/\/spl-group.com\/es\/wp-json\/wp\/v2\/pages"}],"about":[{"href":"https:\/\/spl-group.com\/es\/wp-json\/wp\/v2\/types\/page"}],"author":[{"embeddable":true,"href":"https:\/\/spl-group.com\/es\/wp-json\/wp\/v2\/users\/4"}],"replies":[{"embeddable":true,"href":"https:\/\/spl-group.com\/es\/wp-json\/wp\/v2\/comments?post=13194"}],"version-history":[{"count":0,"href":"https:\/\/spl-group.com\/es\/wp-json\/wp\/v2\/pages\/13194\/revisions"}],"up":[{"embeddable":true,"href":"https:\/\/spl-group.com\/es\/wp-json\/wp\/v2\/pages\/13174"}],"wp:attachment":[{"href":"https:\/\/spl-group.com\/es\/wp-json\/wp\/v2\/media?parent=13194"}],"curies":[{"name":"wp","href":"https:\/\/api.w.org\/{rel}","templated":true}]}}