{"id":13192,"date":"2022-06-06T04:52:15","date_gmt":"2022-06-06T04:52:15","guid":{"rendered":"https:\/\/spl-group.com\/sobre-nosotros\/gestion-de-la-calidad\/"},"modified":"2022-11-11T20:30:09","modified_gmt":"2022-11-11T20:30:09","slug":"gestion-de-la-calidad","status":"publish","type":"page","link":"https:\/\/spl-group.com\/es\/sobre-nosotros\/gestion-de-la-calidad\/","title":{"rendered":"Gesti\u00f3n de la Calidad"},"content":{"rendered":"<div class=\"wpb-content-wrapper\"><p>[vc_row full_width=\u00bbstretch_row\u00bb content_placement=\u00bbmiddle\u00bb css=\u00bb.vc_custom_1654486270746{background-image: url(https:\/\/spl-group.com\/wp-content\/uploads\/Quality-Management-sl.jpg?id=670) !important;background-position: center !important;background-repeat: no-repeat !important;background-size: cover !important;}\u00bb el_class=\u00bbmainHero\u00bb][vc_column][vc_column_text]<\/p>\n<h1 class=\"title bem--whiteColor bem--shadowText\">Gesti\u00f3n de la Calidad<\/h1>\n<p>[\/vc_column_text][\/vc_column][\/vc_row][vc_row css=\u00bb.vc_custom_1654621520584{padding-top: 30px !important;padding-bottom: 10px !important;}\u00bb][vc_column offset=\u00bbvc_col-lg-offset-0 vc_col-lg-10 vc_col-sm-offset-0&#8243;][vc_column_text]<span class=\"itemTitle inline bem--primaryColor\">Gesti\u00f3n de la Calidad &#8211; Grupo SPL<\/span><br \/>\nLa calidad es uno de los tres principios operativos del Grupo SPL y siempre buscamos formas de mejorar la eficacia y la eficiencia de la calidad de nuestros productos y servicios. El Grupo SPL se convirti\u00f3 voluntariamente en una empresa que cumple con la norma ISO 9001:2015. Alineado con la visi\u00f3n y los valores corporativos de SPL, el cumplimiento de la norma ISO 9001:2015 incluye ocho principios de gesti\u00f3n de la calidad, todos ellos valores fundamentales que conforman y rigen la conducta del Grupo SPL en el mercado. Adem\u00e1s, la norma ISO 9001 cumple los requisitos legales y reglamentarios relacionados con los sistemas de gesti\u00f3n de la calidad y asegura las buenas pr\u00e1cticas empresariales y de gesti\u00f3n.<\/p>\n<p><span class=\"itemTitle inline bem--primaryColor\">Mayor Confianza de los Clientes<\/span><br \/>\nOfrecemos m\u00f3dulos y m\u00e1quinas de alta calidad, lo que da a nuestros clientes la confianza de que todas las piezas utilizadas para las reparaciones o el reacondicionamiento son de m\u00e1xima calidad y el reacondicionamiento se realiza siguiendo las \u00faltimas directrices de la industria. Con nuestro proceso de control de calidad, los clientes pueden comparar la calidad de las piezas de repuesto reacondicionadas y recicladas en el mercado. Nuestro proceso de control de calidad permite a nuestros clientes identificar los criterios que distinguen a las partes y m\u00f3dulos de servicio reacondicionados de alta calidad frente a los est\u00e1ndares inferiores utilizados por muchos de nuestros competidores.[\/vc_column_text][\/vc_column][vc_column width=\u00bb1\/4&#8243; offset=\u00bbvc_col-lg-offset-0 vc_col-lg-2 vc_col-sm-offset-4 vc_col-xs-offset-3 vc_col-xs-6&#8243;][vc_single_image image=\u00bb860&#8243; img_size=\u00bb250xauto\u00bb alignment=\u00bbcenter\u00bb][\/vc_column][\/vc_row][vc_row css=\u00bb.vc_custom_1654621110497{margin-bottom: 4% !important;}\u00bb][vc_column offset=\u00bbvc_col-lg-offset-0 vc_col-lg-10&#8243;][vc_column_text]<span class=\"itemTitle inline bem--primaryColor\">La Gesti\u00f3n de la Calidad &#8211; Grupo SPL<\/span>[\/vc_column_text][\/vc_column][\/vc_row][vc_row css=\u00bb.vc_custom_1654489746955{padding-left: 10% !important;}\u00bb][vc_column width=\u00bb1\/12&#8243; offset=\u00bbvc_col-lg-offset-0 vc_col-sm-offset-0 vc_col-xs-5 vc_hidden-xs\u00bb][vc_single_image image=\u00bb674&#8243; img_size=\u00bb80&#215;90&#8243; alignment=\u00bbcenter\u00bb][\/vc_column][vc_column width=\u00bb1\/4&#8243; offset=\u00bbvc_col-lg-2 vc_col-xs-5 vc_hidden-xs\u00bb][vc_column_text]Ejecutar un set completo de pruebas espec\u00edficas para el m\u00f3dulo y realizar una revisi\u00f3n completa.[\/vc_column_text][\/vc_column][vc_column width=\u00bb1\/12&#8243; offset=\u00bbvc_col-xs-5 vc_hidden-xs\u00bb][vc_single_image image=\u00bb706&#8243; img_size=\u00bb80&#215;90&#8243; alignment=\u00bbcenter\u00bb][\/vc_column][vc_column width=\u00bb1\/4&#8243; offset=\u00bbvc_col-lg-2 vc_col-xs-5 vc_hidden-xs\u00bb][vc_column_text]Generar un informe de pruebas completo e incluir una copia para el cliente.[\/vc_column_text][\/vc_column][vc_column width=\u00bb1\/12&#8243; offset=\u00bbvc_col-xs-5 vc_hidden-xs\u00bb][vc_single_image image=\u00bb707&#8243; img_size=\u00bb80&#215;90&#8243; alignment=\u00bbcenter\u00bb][\/vc_column][vc_column width=\u00bb1\/4&#8243; offset=\u00bbvc_col-lg-2 vc_col-xs-5 vc_hidden-xs\u00bb][vc_column_text]Colocar el sello de calidad SPL en cada m\u00f3dulo.[\/vc_column_text][\/vc_column][\/vc_row][vc_row css=\u00bb.vc_custom_1654621134393{margin-bottom: 20px !important;}\u00bb][vc_column width=\u00bb1\/2&#8243; offset=\u00bbvc_col-lg-offset-1 vc_col-lg-5 vc_hidden-lg vc_hidden-md vc_hidden-sm vc_col-xs-offset-1 vc_col-xs-3&#8243;][vc_single_image image=\u00bb674&#8243; img_size=\u00bb80&#215;90&#8243; alignment=\u00bbcenter\u00bb][\/vc_column][vc_column width=\u00bb1\/2&#8243; offset=\u00bbvc_hidden-lg vc_hidden-md vc_hidden-sm vc_col-xs-7&#8243;][vc_column_text]Ejecutar un set completo de pruebas espec\u00edficas para el m\u00f3dulo y realizar una revisi\u00f3n completa.[\/vc_column_text][\/vc_column][\/vc_row][vc_row css=\u00bb.vc_custom_1654621144382{margin-bottom: 20px !important;}\u00bb][vc_column width=\u00bb1\/2&#8243; offset=\u00bbvc_col-lg-offset-1 vc_col-lg-5 vc_hidden-lg vc_hidden-md vc_hidden-sm vc_col-xs-offset-1 vc_col-xs-3&#8243;][vc_single_image image=\u00bb706&#8243; img_size=\u00bb80&#215;90&#8243; alignment=\u00bbcenter\u00bb][\/vc_column][vc_column width=\u00bb1\/2&#8243; offset=\u00bbvc_hidden-lg vc_hidden-md vc_hidden-sm vc_col-xs-7&#8243;][vc_column_text]Generar un informe de pruebas completo e incluir una copia para el cliente.[\/vc_column_text][\/vc_column][\/vc_row][vc_row css=\u00bb.vc_custom_1654621151374{margin-bottom: 20px !important;}\u00bb][vc_column width=\u00bb1\/2&#8243; offset=\u00bbvc_col-lg-offset-1 vc_col-lg-5 vc_hidden-lg vc_hidden-md vc_hidden-sm vc_col-xs-offset-1 vc_col-xs-3&#8243;][vc_single_image image=\u00bb707&#8243; img_size=\u00bb80&#215;90&#8243; alignment=\u00bbcenter\u00bb][\/vc_column][vc_column width=\u00bb1\/2&#8243; offset=\u00bbvc_hidden-lg vc_hidden-md vc_hidden-sm vc_col-xs-7&#8243;][vc_column_text]Colocar el sello de calidad SPL en cada m\u00f3dulo.[\/vc_column_text][\/vc_column][\/vc_row][vc_row css=\u00bb.vc_custom_1654622018461{margin-bottom: 5% !important;}\u00bb][vc_column offset=\u00bbvc_col-lg-offset-0 vc_col-lg-10&#8243;][vc_column_text]<span class=\"itemTitle inline bem--primaryColor\">El proceso de control de calidad de SPL garantiza la entrega de piezas de servicio repuestos renovados de alta calidad, proporciona y establece el punto de referencia para comparar la calidad y el precio con otros proveedores de repuestos.<\/span>[\/vc_column_text][\/vc_column][\/vc_row][vc_row full_width=\u00bbstretch_row\u00bb gap=\u00bb35&#8243; css=\u00bb.vc_custom_1653699456815{background-color: #f5f5f5 !important;}\u00bb][vc_column width=\u00bb5\/6&#8243; offset=\u00bbvc_col-sm-offset-1&#8243;][vc_empty_space height=\u00bb25px\u00bb][vc_row_inner el_class=\u00bbbem&#8211;centerHorizontal\u00bb][vc_column_inner width=\u00bb1\/2&#8243; offset=\u00bbvc_col-lg-offset-1 vc_col-md-5 vc_col-xs-5&#8243;][vc_single_image image=\u00bb699&#8243; img_size=\u00bb100xauto\u00bb][vc_column_text]<span class=\"itemTitle bem--primaryColor\">Descargas<\/span><br \/>\n[\/vc_column_text][\/vc_column_inner][vc_column_inner width=\u00bb1\/2&#8243; offset=\u00bbvc_col-md-5 vc_col-xs-5&#8243;][vc_single_image image=\u00bb700&#8243; img_size=\u00bb100xauto\u00bb][vc_column_text]Descargar el informe de la prueba de calidad[\/vc_column_text][\/vc_column_inner][\/vc_row_inner][vc_empty_space height=\u00bb25px\u00bb][\/vc_column][\/vc_row][vc_row full_width=\u00bbstretch_row_content_no_spaces\u00bb][vc_column css=\u00bb.vc_custom_1653931124290{padding-top: 0px !important;}\u00bb][vc_raw_html css=\u00bb.vc_custom_1668198605718{margin-bottom: 0px !important;}\u00bb]JTVCc2MlMjBuYW1lJTNEJTIyZ2xvYmFsYmxvY2tfY29udGFjdGFub3MlMjIlNUQlNUIlMkZzYyU1RA==[\/vc_raw_html][\/vc_column][\/vc_row]<\/p>\n<\/div>","protected":false},"excerpt":{"rendered":"<p>[vc_row full_width=\u00bbstretch_row\u00bb content_placement=\u00bbmiddle\u00bb css=\u00bb.vc_custom_1654486270746{background-image: url(https:\/\/spl-group.com\/wp-content\/uploads\/Quality-Management-sl.jpg?id=670) !important;background-position: center !important;background-repeat: no-repeat !important;background-size: cover !important;}\u00bb el_class=\u00bbmainHero\u00bb][vc_column][vc_column_text] Gesti\u00f3n de la Calidad [\/vc_column_text][\/vc_column][\/vc_row][vc_row css=\u00bb.vc_custom_1654621520584{padding-top: 30px !important;padding-bottom: 10px !important;}\u00bb][vc_column offset=\u00bbvc_col-lg-offset-0 vc_col-lg-10 vc_col-sm-offset-0&#8243;][vc_column_text]Gesti\u00f3n<span class=\"excerpt-hellip\"> [\u2026]<\/span><\/p>\n","protected":false},"author":5,"featured_media":0,"parent":13174,"menu_order":0,"comment_status":"closed","ping_status":"closed","template":"","meta":{"_seopress_robots_primary_cat":"","_seopress_titles_title":"Quality Management | SPL Group","_seopress_titles_desc":"Quality is one of SPL Group\u2019s three operating principles, we are always looking for ways to enhance the effectiveness and efficiency of our service quality.","_seopress_robots_index":"","footnotes":""},"class_list":["post-13192","page","type-page","status-publish","hentry"],"_links":{"self":[{"href":"https:\/\/spl-group.com\/es\/wp-json\/wp\/v2\/pages\/13192","targetHints":{"allow":["GET"]}}],"collection":[{"href":"https:\/\/spl-group.com\/es\/wp-json\/wp\/v2\/pages"}],"about":[{"href":"https:\/\/spl-group.com\/es\/wp-json\/wp\/v2\/types\/page"}],"author":[{"embeddable":true,"href":"https:\/\/spl-group.com\/es\/wp-json\/wp\/v2\/users\/5"}],"replies":[{"embeddable":true,"href":"https:\/\/spl-group.com\/es\/wp-json\/wp\/v2\/comments?post=13192"}],"version-history":[{"count":2,"href":"https:\/\/spl-group.com\/es\/wp-json\/wp\/v2\/pages\/13192\/revisions"}],"predecessor-version":[{"id":13218,"href":"https:\/\/spl-group.com\/es\/wp-json\/wp\/v2\/pages\/13192\/revisions\/13218"}],"up":[{"embeddable":true,"href":"https:\/\/spl-group.com\/es\/wp-json\/wp\/v2\/pages\/13174"}],"wp:attachment":[{"href":"https:\/\/spl-group.com\/es\/wp-json\/wp\/v2\/media?parent=13192"}],"curies":[{"name":"wp","href":"https:\/\/api.w.org\/{rel}","templated":true}]}}