{"id":13191,"date":"2022-05-27T20:11:36","date_gmt":"2022-05-27T20:11:36","guid":{"rendered":"https:\/\/spl-group.com\/sobre-nosotros\/cumplimiento-normativo\/"},"modified":"2022-11-11T20:31:39","modified_gmt":"2022-11-11T20:31:39","slug":"cumplimiento-normativo","status":"publish","type":"page","link":"https:\/\/spl-group.com\/es\/sobre-nosotros\/cumplimiento-normativo\/","title":{"rendered":"Cumplimiento Normativo"},"content":{"rendered":"<div class=\"wpb-content-wrapper\"><p>[vc_row full_width=\u00bbstretch_row\u00bb content_placement=\u00bbmiddle\u00bb css=\u00bb.vc_custom_1654119953671{background-image: url(https:\/\/spl-group.com\/wp-content\/uploads\/Compliancy.jpg?id=598) !important;background-position: center !important;background-repeat: no-repeat !important;background-size: cover !important;}\u00bb el_class=\u00bbmainHero\u00bb][vc_column][vc_column_text]<\/p>\n<h1 class=\"title bem--whiteColor bem--shadowText\">Cumplimiento Normativo<\/h1>\n<p>[\/vc_column_text][\/vc_column][\/vc_row][vc_row full_width=\u00bbstretch_row\u00bb gap=\u00bb35&#8243;][vc_column offset=\u00bbvc_col-lg-12 vc_col-md-12 vc_col-sm-offset-0&#8243;][vc_row_inner el_class=\u00bbbem&#8211;centerHorizontal\u00bb][vc_column_inner width=\u00bb1\/4&#8243; offset=\u00bbvc_col-lg-3 vc_col-md-3&#8243;][vc_single_image image=\u00bb356&#8243; img_size=\u00bb100xauto\u00bb][vc_column_text]<span class=\"itemTitle bem--primaryColor\">Cumplimiento Normativo<\/span><br \/>\nEl Grupo SPL y todas sus filiales llevan a cabo las operaciones comerciales, el servicio al cliente y la gesti\u00f3n del talento de acuerdo con las mejores pr\u00e1cticas y los m\u00e1s altos est\u00e1ndares. Nuestros tres principios operativos: calidad, atenci\u00f3n al cliente y servicios de valor a\u00f1adido conforman y rigen nuestra conducta en el mercado mundial. Cumplimos, y a menudo superamos, las normas m\u00e1s estrictas que respaldan una gesti\u00f3n adecuada en todos los pa\u00edses en los que operamos.[\/vc_column_text][vc_empty_space height=\u00bb10px\u00bb][\/vc_column_inner][vc_column_inner width=\u00bb1\/4&#8243; offset=\u00bbvc_col-lg-3 vc_col-md-3 vc_col-sm-offset-1&#8243;][vc_single_image image=\u00bb358&#8243; img_size=\u00bb100xauto\u00bb][vc_column_text]<span class=\"itemTitle bem--primaryColor\">Gesti\u00f3n del Talento<\/span><br \/>\nLos activos m\u00e1s importantes de la empresa son nuestros empleados y nos sentimos orgullosos de nuestros procesos de contrataci\u00f3n, formaci\u00f3n y retenci\u00f3n del talento humano. Somos una empresa que ofrece igualdad de oportunidades y nuestra cultura empresarial fomenta el respeto, el liderazgo, el trabajo en equipo, la integridad y la innovaci\u00f3n. Nuestros registros de salud y seguridad en el trabajo son excepcionales y mantenemos una tasa nula de lesiones y enfermedades laborales desde el inicio de la empresa.<br \/>\n[\/vc_column_text][vc_empty_space height=\u00bb10px\u00bb][\/vc_column_inner][vc_column_inner width=\u00bb1\/3&#8243; offset=\u00bbvc_col-lg-3 vc_col-sm-offset-1&#8243;][vc_single_image image=\u00bb359&#8243; img_size=\u00bb100xauto\u00bb][vc_column_text]<span class=\"itemTitle bem--primaryColor\">Formaci\u00f3n<\/span><br \/>\nNuestros t\u00e9cnicos e ingenieros reciben una formaci\u00f3n de primera clase en nuestras instalaciones. Al final de la formaci\u00f3n, la persona aumenta sus habilidades y obtiene nuestro certificado de t\u00e9cnico especializado en cajeros autom\u00e1ticos. Ofrecemos opciones de mejora y potenciamiento en determinadas locaciones. Nuestro programa de formaci\u00f3n est\u00e1 reconocido entre los profesionales del sector de los cajeros autom\u00e1ticos y recientemente lo hemos ampliado a nuestros clientes ofreci\u00e9ndoles formaci\u00f3n in situ y en sus propias instalaciones.<\/p>\n<p>[\/vc_column_text][vc_empty_space height=\u00bb10px\u00bb][\/vc_column_inner][\/vc_row_inner][vc_row_inner el_class=\u00bbbem&#8211;centerHorizontal\u00bb][vc_column_inner width=\u00bb1\/4&#8243; offset=\u00bbvc_col-lg-3 vc_col-md-3&#8243;][vc_single_image image=\u00bb360&#8243; img_size=\u00bb100xauto\u00bb][vc_column_text]<span class=\"itemTitle bem--primaryColor\">Responsabilidad Social y Gesti\u00f3n Medioambiental<br \/>\n<\/span><br \/>\nNos preocupamos por el medio ambiente y hemos tomado medidas para demostrarlo. Hemos puesto en marcha un programa de responsabilidad social en toda la empresa que abarca el tema energ\u00e9tico, la gesti\u00f3n de residuos, las emisiones de gases de efecto invernadero y la salud y seguridad en el trabajo. Cumplimos la norma ISO 14001 y nuestro objetivo es obtener la certificaci\u00f3n para todas nuestras filiales a fin de minimizar el impacto medioambiental de nuestros procesos, productos y servicios.[\/vc_column_text][vc_empty_space height=\u00bb10px\u00bb][\/vc_column_inner][vc_column_inner width=\u00bb1\/4&#8243; offset=\u00bbvc_col-lg-3 vc_col-md-3 vc_col-sm-offset-1&#8243;][vc_single_image image=\u00bb361&#8243; img_size=\u00bb100xauto\u00bb][vc_column_text]<span class=\"itemTitle bem--primaryColor\">Compromiso Centrado en el Cliente<\/span><br \/>\nEl Grupo SPL cumple con la norma ISO 9001:2015. El proceso de certificaci\u00f3n es voluntario, abarca una serie de principios de gesti\u00f3n de la calidad y garantiza que los clientes reciban productos y servicios de calidad constante y excepcional.[\/vc_column_text][vc_empty_space height=\u00bb10px\u00bb][\/vc_column_inner][vc_column_inner width=\u00bb1\/4&#8243; offset=\u00bbvc_col-lg-3 vc_col-md-3 vc_col-sm-offset-1&#8243;][vc_single_image image=\u00bb363&#8243; img_size=\u00bb100xauto\u00bb][vc_column_text]<span class=\"itemTitle bem--primaryColor\">Reciclaje de Equipos Electr\u00f3nicos<\/span><br \/>\nSeguimos las pr\u00e1cticas descritas en R2-2013. Establece las mejores pr\u00e1cticas del sector para proteger a los trabajadores, la seguridad de los datos y el medio ambiente. La designaci\u00f3n \u00abR2 Certified\u00bb significa que las empresas han superado una inspecci\u00f3n anual de varios d\u00edas realizada por un organismo certificador externo y que se ha comprobado que cumplen todos los requisitos de la norma R2 para la reventa y el reciclaje de equipos electr\u00f3nicos.[\/vc_column_text][vc_empty_space height=\u00bb10px\u00bb][\/vc_column_inner][\/vc_row_inner][\/vc_column][\/vc_row][vc_row full_width=\u00bbstretch_row_content_no_spaces\u00bb][vc_column][vc_raw_html css=\u00bb.vc_custom_1668198695627{margin-bottom: 0px !important;}\u00bb]JTVCc2MlMjBuYW1lJTNEJTIyZ2xvYmFsYmxvY2tfY29udGFjdGFub3MlMjIlNUQlNUIlMkZzYyU1RA==[\/vc_raw_html][\/vc_column][\/vc_row]<\/p>\n<\/div>","protected":false},"excerpt":{"rendered":"<p>[vc_row full_width=\u00bbstretch_row\u00bb content_placement=\u00bbmiddle\u00bb css=\u00bb.vc_custom_1654119953671{background-image: url(https:\/\/spl-group.com\/wp-content\/uploads\/Compliancy.jpg?id=598) !important;background-position: center !important;background-repeat: no-repeat !important;background-size: cover !important;}\u00bb el_class=\u00bbmainHero\u00bb][vc_column][vc_column_text] Cumplimiento Normativo [\/vc_column_text][\/vc_column][\/vc_row][vc_row full_width=\u00bbstretch_row\u00bb gap=\u00bb35&#8243;][vc_column offset=\u00bbvc_col-lg-12 vc_col-md-12 vc_col-sm-offset-0&#8243;][vc_row_inner el_class=\u00bbbem&#8211;centerHorizontal\u00bb][vc_column_inner width=\u00bb1\/4&#8243; offset=\u00bbvc_col-lg-3 vc_col-md-3&#8243;][vc_single_image image=\u00bb356&#8243;<span class=\"excerpt-hellip\"> [\u2026]<\/span><\/p>\n","protected":false},"author":5,"featured_media":0,"parent":13174,"menu_order":0,"comment_status":"closed","ping_status":"closed","template":"","meta":{"_seopress_robots_primary_cat":"","_seopress_titles_title":"Compliancy | SPL Group","_seopress_titles_desc":"SPL Group conduct business operations, customer service and talent management according to best practices and high standards guided by our key principles.","_seopress_robots_index":"","footnotes":""},"class_list":["post-13191","page","type-page","status-publish","hentry"],"_links":{"self":[{"href":"https:\/\/spl-group.com\/es\/wp-json\/wp\/v2\/pages\/13191","targetHints":{"allow":["GET"]}}],"collection":[{"href":"https:\/\/spl-group.com\/es\/wp-json\/wp\/v2\/pages"}],"about":[{"href":"https:\/\/spl-group.com\/es\/wp-json\/wp\/v2\/types\/page"}],"author":[{"embeddable":true,"href":"https:\/\/spl-group.com\/es\/wp-json\/wp\/v2\/users\/5"}],"replies":[{"embeddable":true,"href":"https:\/\/spl-group.com\/es\/wp-json\/wp\/v2\/comments?post=13191"}],"version-history":[{"count":1,"href":"https:\/\/spl-group.com\/es\/wp-json\/wp\/v2\/pages\/13191\/revisions"}],"predecessor-version":[{"id":13219,"href":"https:\/\/spl-group.com\/es\/wp-json\/wp\/v2\/pages\/13191\/revisions\/13219"}],"up":[{"embeddable":true,"href":"https:\/\/spl-group.com\/es\/wp-json\/wp\/v2\/pages\/13174"}],"wp:attachment":[{"href":"https:\/\/spl-group.com\/es\/wp-json\/wp\/v2\/media?parent=13191"}],"curies":[{"name":"wp","href":"https:\/\/api.w.org\/{rel}","templated":true}]}}