{"id":13190,"date":"2022-05-28T00:36:59","date_gmt":"2022-05-28T00:36:59","guid":{"rendered":"https:\/\/spl-group.com\/sobre-nosotros\/vision-y-valores-corporativos\/"},"modified":"2022-11-11T20:21:03","modified_gmt":"2022-11-11T20:21:03","slug":"vision-y-valores-corporativos","status":"publish","type":"page","link":"https:\/\/spl-group.com\/es\/sobre-nosotros\/vision-y-valores-corporativos\/","title":{"rendered":"Visi\u00f3n y Valores Corporativos"},"content":{"rendered":"<div class=\"wpb-content-wrapper\"><p>[vc_row full_width=\u00bbstretch_row\u00bb content_placement=\u00bbmiddle\u00bb css=\u00bb.vc_custom_1654114558544{background-image: url(https:\/\/spl-group.com\/wp-content\/uploads\/corporate-values-sl.jpg?id=593) !important;background-position: center !important;background-repeat: no-repeat !important;background-size: cover !important;}\u00bb el_class=\u00bbmainHero\u00bb][vc_column][vc_column_text]<\/p>\n<h1 class=\"title bem--whiteColor bem--shadowText\">Visi\u00f3n y Valores Corporativos &#8211; Grupo SPL<\/h1>\n<p>[\/vc_column_text][\/vc_column][\/vc_row][vc_row css=\u00bb.vc_custom_1653698870370{padding-top: 50px !important;padding-bottom: 50px !important;}\u00bb][vc_column offset=\u00bbvc_col-lg-offset-1 vc_col-lg-10&#8243;][vc_column_text]Nuestra visi\u00f3n es ser reconocidos, a nivel mundial, por un servicio de atenci\u00f3n al cliente sin igual y convertirnos en la principal fuente de partes para cajeros autom\u00e1ticos reacondicionados de calidad OEM, cajeros autom\u00e1ticos nuevos y equipos de misi\u00f3n cr\u00edtica utilizados por las industrias de servicios bancarios y financieros.<\/p>\n<p>Para lograrlo, identificamos y adoptamos tres principios operativos. Estos principios gu\u00edan nuestras acciones en cada contacto y transacci\u00f3n con el cliente.<\/p>\n<p><span class=\"itemTitle inline bem--primaryColor\">Calidad:<\/span> La fiabilidad del producto es nuestra principal propuesta de servicio. Mantenemos una pol\u00edtica de tolerancia cero para fallas en los equipos, ya sean reacondicionados o remanufacturados. Ofrecemos una garant\u00eda l\u00edder en el sector para piezas reacondicionadas y equipos remanufacturados.<\/p>\n<p><span class=\"itemTitle inline bem--primaryColor\">Servicio al Cliente:<\/span> Adoptamos los objetivos de nuestros clientes y dedicamos nuestro esfuerzo a conseguirlos. Para mantener nuestra relaci\u00f3n, nos esforzamos por comprender los objetivos operativos a largo plazo de nuestros clientes y adaptar nuestros servicios en consecuencia.<\/p>\n<p><span class=\"itemTitle inline bem--primaryColor\">Servicio de Valor A\u00f1adido:<\/span> Suministrar una pieza reconstruida es un remedio f\u00e1cil. Superar las expectativas de nuestros clientes prestando servicios m\u00e1s all\u00e1 de la norma del sector es nuestra expectativa de rendimiento.<\/p>\n<p>Adem\u00e1s de esta propuesta de servicio, hemos adoptado varios valores fundamentales que conforman y rigen nuestra conducta en el mercado global. Puede confiar siempre en nuestros valores:<\/p>\n<p><span class=\"itemTitle inline bem--primaryColor\">Integridad:<\/span> Nunca comprometeremos nuestra integridad individual o corporativa por ning\u00fan motivo. Todo el mundo, tanto dentro como fuera de la empresa, se atendr\u00e1 a las normas \u00e9ticas m\u00e1s estrictas de honestidad e integridad en todos los tratos comerciales.<\/p>\n<p><span class=\"itemTitle inline bem--primaryColor\">Respeto:<\/span> Servimos a clientes de todo el mundo y aceptamos la diversidad cultural y \u00e9tnica. Esta perspectiva genera confianza y un entorno positivo para hacer negocios.<\/p>\n<p><span class=\"itemTitle inline bem--primaryColor\">Trabajo en equipo:<\/span> El trabajo en equipo y la colaboraci\u00f3n son una de las bases de nuestra cultura empresarial. Nuestro equipo integrado de especialistas, asociado a un cliente que est\u00e1 centrado en su misi\u00f3n, produce resultados extraordinarios.<\/p>\n<p><span class=\"itemTitle inline bem--primaryColor\">Liderazgo:<\/span> Nuestro \u00e9xito depende de la mejora continua. Nos centramos incesantemente en mejorar nuestra ventaja tecnol\u00f3gica y en crear programas de vanguardia para mejorar el servicio al cliente .<\/p>\n<p>La calidad de los productos, la atenci\u00f3n al cliente y el servicio personalizado son el motor de nuestro negocio.<\/p>\n<p><span class=\"itemTitle inline bem--primaryColor\">La calidad de los productos, la atenci\u00f3n al cliente y el servicio personalizado son el motor de nuestro negocio.<\/span>[\/vc_column_text][\/vc_column][\/vc_row][vc_row full_width=\u00bbstretch_row\u00bb gap=\u00bb35&#8243; css=\u00bb.vc_custom_1653699456815{background-color: #f5f5f5 !important;}\u00bb][vc_column width=\u00bb5\/6&#8243; offset=\u00bbvc_col-sm-offset-1&#8243;][vc_empty_space height=\u00bb25px\u00bb][vc_row_inner el_class=\u00bbbem&#8211;centerHorizontal\u00bb][vc_column_inner width=\u00bb1\/2&#8243; offset=\u00bbvc_col-md-5&#8243;][vc_single_image image=\u00bb471&#8243; img_size=\u00bb100xauto\u00bb][vc_column_text]<span class=\"itemTitle bem--primaryColor\">Productos Principales:<\/span><br \/>\n&#8211; Partes de cajeros autom\u00e1ticos nuevas y reacondicionadas<br \/>\n&#8211; Cajeros autom\u00e1ticos nuevos y refabricados<br \/>\n&#8211; Impresoras financieras nuevas y reacondicionadas<br \/>\n&#8211; Consumibles<br \/>\n&#8211; Actualizaciones para el equipo financiero[\/vc_column_text][\/vc_column_inner][vc_column_inner width=\u00bb1\/2&#8243; offset=\u00bbvc_col-md-5&#8243;][vc_single_image image=\u00bb472&#8243; img_size=\u00bb100xauto\u00bb][vc_column_text]<span class=\"itemTitle bem--primaryColor\">Servicios de Valor A\u00f1adido:<\/span><br \/>\n&#8211; Formaci\u00f3n t\u00e9cnica<br \/>\n&#8211; Soluciones de inventario de hardware para cajeros autom\u00e1ticos<br \/>\n&#8211; Abastecimiento estrat\u00e9gico<br \/>\n&#8211; Comercio\/compra de equipos obsoletos<br \/>\n&#8211; Reparaci\u00f3n y cambio<br \/>\n&#8211; Programas de actualizaci\u00f3n de productos<br \/>\n&#8211; Alertas de mantenimiento preventivo<\/p>\n<p>Le invitamos a que nos llame ahora para estudiar sus problemas y demostrar c\u00f3mo nuestra experiencia puede reducir el tiempo de inactividad y sus gastos de mantenimiento.[\/vc_column_text][\/vc_column_inner][\/vc_row_inner][vc_empty_space height=\u00bb25px\u00bb][\/vc_column][\/vc_row][vc_row full_width=\u00bbstretch_row_content_no_spaces\u00bb][vc_column css=\u00bb.vc_custom_1653931124290{padding-top: 0px !important;}\u00bb][vc_raw_html css=\u00bb.vc_custom_1668198059362{margin-bottom: 0px !important;}\u00bb]JTVCc2MlMjBuYW1lJTNEJTIyZ2xvYmFsYmxvY2tfY29udGFjdGFub3MlMjIlNUQlNUIlMkZzYyU1RA==[\/vc_raw_html][\/vc_column][\/vc_row]<\/p>\n<\/div>","protected":false},"excerpt":{"rendered":"<p>[vc_row full_width=\u00bbstretch_row\u00bb content_placement=\u00bbmiddle\u00bb css=\u00bb.vc_custom_1654114558544{background-image: url(https:\/\/spl-group.com\/wp-content\/uploads\/corporate-values-sl.jpg?id=593) !important;background-position: center !important;background-repeat: no-repeat !important;background-size: cover !important;}\u00bb el_class=\u00bbmainHero\u00bb][vc_column][vc_column_text] Visi\u00f3n y Valores Corporativos &#8211; Grupo SPL [\/vc_column_text][\/vc_column][\/vc_row][vc_row css=\u00bb.vc_custom_1653698870370{padding-top: 50px !important;padding-bottom: 50px !important;}\u00bb][vc_column<span class=\"excerpt-hellip\"> [\u2026]<\/span><\/p>\n","protected":false},"author":4,"featured_media":0,"parent":13174,"menu_order":0,"comment_status":"closed","ping_status":"open","template":"","meta":{"_seopress_robots_primary_cat":"","_seopress_titles_title":"Corporate Vision &amp; Values of SPL Group","_seopress_titles_desc":"We aim to be recognized, globally, for unparalleled customer service and to become the primary source for OEM-quality refurbished ATM parts, ATM machines.","_seopress_robots_index":"","footnotes":""},"class_list":["post-13190","page","type-page","status-publish","hentry"],"_links":{"self":[{"href":"https:\/\/spl-group.com\/es\/wp-json\/wp\/v2\/pages\/13190","targetHints":{"allow":["GET"]}}],"collection":[{"href":"https:\/\/spl-group.com\/es\/wp-json\/wp\/v2\/pages"}],"about":[{"href":"https:\/\/spl-group.com\/es\/wp-json\/wp\/v2\/types\/page"}],"author":[{"embeddable":true,"href":"https:\/\/spl-group.com\/es\/wp-json\/wp\/v2\/users\/4"}],"replies":[{"embeddable":true,"href":"https:\/\/spl-group.com\/es\/wp-json\/wp\/v2\/comments?post=13190"}],"version-history":[{"count":1,"href":"https:\/\/spl-group.com\/es\/wp-json\/wp\/v2\/pages\/13190\/revisions"}],"predecessor-version":[{"id":13215,"href":"https:\/\/spl-group.com\/es\/wp-json\/wp\/v2\/pages\/13190\/revisions\/13215"}],"up":[{"embeddable":true,"href":"https:\/\/spl-group.com\/es\/wp-json\/wp\/v2\/pages\/13174"}],"wp:attachment":[{"href":"https:\/\/spl-group.com\/es\/wp-json\/wp\/v2\/media?parent=13190"}],"curies":[{"name":"wp","href":"https:\/\/api.w.org\/{rel}","templated":true}]}}