{"id":13174,"date":"2022-05-30T15:01:47","date_gmt":"2022-05-30T15:01:47","guid":{"rendered":"https:\/\/spl-group.com\/sobre-nosotros\/"},"modified":"2025-03-18T20:41:33","modified_gmt":"2025-03-18T20:41:33","slug":"sobre-nosotros","status":"publish","type":"page","link":"https:\/\/spl-group.com\/es\/sobre-nosotros\/","title":{"rendered":"Sobre Nosotros"},"content":{"rendered":"<div class=\"wpb-content-wrapper\"><p>[vc_row full_width=\u00bbstretch_row\u00bb content_placement=\u00bbmiddle\u00bb css=\u00bb.vc_custom_1654114034629{background-image: url(https:\/\/spl-group.com\/wp-content\/uploads\/About-Us-sl.jpg?id=589) !important;background-position: center !important;background-repeat: no-repeat !important;background-size: cover !important;}\u00bb el_class=\u00bbmainHero\u00bb][vc_column][vc_column_text]<\/p>\n<h1 class=\"title bem--whiteColor bem--shadowText\">Sobre Nosotros<\/h1>\n<p>[\/vc_column_text][\/vc_column][\/vc_row][vc_row css=\u00bb.vc_custom_1653698870370{padding-top: 50px !important;padding-bottom: 50px !important;}\u00bb][vc_column offset=\u00bbvc_col-lg-offset-1 vc_col-lg-10&#8243;][vc_column_text]<span class=\"itemTitle bem--primaryColor\">Acerca del Grupo SPL<\/span><br \/>\nEl Grupo SPL est\u00e1 formado por un equipo integrado de t\u00e9cnicos, ingenieros y profesionales de servicio al cliente. Estamos orgullosos de ser su proveedor de confianza de equipos bancarios y financieros nuevos y renovados de alta calidad. Desde la creaci\u00f3n del Grupo SPL en 1989, hemos cultivado una cultura basada en el trabajo en equipo y la innovaci\u00f3n. Trabajamos conjuntamente con nuestras filiales y socios en todo el mundo para proporcionar un excelente servicio en soluciones personalizadas de asistencia t\u00e9cnica para cajeros autom\u00e1ticos. Nuestra misi\u00f3n es convertirnos en socios a nivel mundial de equipamientos para cajeros autom\u00e1ticos de alta calidad y rentables, as\u00ed como en proveedores de confianza de piezas para la reparaci\u00f3n de cajeros autom\u00e1ticos y para todos los servicios de apoyo relacionados con los mismos.<\/p>\n<p><span class=\"itemTitle bem--primaryColor\">Calidad Garantizada<\/span><br \/>\nReconocemos que el mal funcionamiento de un cajero autom\u00e1tico incomoda a sus clientes y afecta a su rentabilidad. Por este motivo, nos esforzamos por mejorar continuamente todos los aspectos de nuestras operaciones y nos hemos convertido en una empresa que cumple la norma ISO 9001:2018, demostrando as\u00ed nuestra dedicaci\u00f3n a la gesti\u00f3n de la calidad. Nuestros servicios de almacenamiento y log\u00edstica garantizan que sus pedidos de piezas se entreguen a tiempo. Para lograr el cumplimiento inmediato de los pedidos, disponemos de m\u00e1s de miles de cajeros autom\u00e1ticos y dispositivos de autoservicio en todo momento. Para satisfacer la demanda global de los clientes, estamos bien posicionados para atender sus necesidades desde nuestras ubicaciones estrat\u00e9gicas en Europa, Am\u00e9rica y \u00c1frica.<\/p>\n<p>El Grupo SPL est\u00e1 aqu\u00ed para ofrecer una gama completa de servicios relacionados con los cajeros autom\u00e1ticos que van desde el suministro de piezas, la renovaci\u00f3n, la revisi\u00f3n de la flota y los servicios personalizados, como la tarifa plana de piezas para cajeros autom\u00e1ticos y las ubicaciones de existencias de piezas para cajeros autom\u00e1ticos. El Grupo SPL es su proveedor para piezas de servicio de cajeros autom\u00e1ticos de alta calidad y m\u00e1quinas completas en todo el mundo.[\/vc_column_text][\/vc_column][\/vc_row][vc_row full_width=\u00bbstretch_row\u00bb gap=\u00bb35&#8243; css=\u00bb.vc_custom_1653699456815{background-color: #f5f5f5 !important;}\u00bb][vc_column width=\u00bb5\/6&#8243; offset=\u00bbvc_col-sm-offset-1&#8243;][vc_column_text el_class=\u00bbbem&#8211;centerText\u00bb]<span class=\"bem--primaryColor\"><strong>El Grupo SPL est\u00e1 aqu\u00ed para ofrecer una gama completa de servicios relacionados con los cajeros autom\u00e1ticos que van desde el suministro de piezas, la renovaci\u00f3n, la revisi\u00f3n de la flota y los servicios personalizados, como la tarifa plana de piezas para cajeros autom\u00e1ticos y las ubicaciones de existencias de piezas para cajeros autom\u00e1ticos. El Grupo SPL es su socio mundial para piezas de servicio de cajeros autom\u00e1ticos de alta calidad y soluciones completas para m\u00e1quinas.<\/strong><\/span>[\/vc_column_text][vc_empty_space height=\u00bb25px\u00bb][vc_row_inner gap=\u00bb35&#8243; el_class=\u00bbbem&#8211;centerHorizontal bem&#8211;noPaddingLR_mob bem&#8211;centerT\u00bb][vc_column_inner width=\u00bb1\/2&#8243; offset=\u00bbvc_col-md-3 vc_col-xs-6&#8243;][vc_single_image image=\u00bb491&#8243; img_size=\u00bb100xauto\u00bb alignment=\u00bbcenter\u00bb css=\u00bb\u00bb][vc_column_text css=\u00bb\u00bb]<\/p>\n<p style=\"text-align: center;\"><span class=\"itemTitle bem--primaryColor\">En la empresa<br \/>\nInstalaci\u00f3n de pintura<\/span><\/p>\n<p>[\/vc_column_text][\/vc_column_inner][vc_column_inner width=\u00bb1\/2&#8243; offset=\u00bbvc_col-md-3 vc_col-xs-6&#8243;][vc_single_image image=\u00bb503&#8243; img_size=\u00bb100xauto\u00bb alignment=\u00bbcenter\u00bb css=\u00bb\u00bb][vc_column_text css=\u00bb\u00bb]<\/p>\n<p style=\"text-align: center;\"><span class=\"itemTitle bem--primaryColor\">Probando<br \/>\ny control de calidad<\/span><\/p>\n<p>[\/vc_column_text][\/vc_column_inner][vc_column_inner width=\u00bb1\/2&#8243; offset=\u00bbvc_col-md-3 vc_col-xs-6&#8243;][vc_single_image image=\u00bb128&#8243; img_size=\u00bb100xauto\u00bb alignment=\u00bbcenter\u00bb css=\u00bb\u00bb][vc_column_text css=\u00bb\u00bb]<\/p>\n<p style=\"text-align: center;\"><span class=\"itemTitle bem--primaryColor\">Reacondicionamiento<br \/>\ny reparaci\u00f3n<\/span><\/p>\n<p>[\/vc_column_text][\/vc_column_inner][vc_column_inner width=\u00bb1\/2&#8243; offset=\u00bbvc_col-md-3 vc_col-xs-6&#8243;][vc_single_image image=\u00bb502&#8243; img_size=\u00bb100xauto\u00bb alignment=\u00bbcenter\u00bb css=\u00bb\u00bb][vc_column_text css=\u00bb\u00bb]<\/p>\n<p style=\"text-align: center;\"><span class=\"itemTitle bem--primaryColor\">Almacenamiento<br \/>\ny Log\u00edstica<\/span><\/p>\n<p>[\/vc_column_text][\/vc_column_inner][\/vc_row_inner][vc_empty_space height=\u00bb25px\u00bb][\/vc_column][\/vc_row][vc_row full_width=\u00bbstretch_row_content_no_spaces\u00bb][vc_column css=\u00bb.vc_custom_1653929877892{padding-top: 0px !important;}\u00bb][vc_raw_html css=\u00bb.vc_custom_1654706934394{margin-bottom: 0px !important;}\u00bb]W3NjIG5hbWU9Imdsb2JhbGJsb2NrX2NvbnRhY3R1cyJdWy9zY10=[\/vc_raw_html][\/vc_column][\/vc_row]<\/p>\n<\/div>","protected":false},"excerpt":{"rendered":"<p>[vc_row full_width=\u00bbstretch_row\u00bb content_placement=\u00bbmiddle\u00bb css=\u00bb.vc_custom_1654114034629{background-image: url(https:\/\/spl-group.com\/wp-content\/uploads\/About-Us-sl.jpg?id=589) !important;background-position: center !important;background-repeat: no-repeat !important;background-size: cover !important;}\u00bb el_class=\u00bbmainHero\u00bb][vc_column][vc_column_text] Sobre Nosotros [\/vc_column_text][\/vc_column][\/vc_row][vc_row css=\u00bb.vc_custom_1653698870370{padding-top: 50px !important;padding-bottom: 50px !important;}\u00bb][vc_column offset=\u00bbvc_col-lg-offset-1 vc_col-lg-10&#8243;][vc_column_text]Acerca del Grupo SPL<span class=\"excerpt-hellip\"> [\u2026]<\/span><\/p>\n","protected":false},"author":4,"featured_media":0,"parent":0,"menu_order":0,"comment_status":"closed","ping_status":"open","template":"","meta":{"_seopress_robots_primary_cat":"","_seopress_titles_title":"Acerca del Grupo SPL","_seopress_titles_desc":"Somos conocidos por nuestra amplia gama de productos y piezas para cajeros autom\u00e1ticos y por nuestros exclusivos programas de servicio, que incluyen el reacondicionamiento de cajeros autom\u00e1ticos, la reparaci\u00f3n de cajeros autom\u00e1ticos y los servicios de formaci\u00f3n en cajeros autom\u00e1ticos.","_seopress_robots_index":"","footnotes":""},"class_list":["post-13174","page","type-page","status-publish","hentry"],"_links":{"self":[{"href":"https:\/\/spl-group.com\/es\/wp-json\/wp\/v2\/pages\/13174","targetHints":{"allow":["GET"]}}],"collection":[{"href":"https:\/\/spl-group.com\/es\/wp-json\/wp\/v2\/pages"}],"about":[{"href":"https:\/\/spl-group.com\/es\/wp-json\/wp\/v2\/types\/page"}],"author":[{"embeddable":true,"href":"https:\/\/spl-group.com\/es\/wp-json\/wp\/v2\/users\/4"}],"replies":[{"embeddable":true,"href":"https:\/\/spl-group.com\/es\/wp-json\/wp\/v2\/comments?post=13174"}],"version-history":[{"count":8,"href":"https:\/\/spl-group.com\/es\/wp-json\/wp\/v2\/pages\/13174\/revisions"}],"predecessor-version":[{"id":13829,"href":"https:\/\/spl-group.com\/es\/wp-json\/wp\/v2\/pages\/13174\/revisions\/13829"}],"wp:attachment":[{"href":"https:\/\/spl-group.com\/es\/wp-json\/wp\/v2\/media?parent=13174"}],"curies":[{"name":"wp","href":"https:\/\/api.w.org\/{rel}","templated":true}]}}