{"id":13131,"date":"2022-06-24T12:51:08","date_gmt":"2022-06-24T12:51:08","guid":{"rendered":"https:\/\/spl-group.com\/politica-de-privacidad\/"},"modified":"2022-10-13T10:57:28","modified_gmt":"2022-10-13T10:57:28","slug":"politica-de-privacidad","status":"publish","type":"page","link":"https:\/\/spl-group.com\/es\/politica-de-privacidad\/","title":{"rendered":"Pol\u00edtica de privacidad"},"content":{"rendered":"<div class=\"wpb-content-wrapper\"><p>[vc_row full_width=\u00bbstretch_row\u00bb content_placement=\u00bbmiddle\u00bb css=\u00bb.vc_custom_1656075752930{background-image: url(https:\/\/spl-group.com\/wp-content\/uploads\/privacy-banner.jpg?id=1269) !important;background-position: center !important;background-repeat: no-repeat !important;background-size: cover !important;}\u00bb el_class=\u00bbmainHero\u00bb][vc_column][vc_column_text]<\/p>\n<h1 class=\"title bem--whiteColor bem--shadowText\">Pol\u00edtica de privacidad<\/h1>\n<p>[\/vc_column_text][\/vc_column][\/vc_row][vc_row css=\u00bb.vc_custom_1656344053900{padding-top: 50px !important;}\u00bb][vc_column offset=\u00bbvc_col-lg-offset-1 vc_col-lg-10&#8243;][vc_column_text]<span class=\"itemTitle bem--primaryColor\">Datos personales<\/span><\/p>\n<p>A trav\u00e9s de nuestro sitio web, SPL no recoger\u00e1 ning\u00fan dato personal sobre usted (por ejemplo, su nombre, direcci\u00f3n, n\u00famero de tel\u00e9fono o direcci\u00f3n de correo electr\u00f3nico), a menos que decida voluntariamente proporcion\u00e1rnoslo (por ejemplo, mediante un registro o una encuesta).<\/p>\n<p><span class=\"itemTitle bem--primaryColor\">Finalidad de uso<\/span><br \/>\nCuando nos proporciona datos personales, normalmente los utilizamos para responder a su consulta, procesar su pedido o proporcionarle acceso a informaci\u00f3n u ofertas espec\u00edficas. Adem\u00e1s, para apoyar nuestra relaci\u00f3n con el cliente:<br \/>\n&#8211; podemos almacenar y procesar datos personales y compartirlos con nuestras filiales en todo el mundo para entender mejor sus necesidades comerciales y c\u00f3mo podemos mejorar nuestros productos y servicios; o<br \/>\n&#8211; nosotros (o un tercero en nuestro nombre) podemos utilizar los datos personales para informarle sobre una oferta<br \/>\nSi decide que sus datos personales no se utilicen para apoyar nuestra relaci\u00f3n con los clientes (especialmente el marketing directo o los estudios de mercado), respetaremos su elecci\u00f3n. No vendemos ni comercializamos sus datos personales a terceros, excepto a las filiales de SPL.<\/p>\n<p><span class=\"itemTitle bem--primaryColor\">Cookies &#8211; Informaci\u00f3n almacenada autom\u00e1ticamente en su ordenador<\/span><br \/>\nCuando usted ve nuestro sitio web, podemos almacenar algunos datos en su ordenador en forma de \u00abcookie\u00bb para reconocer autom\u00e1ticamente su PC la pr\u00f3xima vez que lo visite. Las cookies pueden ayudarnos de muchas maneras, por ejemplo, permiti\u00e9ndonos adaptar un sitio web para que se ajuste mejor a sus intereses o almacenar su contrase\u00f1a para evitar que tenga que volver a introducirla cada vez. Si no desea recibir cookies, configure su navegador de Internet para que borre todas las cookies del disco duro de su ordenador, bloquee todas las cookies o reciba un aviso antes de que se almacene una cookie.<\/p>\n<p>Este sitio web utiliza Google Analytics, un servicio de an\u00e1lisis web proporcionado por Google, Inc. (\u00abGoogle\u00bb). Google Analytics utiliza \u00abcookies\u00bb, que son archivos de texto ubicados en su ordenador, para ayudar al sitio web a analizar el uso que hacen los usuarios del mismo. La informaci\u00f3n generada por la cookie sobre su uso del sitio web (incluida su direcci\u00f3n IP) ser\u00e1 transmitida y almacenada por Google en servidores de Estados Unidos. Google utilizar\u00e1 esta informaci\u00f3n con el fin de evaluar su uso del sitio web, recopilando informes sobre la actividad del sitio web para los operadores del mismo y prestando otros servicios relacionados con la actividad del sitio web y el uso de Internet. Google tambi\u00e9n podr\u00e1 transferir esta informaci\u00f3n a terceros cuando as\u00ed lo exija la ley o cuando dichos terceros procesen la informaci\u00f3n en nombre de Google. Google no asociar\u00e1 su direcci\u00f3n IP con ning\u00fan otro dato que posea. Puede rechazar el uso de cookies seleccionando la configuraci\u00f3n adecuada en su navegador, pero tenga en cuenta que si lo hace es posible que no pueda utilizar todas las funciones de este sitio web. Al utilizar este sitio web, usted consiente el tratamiento de sus datos por parte de Google en la forma y para los fines arriba indicados. Por favor, consulte la ayuda de su navegador para saber c\u00f3mo eliminar esta cookie o c\u00f3mo cambiar el manejo general de las cookies. Por lo general, estas actitudes se encuentran en Extras-&gt; actitudes protecci\u00f3n de datos (Firefox) o en Extras-&gt; opci\u00f3n Internet &gt; protecci\u00f3n de datos (Internet Explorer).<\/p>\n<p><span class=\"itemTitle bem--primaryColor\">Seguridad<\/span><br \/>\nPara proteger sus datos personales contra la destrucci\u00f3n, p\u00e9rdida o alteraci\u00f3n accidental o ilegal y contra la divulgaci\u00f3n o el acceso no autorizados, SPL utiliza medidas de seguridad t\u00e9cnicas y organizativas.[\/vc_column_text][\/vc_column][\/vc_row][vc_row full_width=\u00bbstretch_row\u00bb css=\u00bb.vc_custom_1656344067834{background-color: #f5f5f5 !important;}\u00bb][vc_column offset=\u00bbvc_col-lg-offset-1 vc_col-lg-10&#8243;][vc_column_text]<span class=\"itemTitle bem--primaryColor\">Cookies &#8211; Informaci\u00f3n almacenada autom\u00e1ticamente en su ordenador<\/span><br \/>\nCuando usted ve nuestro sitio web, podemos almacenar algunos datos en su ordenador en forma de \u00abcookie\u00bb para reconocer autom\u00e1ticamente su PC la pr\u00f3xima vez que lo visite. Las cookies pueden ayudarnos de muchas maneras, por ejemplo, permiti\u00e9ndonos adaptar un sitio web para que se ajuste mejor a sus intereses o almacenar su contrase\u00f1a para evitar que tenga que volver a introducirla cada vez. Si no desea recibir cookies, configure su navegador de Internet para que borre todas las cookies del disco duro de su ordenador, bloquee todas las cookies o reciba un aviso antes de que se almacene una cookie.<\/p>\n<p>Este sitio web utiliza Google Analytics, un servicio de an\u00e1lisis web proporcionado por Google, Inc. (\u00abGoogle\u00bb). Google Analytics utiliza \u00abcookies\u00bb, que son archivos de texto ubicados en su ordenador, para ayudar al sitio web a analizar el uso que hacen los usuarios del mismo. La informaci\u00f3n generada por la cookie sobre su uso del sitio web (incluida su direcci\u00f3n IP) ser\u00e1 transmitida y almacenada por Google en servidores de Estados Unidos. Google utilizar\u00e1 esta informaci\u00f3n con el fin de evaluar su uso del sitio web, recopilando informes sobre la actividad del sitio web para los operadores del mismo y prestando otros servicios relacionados con la actividad del sitio web y el uso de Internet. Google tambi\u00e9n podr\u00e1 transferir esta informaci\u00f3n a terceros cuando as\u00ed lo exija la ley o cuando dichos terceros procesen la informaci\u00f3n en nombre de Google. Google no asociar\u00e1 su direcci\u00f3n IP con ning\u00fan otro dato que posea. Puede rechazar el uso de cookies seleccionando la configuraci\u00f3n adecuada en su navegador, pero tenga en cuenta que si lo hace es posible que no pueda utilizar todas las funciones de este sitio web. Al utilizar este sitio web, usted consiente el tratamiento de sus datos por parte de Google en la forma y para los fines arriba indicados. Por favor, consulte la ayuda de su navegador para saber c\u00f3mo eliminar esta cookie o c\u00f3mo cambiar el manejo general de las cookies. Por lo general, estas actitudes se encuentran en Extras-&gt; actitudes protecci\u00f3n de datos (Firefox) o en Extras-&gt; opci\u00f3n Internet &gt; protecci\u00f3n de datos (Internet Explorer).<\/p>\n<p>[\/vc_column_text][\/vc_column][\/vc_row][vc_row css=\u00bb.vc_custom_1656344075348{padding-bottom: 50px !important;}\u00bb][vc_column offset=\u00bbvc_col-lg-offset-1 vc_col-lg-10&#8243;][vc_column_text]<span class=\"itemTitle bem--primaryColor\">Seguridad<\/span><br \/>\nPara proteger sus datos personales contra la destrucci\u00f3n, p\u00e9rdida o alteraci\u00f3n accidental o ilegal y contra la divulgaci\u00f3n o el acceso no autorizados, SPL utiliza medidas de seguridad t\u00e9cnicas y organizativas.[\/vc_column_text][\/vc_column][\/vc_row][vc_row full_width=\u00bbstretch_row_content_no_spaces\u00bb][vc_column css=\u00bb.vc_custom_1653929877892{padding-top: 0px !important;}\u00bb][vc_raw_html css=\u00bb.vc_custom_1654706934394{margin-bottom: 0px !important;}\u00bb]W3NjIG5hbWU9Imdsb2JhbGJsb2NrX2NvbnRhY3R1cyJdWy9zY10=[\/vc_raw_html][\/vc_column][\/vc_row]<\/p>\n<\/div>","protected":false},"excerpt":{"rendered":"<p>[vc_row full_width=\u00bbstretch_row\u00bb content_placement=\u00bbmiddle\u00bb css=\u00bb.vc_custom_1656075752930{background-image: url(https:\/\/spl-group.com\/wp-content\/uploads\/privacy-banner.jpg?id=1269) !important;background-position: center !important;background-repeat: no-repeat !important;background-size: cover !important;}\u00bb el_class=\u00bbmainHero\u00bb][vc_column][vc_column_text] Pol\u00edtica de privacidad [\/vc_column_text][\/vc_column][\/vc_row][vc_row css=\u00bb.vc_custom_1656344053900{padding-top: 50px !important;}\u00bb][vc_column offset=\u00bbvc_col-lg-offset-1 vc_col-lg-10&#8243;][vc_column_text]Datos personales A trav\u00e9s de<span class=\"excerpt-hellip\"> [\u2026]<\/span><\/p>\n","protected":false},"author":5,"featured_media":0,"parent":0,"menu_order":0,"comment_status":"closed","ping_status":"open","template":"","meta":{"_seopress_robots_primary_cat":"","_seopress_titles_title":"","_seopress_titles_desc":"","_seopress_robots_index":"","footnotes":""},"class_list":["post-13131","page","type-page","status-publish","hentry"],"_links":{"self":[{"href":"https:\/\/spl-group.com\/es\/wp-json\/wp\/v2\/pages\/13131","targetHints":{"allow":["GET"]}}],"collection":[{"href":"https:\/\/spl-group.com\/es\/wp-json\/wp\/v2\/pages"}],"about":[{"href":"https:\/\/spl-group.com\/es\/wp-json\/wp\/v2\/types\/page"}],"author":[{"embeddable":true,"href":"https:\/\/spl-group.com\/es\/wp-json\/wp\/v2\/users\/5"}],"replies":[{"embeddable":true,"href":"https:\/\/spl-group.com\/es\/wp-json\/wp\/v2\/comments?post=13131"}],"version-history":[{"count":2,"href":"https:\/\/spl-group.com\/es\/wp-json\/wp\/v2\/pages\/13131\/revisions"}],"predecessor-version":[{"id":13133,"href":"https:\/\/spl-group.com\/es\/wp-json\/wp\/v2\/pages\/13131\/revisions\/13133"}],"wp:attachment":[{"href":"https:\/\/spl-group.com\/es\/wp-json\/wp\/v2\/media?parent=13131"}],"curies":[{"name":"wp","href":"https:\/\/api.w.org\/{rel}","templated":true}]}}