{"id":13122,"date":"2022-06-17T17:24:42","date_gmt":"2022-06-17T17:24:42","guid":{"rendered":"https:\/\/spl-group.com\/soluciones\/soluciones-de-microfinanciacion-y-monederos-moviles\/"},"modified":"2022-11-11T20:46:49","modified_gmt":"2022-11-11T20:46:49","slug":"soluciones-de-microfinanciacion-y-monederos-moviles","status":"publish","type":"page","link":"https:\/\/spl-group.com\/es\/soluciones\/soluciones-de-microfinanciacion-y-monederos-moviles\/","title":{"rendered":"Soluciones de Microfinanciaci\u00f3n y Monederos M\u00f3viles"},"content":{"rendered":"<div class=\"wpb-content-wrapper\"><p>[vc_row full_width=\u00bbstretch_row\u00bb content_placement=\u00bbmiddle\u00bb css=\u00bb.vc_custom_1655492053340{background-image: url(https:\/\/spl-group.com\/wp-content\/uploads\/mobile-microfinance-header.jpg?id=1186) !important;background-position: center !important;background-repeat: no-repeat !important;background-size: cover !important;}\u00bb el_class=\u00bbmainHero\u00bb][vc_column][vc_column_text]<\/p>\n<h1 class=\"title bem--whiteColor bem--shadowText\">Soluciones de Microfinanciaci\u00f3n y Monederos M\u00f3viles<\/h1>\n<p>[\/vc_column_text][\/vc_column][\/vc_row][vc_row full_width=\u00bbstretch_row_content\u00bb][vc_column offset=\u00bbvc_col-lg-offset-1 vc_col-lg-10&#8243;][vc_row_inner][vc_column_inner width=\u00bb1\/6&#8243; offset=\u00bbvc_col-lg-offset-0 vc_col-lg-2 vc_col-md-offset-5 vc_col-md-2 vc_col-sm-offset-5 vc_col-xs-offset-4 vc_col-xs-4&#8243;][vc_single_image image=\u00bb1184&#8243; img_size=\u00bb250xauto\u00bb alignment=\u00bbcenter\u00bb][\/vc_column_inner][vc_column_inner offset=\u00bbvc_col-lg-offset-0 vc_col-lg-7 vc_col-md-offset-1 vc_col-md-10 vc_col-sm-offset-0 vc_col-xs-12&#8243;][vc_column_text]<span class=\"itemTitle inline bem--primaryColor\">Monederos m\u00f3viles:<\/span><\/p>\n<p class=\"bem--primaryColor\">SPL es un proveedor de soluciones de software de billetera m\u00f3vil de pr\u00f3xima generaci\u00f3n.<\/p>\n<p>Proporcionamos soluciones de pago de \u00faltima generaci\u00f3n para usuarios e implantadores de monederos y pagos m\u00f3viles. Ofrecemos una amplia gama de las mejores soluciones de monedero m\u00f3vil, productos de banca m\u00f3vil, soluciones de pago por m\u00f3vil y productos de comercio m\u00f3vil. Nuestros clientes objetivo son los operadores de telefon\u00eda m\u00f3vil, las instituciones financieras, las instituciones de microfinanciaci\u00f3n y los gobiernos que desean implantar servicios de dinero m\u00f3vil. Nuestras soluciones completas de extremo a extremo son compatibles con USSD, NFC, Web, J2ME, Android, TPV y cajeros autom\u00e1ticos.<\/p>\n<p>Nuestra Pataforma central de Monederos contiene todas las funciones principales necesarias para cualquier soluci\u00f3n de monederos m\u00f3viles, como el Ingreso y la Salida de Dinero, la Transferencia de Fondos, el Pago de Facturas, la Recarga, etc. SPL proporciona esta soluci\u00f3n a proveedores de servicios como telecos, bancos, compa\u00f1\u00edas de tarjetas de cr\u00e9dito o cualquier instituci\u00f3n financiera para ofrecer a sus consumidores estos servicios con una mejor experiencia de usuario, seguridad y velocidad.<\/p>\n<p>Adem\u00e1s de la comodidad, la plataforma principal de Modenedro de SPL, ofrece m\u00faltiples funcionalidades, sistemas y aplicaciones para todas las diferentes categor\u00edas de clientes, incluidos los bancarizados y los no bancarizados, proporcionando oportunidades adicionales de crecimiento para los operadores, las instituciones financieras y los proveedores de servicios. Estos productos son capaces de adaptarse a las nuevas necesidades de pago para ofrecer soluciones de monedero eficaces tanto a los proveedores de servicios como a sus clientes.[\/vc_column_text][\/vc_column_inner][vc_column_inner offset=\u00bbvc_col-lg-offset-0 vc_col-lg-3 vc_col-md-offset-2 vc_col-md-8 vc_col-sm-offset-0&#8243;][vc_single_image image=\u00bb1236&#8243; img_size=\u00bb500xauto\u00bb alignment=\u00bbcenter\u00bb][\/vc_column_inner][\/vc_row_inner][\/vc_column][\/vc_row][vc_row full_width=\u00bbstretch_row_content\u00bb css=\u00bb.vc_custom_1655488088108{background-color: #f5f5f5 !important;}\u00bb][vc_column offset=\u00bbvc_col-lg-offset-1 vc_col-lg-10&#8243;][vc_row_inner][vc_column_inner width=\u00bb1\/2&#8243; offset=\u00bbvc_col-lg-offset-0 vc_col-lg-1 vc_col-md-offset-0 vc_col-md-1 vc_col-sm-offset-0 vc_hidden-sm vc_hidden-xs\u00bb][\/vc_column_inner][vc_column_inner offset=\u00bbvc_col-lg-offset-0 vc_col-lg-11 vc_col-md-offset-0 vc_col-md-12 vc_col-sm-offset-0&#8243;][vc_column_text]En el mundo moderno de hoy, las personas est\u00e1n siempre en movimiento y a menudo necesitan que se les transfieran fondos o necesitan transferir fondos a familiares o amigos. En esta situaci\u00f3n, los servicios de pago instant\u00e1neo son una necesidad inmediata para todos. La transferencia de fondos a trav\u00e9s del tel\u00e9fono m\u00f3vil puede ser la mejor soluci\u00f3n para satisfacer las demandas de pago instant\u00e1neo sin retrasos. La Billetera para Transferencia de Fondos de SPL aprovecha la tecnolog\u00eda de los monederos m\u00f3viles y ofrece a los suscriptores de la misma red la posibilidad de transferir fondos directamente a cualquier parte del mundo; y a los suscriptores de redes diferentes a trav\u00e9s de agentes de canal.[\/vc_column_text][\/vc_column_inner][\/vc_row_inner][\/vc_column][\/vc_row][vc_row full_width=\u00bbstretch_row_content\u00bb][vc_column offset=\u00bbvc_col-lg-offset-1 vc_col-lg-10&#8243;][vc_row_inner][vc_column_inner offset=\u00bbvc_col-lg-12&#8243;][vc_column_text]<\/p>\n<p style=\"text-align: center;\"><span class=\"itemTitle inline bem--primaryColor\">Por favor cont\u00e1ctenos para cualquier informaci\u00f3n adicional.<\/span><\/p>\n<p>[\/vc_column_text][\/vc_column_inner][\/vc_row_inner][\/vc_column][\/vc_row][vc_row full_width=\u00bbstretch_row_content_no_spaces\u00bb][vc_column css=\u00bb.vc_custom_1653931124290{padding-top: 0px !important;}\u00bb][vc_raw_html css=\u00bb.vc_custom_1668199605677{margin-bottom: 0px !important;}\u00bb]JTVCc2MlMjBuYW1lJTNEJTIyZ2xvYmFsYmxvY2tfY29udGFjdGFub3MlMjIlNUQlNUIlMkZzYyU1RA==[\/vc_raw_html][\/vc_column][\/vc_row]<\/p>\n<\/div>","protected":false},"excerpt":{"rendered":"<p>[vc_row full_width=\u00bbstretch_row\u00bb content_placement=\u00bbmiddle\u00bb css=\u00bb.vc_custom_1655492053340{background-image: url(https:\/\/spl-group.com\/wp-content\/uploads\/mobile-microfinance-header.jpg?id=1186) !important;background-position: center !important;background-repeat: no-repeat !important;background-size: cover !important;}\u00bb el_class=\u00bbmainHero\u00bb][vc_column][vc_column_text] Soluciones de Microfinanciaci\u00f3n y Monederos M\u00f3viles [\/vc_column_text][\/vc_column][\/vc_row][vc_row full_width=\u00bbstretch_row_content\u00bb][vc_column offset=\u00bbvc_col-lg-offset-1 vc_col-lg-10&#8243;][vc_row_inner][vc_column_inner width=\u00bb1\/6&#8243; offset=\u00bbvc_col-lg-offset-0 vc_col-lg-2<span class=\"excerpt-hellip\"> [\u2026]<\/span><\/p>\n","protected":false},"author":5,"featured_media":0,"parent":13091,"menu_order":0,"comment_status":"closed","ping_status":"open","template":"","meta":{"_seopress_robots_primary_cat":"","_seopress_titles_title":"Soluciones de Microfinanciaci\u00f3n y Monederos M\u00f3viles | Grupo SPL","_seopress_titles_desc":"Brindamos una amplia gama de soluciones de pago de \u00faltima generaci\u00f3n para monederos m\u00f3viles y usuarios e implementadores de pagos m\u00f3viles, as\u00ed como productos de comercio m\u00f3vil.","_seopress_robots_index":"","footnotes":""},"class_list":["post-13122","page","type-page","status-publish","hentry"],"_links":{"self":[{"href":"https:\/\/spl-group.com\/es\/wp-json\/wp\/v2\/pages\/13122","targetHints":{"allow":["GET"]}}],"collection":[{"href":"https:\/\/spl-group.com\/es\/wp-json\/wp\/v2\/pages"}],"about":[{"href":"https:\/\/spl-group.com\/es\/wp-json\/wp\/v2\/types\/page"}],"author":[{"embeddable":true,"href":"https:\/\/spl-group.com\/es\/wp-json\/wp\/v2\/users\/5"}],"replies":[{"embeddable":true,"href":"https:\/\/spl-group.com\/es\/wp-json\/wp\/v2\/comments?post=13122"}],"version-history":[{"count":5,"href":"https:\/\/spl-group.com\/es\/wp-json\/wp\/v2\/pages\/13122\/revisions"}],"predecessor-version":[{"id":13239,"href":"https:\/\/spl-group.com\/es\/wp-json\/wp\/v2\/pages\/13122\/revisions\/13239"}],"up":[{"embeddable":true,"href":"https:\/\/spl-group.com\/es\/wp-json\/wp\/v2\/pages\/13091"}],"wp:attachment":[{"href":"https:\/\/spl-group.com\/es\/wp-json\/wp\/v2\/media?parent=13122"}],"curies":[{"name":"wp","href":"https:\/\/api.w.org\/{rel}","templated":true}]}}