{"id":13119,"date":"2022-06-15T13:43:08","date_gmt":"2022-06-15T13:43:08","guid":{"rendered":"https:\/\/spl-group.com\/soluciones\/soluciones-de-identidad-digital\/"},"modified":"2022-11-11T20:46:25","modified_gmt":"2022-11-11T20:46:25","slug":"soluciones-de-identidad-digital","status":"publish","type":"page","link":"https:\/\/spl-group.com\/es\/soluciones\/soluciones-de-identidad-digital\/","title":{"rendered":"Soluciones de Identidad Digital"},"content":{"rendered":"<div class=\"wpb-content-wrapper\"><p>[vc_row full_width=\u00bbstretch_row\u00bb content_placement=\u00bbmiddle\u00bb css=\u00bb.vc_custom_1655300664006{background-image: url(https:\/\/spl-group.com\/wp-content\/uploads\/digital-identity-solutions-spl-banner.jpg?id=1094) !important;background-position: center !important;background-repeat: no-repeat !important;background-size: cover !important;}\u00bb el_class=\u00bbmainHero\u00bb][vc_column][vc_column_text]<\/p>\n<h1 class=\"title bem--whiteColor bem--shadowText\">SOLUCIONES DE IDENTIDAD DIGITAL<\/h1>\n<p>[\/vc_column_text][\/vc_column][\/vc_row][vc_row full_width=\u00bbstretch_row_content\u00bb][vc_column width=\u00bb5\/6&#8243; offset=\u00bbvc_col-sm-offset-1&#8243;][vc_row_inner gap=\u00bb35&#8243;][vc_column_inner width=\u00bb1\/3&#8243; offset=\u00bbvc_col-lg-offset-0 vc_col-lg-2 vc_col-sm-offset-4 vc_col-xs-offset-3 vc_col-xs-6&#8243;][vc_single_image image=\u00bb136&#8243; img_size=\u00bb350xauto\u00bb alignment=\u00bbcenter\u00bb][\/vc_column_inner][vc_column_inner offset=\u00bbvc_col-lg-7 vc_col-xs-12&#8243;][vc_column_text]Digitalizar la econom\u00eda actual no es tan f\u00e1cil como hacer que los servicios de registro y gesti\u00f3n del dinero est\u00e9n disponibles en l\u00ednea. Dar el salto digital conlleva muchos retos \u2014 desde la protecci\u00f3n contra el fraude en l\u00ednea hasta la privacidad del usuario y la fricci\u00f3n en la experiencia del cliente. Los retos de la protecci\u00f3n contra el fraude, la privacidad y la experiencia del usuario pueden ser dinamizados &#8211; SPL tiene la experiencia para guiarle hacia la soluci\u00f3n correcta.<\/p>\n<p>Las ventajas de las Identidades Digitales son infinitas y son imprescindibles en la econom\u00eda global y el entorno bancario actual. Tanto si necesita una soluci\u00f3n de identidad bancaria nacional como una identidad digital nacional para sus clientes, SPL puede guiarle en la elecci\u00f3n de la mejor soluci\u00f3n para sus necesidades. Trabajamos con los proveedores m\u00e1s reconocidos del mundo y somos agn\u00f3sticos en cuanto a proveedores. Tambi\u00e9n suministramos hardware biom\u00e9trico y plataformas para inscribir a usuarios y ciudadanos en entornos rurales y urbanos.<\/p>\n<p>Las soluciones Biom\u00e9tricas de SPL son ampliamente utilizadas por bancos de todo el mundo. Como integradores de sistemas, trabajamos con fabricantes de hardware de primer nivel de Europa y Estados Unidos. Nuestras soluciones permiten a los bancos identificar correctamente a sus clientes sin riesgo de falsificaci\u00f3n, fraude y robo de identidad. Estos elementos de seguridad a\u00f1adidos, y a menudo obligatorios, contribuyen de manera significativa a evitar los abusos en el sector financiero y a prevenir los problemas de ALD y CSC. Cada vez son m\u00e1s los bancos centrales que empiezan a imponer el uso de la biometr\u00eda, como la verificaci\u00f3n de las huellas dactilares y las medidas de autenticaci\u00f3n. El uso de este tipo de tecnolog\u00eda permite la inscripci\u00f3n f\u00e1cil y rentable de la poblaci\u00f3n no bancarizada en los pa\u00edses y regiones en desarrollo del mundo.[\/vc_column_text][\/vc_column_inner][vc_column_inner offset=\u00bbvc_col-lg-3&#8243;][vc_single_image image=\u00bb1095&#8243; img_size=\u00bbfull\u00bb alignment=\u00bbcenter\u00bb][\/vc_column_inner][\/vc_row_inner][\/vc_column][\/vc_row][vc_row css=\u00bb.vc_custom_1655300335488{padding-top: 20px !important;}\u00bb][vc_column css=\u00bb.vc_custom_1653931124290{padding-top: 0px !important;}\u00bb][vc_column_text]<\/p>\n<p style=\"text-align: center;\"><span class=\"itemTitle inline bem--primaryColor\">Adem\u00e1s de los bancos, la tecnolog\u00eda de SPL tambi\u00e9n puede implantarse en Instituciones de Microfinanciaci\u00f3n para facilitar el acceso de los clientes a peque\u00f1os pr\u00e9stamos y servicios similares.<br \/>\nPor favor cont\u00e1ctenos para cualquier informaci\u00f3n adicional.<\/span><\/p>\n<p>[\/vc_column_text][\/vc_column][\/vc_row][vc_row full_width=\u00bbstretch_row_content_no_spaces\u00bb][vc_column css=\u00bb.vc_custom_1653931124290{padding-top: 0px !important;}\u00bb][vc_raw_html css=\u00bb.vc_custom_1668199581689{margin-bottom: 0px !important;}\u00bb]JTVCc2MlMjBuYW1lJTNEJTIyZ2xvYmFsYmxvY2tfY29udGFjdGFub3MlMjIlNUQlNUIlMkZzYyU1RA==[\/vc_raw_html][\/vc_column][\/vc_row]<\/p>\n<\/div>","protected":false},"excerpt":{"rendered":"<p>[vc_row full_width=\u00bbstretch_row\u00bb content_placement=\u00bbmiddle\u00bb css=\u00bb.vc_custom_1655300664006{background-image: url(https:\/\/spl-group.com\/wp-content\/uploads\/digital-identity-solutions-spl-banner.jpg?id=1094) !important;background-position: center !important;background-repeat: no-repeat !important;background-size: cover !important;}\u00bb el_class=\u00bbmainHero\u00bb][vc_column][vc_column_text] SOLUCIONES DE IDENTIDAD DIGITAL [\/vc_column_text][\/vc_column][\/vc_row][vc_row full_width=\u00bbstretch_row_content\u00bb][vc_column width=\u00bb5\/6&#8243; offset=\u00bbvc_col-sm-offset-1&#8243;][vc_row_inner gap=\u00bb35&#8243;][vc_column_inner width=\u00bb1\/3&#8243; offset=\u00bbvc_col-lg-offset-0 vc_col-lg-2 vc_col-sm-offset-4<span class=\"excerpt-hellip\"> [\u2026]<\/span><\/p>\n","protected":false},"author":3,"featured_media":0,"parent":13091,"menu_order":0,"comment_status":"closed","ping_status":"open","template":"","meta":{"_seopress_robots_primary_cat":"","_seopress_titles_title":"Soluciones de Identidad Digital | Grupo SPL","_seopress_titles_desc":"Ya sea que necesite una soluci\u00f3n de identidad bancaria nacional o una identidad digital nacional para sus clientes, SPL puede guiarlo en la elecci\u00f3n de la mejor soluci\u00f3n","_seopress_robots_index":"","footnotes":""},"class_list":["post-13119","page","type-page","status-publish","hentry"],"_links":{"self":[{"href":"https:\/\/spl-group.com\/es\/wp-json\/wp\/v2\/pages\/13119","targetHints":{"allow":["GET"]}}],"collection":[{"href":"https:\/\/spl-group.com\/es\/wp-json\/wp\/v2\/pages"}],"about":[{"href":"https:\/\/spl-group.com\/es\/wp-json\/wp\/v2\/types\/page"}],"author":[{"embeddable":true,"href":"https:\/\/spl-group.com\/es\/wp-json\/wp\/v2\/users\/3"}],"replies":[{"embeddable":true,"href":"https:\/\/spl-group.com\/es\/wp-json\/wp\/v2\/comments?post=13119"}],"version-history":[{"count":3,"href":"https:\/\/spl-group.com\/es\/wp-json\/wp\/v2\/pages\/13119\/revisions"}],"predecessor-version":[{"id":13238,"href":"https:\/\/spl-group.com\/es\/wp-json\/wp\/v2\/pages\/13119\/revisions\/13238"}],"up":[{"embeddable":true,"href":"https:\/\/spl-group.com\/es\/wp-json\/wp\/v2\/pages\/13091"}],"wp:attachment":[{"href":"https:\/\/spl-group.com\/es\/wp-json\/wp\/v2\/media?parent=13119"}],"curies":[{"name":"wp","href":"https:\/\/api.w.org\/{rel}","templated":true}]}}