{"id":13113,"date":"2022-06-15T17:12:20","date_gmt":"2022-06-15T17:12:20","guid":{"rendered":"https:\/\/spl-group.com\/soluciones\/soporte-cen-xfs\/"},"modified":"2022-11-11T20:47:24","modified_gmt":"2022-11-11T20:47:24","slug":"soporte-cen-xfs","status":"publish","type":"page","link":"https:\/\/spl-group.com\/es\/soluciones\/soporte-cen-xfs\/","title":{"rendered":"Soporte CEN\/XFS"},"content":{"rendered":"<div class=\"wpb-content-wrapper\"><p>[vc_row full_width=\u00bbstretch_row\u00bb content_placement=\u00bbmiddle\u00bb css=\u00bb.vc_custom_1655311265994{background-image: url(https:\/\/spl-group.com\/wp-content\/uploads\/CEN-XFS-Support-bannerv2.jpg?id=1113) !important;background-position: center !important;background-repeat: no-repeat !important;background-size: cover !important;}\u00bb el_class=\u00bbmainHero\u00bb][vc_column][vc_column_text]<\/p>\n<h1 class=\"title bem--whiteColor bem--shadowText\">Soporte CEN\/XFS<\/h1>\n<p>[\/vc_column_text][\/vc_column][\/vc_row][vc_row full_width=\u00bbstretch_row_content\u00bb gap=\u00bb35&#8243;][vc_column width=\u00bb5\/6&#8243; offset=\u00bbvc_col-lg-6 vc_col-sm-offset-1&#8243;][vc_column_text]CEN\/XFS, antes conocido como WOSA\/XFS, sigue siendo el est\u00e1ndar de software del sector para los Cajeros Autom\u00e1ticos. Somos compatibles con NDC+, DDC y el relativamente nuevo protocolo ISO 20022.<\/p>\n<p>Nuestro equipo puede ayudar con cualquier problema relacionado con XFS. Los ingenieros y desarrolladores de software de SPL tienen mucha experiencia en desaf\u00edos que van desde la resoluci\u00f3n de problemas en capa de dispositivos hasta implementaciones y personalizaciones complejas, como la integraci\u00f3n de dispositivos biom\u00e9tricos y la preparaci\u00f3n de la transici\u00f3n a protocolos de pr\u00f3xima generaci\u00f3n.<\/p>\n<p>El profundo conocimiento del entorno de Cajeros Autom\u00e1ticos y de los protocolos de intercambio de datos nos ha ayudado a desarrollar soluciones para automatizar la mayor\u00eda de las tareas actuales relacionadas con el funcionamiento responsable de las redes de Cajeros Autom\u00e1ticos. Nuestras competencias incluyen la implantaci\u00f3n y el despliegue de OEM y sistemas de software de varios proveedores basados en XFS. Podemos ayudarle a optimizar la rentabilidad y el tiempo de funcionamiento de su flota de Cajeros Autom\u00e1ticos.[\/vc_column_text][\/vc_column][vc_column width=\u00bb5\/6&#8243; offset=\u00bbvc_col-lg-offset-0 vc_col-lg-4 vc_col-sm-offset-1&#8243;][vc_single_image image=\u00bb1115&#8243; img_size=\u00bbfull\u00bb][\/vc_column][\/vc_row][vc_row][vc_column width=\u00bb5\/6&#8243; offset=\u00bbvc_col-sm-offset-1&#8243;][vc_empty_space height=\u00bb35px\u00bb][vc_column_text el_class=\u00bbbem&#8211;centerText\u00bb]<span class=\"itemTitle bem--primaryColor\">Conf\u00ede en nuestro equipo de desarrollo para cualquier reto XFS &#8211; p\u00f3ngase en contacto con nosotros para cualquier informaci\u00f3n adicional.<\/span>[\/vc_column_text][vc_empty_space height=\u00bb35px\u00bb][\/vc_column][\/vc_row][vc_row full_width=\u00bbstretch_row_content_no_spaces\u00bb][vc_column][vc_raw_html css=\u00bb.vc_custom_1668199641309{margin-bottom: 0px !important;}\u00bb]JTVCc2MlMjBuYW1lJTNEJTIyZ2xvYmFsYmxvY2tfY29udGFjdGFub3MlMjIlNUQlNUIlMkZzYyU1RA==[\/vc_raw_html][\/vc_column][\/vc_row]<\/p>\n<\/div>","protected":false},"excerpt":{"rendered":"<p>[vc_row full_width=\u00bbstretch_row\u00bb content_placement=\u00bbmiddle\u00bb css=\u00bb.vc_custom_1655311265994{background-image: url(https:\/\/spl-group.com\/wp-content\/uploads\/CEN-XFS-Support-bannerv2.jpg?id=1113) !important;background-position: center !important;background-repeat: no-repeat !important;background-size: cover !important;}\u00bb el_class=\u00bbmainHero\u00bb][vc_column][vc_column_text] Soporte CEN\/XFS [\/vc_column_text][\/vc_column][\/vc_row][vc_row full_width=\u00bbstretch_row_content\u00bb gap=\u00bb35&#8243;][vc_column width=\u00bb5\/6&#8243; offset=\u00bbvc_col-lg-6 vc_col-sm-offset-1&#8243;][vc_column_text]CEN\/XFS, antes conocido como WOSA\/XFS, sigue<span class=\"excerpt-hellip\"> [\u2026]<\/span><\/p>\n","protected":false},"author":4,"featured_media":0,"parent":13091,"menu_order":0,"comment_status":"closed","ping_status":"closed","template":"","meta":{"_seopress_robots_primary_cat":"","_seopress_titles_title":"Soporte CEN\/XFS | Grupo SPL","_seopress_titles_desc":"Los ingenieros y desarrolladores de software de SPL tienen mucha experiencia con desaf\u00edos que van desde la resoluci\u00f3n de problemas en capa de dispositivos hasta implementaciones y personalizaciones complejas.","_seopress_robots_index":"","footnotes":""},"class_list":["post-13113","page","type-page","status-publish","hentry"],"_links":{"self":[{"href":"https:\/\/spl-group.com\/es\/wp-json\/wp\/v2\/pages\/13113","targetHints":{"allow":["GET"]}}],"collection":[{"href":"https:\/\/spl-group.com\/es\/wp-json\/wp\/v2\/pages"}],"about":[{"href":"https:\/\/spl-group.com\/es\/wp-json\/wp\/v2\/types\/page"}],"author":[{"embeddable":true,"href":"https:\/\/spl-group.com\/es\/wp-json\/wp\/v2\/users\/4"}],"replies":[{"embeddable":true,"href":"https:\/\/spl-group.com\/es\/wp-json\/wp\/v2\/comments?post=13113"}],"version-history":[{"count":3,"href":"https:\/\/spl-group.com\/es\/wp-json\/wp\/v2\/pages\/13113\/revisions"}],"predecessor-version":[{"id":13241,"href":"https:\/\/spl-group.com\/es\/wp-json\/wp\/v2\/pages\/13113\/revisions\/13241"}],"up":[{"embeddable":true,"href":"https:\/\/spl-group.com\/es\/wp-json\/wp\/v2\/pages\/13091"}],"wp:attachment":[{"href":"https:\/\/spl-group.com\/es\/wp-json\/wp\/v2\/media?parent=13113"}],"curies":[{"name":"wp","href":"https:\/\/api.w.org\/{rel}","templated":true}]}}