{"id":13107,"date":"2022-06-14T23:55:43","date_gmt":"2022-06-14T23:55:43","guid":{"rendered":"https:\/\/spl-group.com\/soluciones\/iad-aplicacion-sw\/"},"modified":"2022-11-11T20:45:22","modified_gmt":"2022-11-11T20:45:22","slug":"iad-aplicacion-sw","status":"publish","type":"page","link":"https:\/\/spl-group.com\/es\/soluciones\/iad-aplicacion-sw\/","title":{"rendered":"IAD Aplicaci\u00f3n SW"},"content":{"rendered":"<div class=\"wpb-content-wrapper\"><p>[vc_row full_width=\u00bbstretch_row\u00bb content_placement=\u00bbmiddle\u00bb css=\u00bb.vc_custom_1655324705878{background-image: url(https:\/\/spl-group.com\/wp-content\/uploads\/iadv5.jpg?id=1129) !important;background-position: center !important;background-repeat: no-repeat !important;background-size: cover !important;}\u00bb el_class=\u00bbmainHero\u00bb][vc_column][vc_column_text]<\/p>\n<h1 class=\"title bem--whiteColor bem--shadowText\">IAD Aplicaci\u00f3n SW<\/h1>\n<p>[\/vc_column_text][\/vc_column][\/vc_row][vc_row full_width=\u00bbstretch_row_content\u00bb][vc_column offset=\u00bbvc_col-md-offset-1 vc_col-md-10&#8243;][vc_column_text]<span class=\"itemTitle bem--primaryColor\">IAD Aplicaci\u00f3n SW<\/span><br \/>\nEn SPL somos expertos en IAD (Despliegue de Cajeros Autom\u00e1ticos Independientes). Podemos redistribuir cajeros autom\u00e1ticos de calidad renovados o nuevos y convertirlos en puntos de venta que generen beneficios.<\/p>\n<p>El Grupo SPL puede ayudar a las MFIs a establecer sus propios IADs, sobre una base de consultor\u00eda, si hay razones para que una MFI en particular no quiera participar en un modelo de externalizaci\u00f3n de cajeros. Adem\u00e1s, SPL ofrece un DAI \u00abBank-at-Work\u00bb para un determinado grupo de empresarios, desplegando cajeros autom\u00e1ticos en los distintos centros de trabajo de la empresa. Cualquiera de estos modelos conlleva menos riesgo, ya que existe un \u00abmercado cautivo\u00bb en t\u00e9rminos de clientes y\/o empleados, respectivamente.<\/p>\n<p>El coste de explotaci\u00f3n de un IAD de cualquier tama\u00f1o de red puede contenerse si se controlan bien todos los gastos y se mantienen al m\u00ednimo, lo que se traduce en un aumento de los resultados y una alta rentabilidad. Adem\u00e1s, puede ser posible desplegar cajeros autom\u00e1ticos IAD en las proximidades de las ubicaciones de Externalizaci\u00f3n de Cajeros Autom\u00e1ticos donde se experimenta un alto tr\u00e1fico de transacciones, simplemente aprovechando los datos demogr\u00e1ficos ya conocidos. Es sumamente importante garantizar que los centros IAD sigan siendo rentables y que los centros no rentables se mantengan por debajo de un umbral aproximado de un m\u00e1ximo del 5% del total de la red.<\/p>\n<p><span class=\"itemTitle bem--primaryColor\">Otros Servicios relacionados<\/span>[\/vc_column_text][\/vc_column][\/vc_row][vc_row full_width=\u00bbstretch_row_content\u00bb css=\u00bb.vc_custom_1655262581072{background-color: #f5f5f5 !important;}\u00bb][vc_column offset=\u00bbvc_col-md-offset-1 vc_col-md-10 vc_col-sm-offset-0&#8243;][vc_row_inner gap=\u00bb35&#8243; el_class=\u00bbbem&#8211;centerHorizontal\u00bb][vc_column_inner width=\u00bb1\/2&#8243; offset=\u00bbvc_col-lg-4&#8243;][vc_single_image image=\u00bb1067&#8243; img_size=\u00bb150xauto\u00bb][vc_column_text]<span class=\"itemTitle bem--primaryColor\">Dep\u00f3sito Masivo de Efectivo Externalizado<\/span><br \/>\nTradicionalmente, este ha sido un servicio proporcionado por los bancos.<\/p>\n<p>Muchas peque\u00f1as empresas, por diversas razones, necesitan ir al banco fuera de horario y no siempre est\u00e1n cerca de una sucursal bancaria o quiz\u00e1s no hay ninguna sucursal bancaria cercana que ofrezca un Cajero Autom\u00e1tico TTW con funcionalidad BNA.<\/p>\n<p>En algunos lugares en los que un VTM est\u00e1 situado en un vest\u00edbulo o en el interior de un punto de venta, el dep\u00f3sito de dinero en efectivo a gran escala tambi\u00e9n podr\u00eda estar provisto para este fin. Por otra parte, si se determina que el volumen de transacciones previsto para un determinado emplazamiento de Cajero Autom\u00e1tico es elevado, esto puede justificar el coste adicional de un Cajero Autom\u00e1tico de reciclaje de efectivo con BNA frente a un cajero b\u00e1sico.[\/vc_column_text][vc_empty_space height=\u00bb10px\u00bb][\/vc_column_inner][vc_column_inner width=\u00bb1\/2&#8243; offset=\u00bbvc_col-lg-4&#8243;][vc_single_image image=\u00bb1068&#8243; img_size=\u00bb150xauto\u00bb][vc_column_text]<span class=\"itemTitle bem--primaryColor\">Trabajando con Esquemas de Tarjetas:<\/span><br \/>\nTambi\u00e9n existen numerosos sistemas de tarjetas en varios pa\u00edses en los que se requiere el acceso al dinero en efectivo. No todos los sistemas de tarjetas entran en esta categor\u00eda, pero para aquellas que s\u00ed lo hacen y en las que es financieramente viable hacerlo, SPL puede proporcionar una red de Cajeros Autom\u00e1ticos subcontratada o motivar la inclusi\u00f3n de dicho sistema en uno de los modelos de red existentes.[\/vc_column_text][vc_empty_space height=\u00bb10px\u00bb][\/vc_column_inner][vc_column_inner width=\u00bb1\/2&#8243; offset=\u00bbvc_col-lg-4&#8243;][vc_single_image image=\u00bb1069&#8243; img_size=\u00bb150xauto\u00bb][vc_column_text]<span class=\"itemTitle bem--primaryColor\">Esquemas de tarjetas<\/span><br \/>\nEn muchos pa\u00edses funcionan numerosos sistemas de tarjetas con muchas aplicaciones diferentes. Adem\u00e1s, todos los meses se ponen en marcha nuevos sistemas de tarjetas. Sin entrar en muchos detalles, basta decir que, con frecuencia, estos sistemas de tarjetas requieren el acceso a los Cajeros Autom\u00e1ticos y el resultado de poner a disposici\u00f3n los cajeros gestionados por SPL para este fin presenta la perspectiva de compartir los ingresos de las transacciones junto con los ingresos derivados de los otros servicios de los cajeros, como la recarga de tiempo aire prepago, las transferencias de dinero, los pagos de facturas de terceros, etc.[\/vc_column_text][vc_empty_space height=\u00bb10px\u00bb][\/vc_column_inner][vc_column_inner offset=\u00bbvc_hidden-md vc_hidden-sm vc_hidden-xs\u00bb][\/vc_column_inner][vc_column_inner width=\u00bb1\/2&#8243; offset=\u00bbvc_col-lg-4&#8243;][vc_single_image image=\u00bb1070&#8243; img_size=\u00bb150xauto\u00bb][vc_column_text]<span class=\"itemTitle bem--primaryColor\">Hardware para Cajeros Autom\u00e1ticos<\/span><br \/>\nEl hardware que se despliegue para cada modelo y en cada regi\u00f3n geogr\u00e1fica depender\u00e1 en gran medida de la funcionalidad y las caracter\u00edsticas necesarias para un proyecto concreto. No obstante, se sugiere que, siempre que sea posible, se utilicen cajeros autom\u00e1ticos reacondicionados o en buen estado para contener los costes.[\/vc_column_text][vc_empty_space height=\u00bb10px\u00bb][\/vc_column_inner][vc_column_inner width=\u00bb1\/2&#8243; offset=\u00bbvc_col-lg-5&#8243;][vc_single_image image=\u00bb1071&#8243; img_size=\u00bb150xauto\u00bb][vc_column_text]<span class=\"itemTitle bem--primaryColor\">Plataforma de Gesti\u00f3n de Redes y Software para Cajeros Autom\u00e1ticos<\/span><br \/>\nSPL ofrece tecnolog\u00eda est\u00e1ndar y disruptiva y varios modelos de despliegue de Cajeros Autom\u00e1ticos SPL con una oportunidad ideal para facilitar otros servicios proporcionados por el banco, incluyendo:<\/p>\n<p>El Canal de Clientes &#8211; dep\u00f3sito, transferencia de dinero, etc.<\/p>\n<p>Servicios integrados &#8211; transacciones interactivas en l\u00ednea, como productos de seguros proporcionados por el banco, mantenimiento\/promoci\u00f3n de la marca del banco, etc.[\/vc_column_text][vc_empty_space height=\u00bb10px\u00bb][\/vc_column_inner][\/vc_row_inner][\/vc_column][\/vc_row][vc_row full_width=\u00bbstretch_row_content\u00bb gap=\u00bb35&#8243;][vc_column width=\u00bb5\/6&#8243; offset=\u00bbvc_col-lg-6 vc_col-sm-offset-1&#8243;][vc_column_text]Tambi\u00e9n facilitamos un gran ahorro de costes gracias a nuestra capacidad para realizar cambios a distancia en tiempo real, evitando as\u00ed la interrupci\u00f3n del tiempo de funcionamiento de la red de Cajeros Autom\u00e1ticos y la necesidad de que los custodios o los t\u00e9cnicos tengan que realizar cambios\/actualizaciones, etc. SPL tambi\u00e9n puede facilitar y gestionar la red de Cajeros Autom\u00e1ticos en segmentos de mercado como el de viajes y turismo.<\/p>\n<p>Conversi\u00f3n de divisas en las tarjetas utilizadas en el extranjero y en los Cajeros Autom\u00e1ticos que dispensan varias divisas. Estos Cajeros Autom\u00e1ticos de tipo transaccional producen mayores ingresos debido al aspecto monetario y son importantes en la planificaci\u00f3n general de la ubicaci\u00f3n de sitio y marketing.<\/p>\n<p>Es importante tener en cuenta que siempre va a haber un coste de \u00aboportunidad\u00bb que se relaciona directamente con los aspectos de desarrollo empresarial de promoci\u00f3n, comercializaci\u00f3n y venta de este modelo de negocio. Para tener \u00e9xito, este modelo de negocio requiere una atenci\u00f3n directa y a tiempo completo. La recompensa ser\u00e1 un incremento de los ingresos recurrentes frente a los ingresos puntuales asociados a las ventas normales. El aspecto de los costes de los distintos modelos se\u00f1alados depende de m\u00faltiples factores y debe concretarse una vez que se haya acordado un proyecto en principio.<\/p>\n<p>Los costes son variables y muy espec\u00edficos de un proyecto o lugar concreto. El hardware que se va a desplegar depende del tipo de modelo y de los servicios correspondientes que va a proporcionar el Cajero Autom\u00e1tico. Si se incluyen los VTM, esto tiene una implicaci\u00f3n adicional en los costes.<\/p>\n<p>[\/vc_column_text][\/vc_column][vc_column width=\u00bb5\/6&#8243; offset=\u00bbvc_col-lg-offset-0 vc_col-lg-4 vc_col-sm-offset-1&#8243;][vc_single_image image=\u00bb1290&#8243; img_size=\u00bbfull\u00bb][\/vc_column][\/vc_row][vc_row full_width=\u00bbstretch_row_content_no_spaces\u00bb][vc_column offset=\u00bbvc_hidden-xs\u00bb][vc_single_image image=\u00bb1291&#8243; img_size=\u00bbfull\u00bb][\/vc_column][\/vc_row][vc_row full_width=\u00bbstretch_row_content\u00bb gap=\u00bb35&#8243;][vc_column width=\u00bb1\/2&#8243; offset=\u00bbvc_col-md-offset-1 vc_col-md-5&#8243;][vc_column_text]<span class=\"itemTitle bem--primaryColor\">Los costes siempre variar\u00e1n de un lugar a otro y de una regi\u00f3n a otra y, por lo general, entre otros muchos costes, pueden incluir:<\/span><br \/>\ncomunicaciones<br \/>\ncoste directo de las reparaciones, mantenimiento<br \/>\npiezas de repuesto<br \/>\nconsumibles<br \/>\ndesarrollo de software espec\u00edfico para redes<br \/>\nlicencias y software<br \/>\nutilidades<br \/>\nseguro[\/vc_column_text][\/vc_column][vc_column width=\u00bb1\/2&#8243; offset=\u00bbvc_col-md-5&#8243;][vc_column_text]<span class=\"itemTitle bem--primaryColor\">Los ingresos tambi\u00e9n dependen en gran medida de factores locales y pueden variar en funci\u00f3n del modelo desplegado, pero normalmente las fuentes de ingresos incluyen:<\/span><br \/>\nAlquiler de Cajeros Autom\u00e1ticos<br \/>\nintercambio de transacciones<br \/>\npublicidad en las pantallas de los cajeros autom\u00e1ticos<br \/>\nmarca del banco<br \/>\nhonorarios de consultor\u00eda<br \/>\ndescuentos en la venta de tiempo aire prepago<br \/>\ncomisiones por el pago de facturas de terceros<br \/>\ncomisiones sobre las transferencias de dinero<br \/>\npiezas\/reparaciones[\/vc_column_text][\/vc_column][\/vc_row][vc_row][vc_column width=\u00bb5\/6&#8243; offset=\u00bbvc_col-sm-offset-1&#8243;][vc_empty_space height=\u00bb35px\u00bb][vc_column_text el_class=\u00bbbem&#8211;centerText\u00bb]<span class=\"itemTitle bem--primaryColor\">La operaci\u00f3n de una red IAD puede ser muy gratificante, pero no puede tener \u00e9xito si se promociona, comercializa y vende a tiempo parcial. SPL est\u00e1 aqu\u00ed para ayudarle en este proceso; por favor p\u00f3ngase en contacto con nosotros para obtener informaci\u00f3n adicional y discutir sus necesidades.<\/span>[\/vc_column_text][vc_empty_space height=\u00bb35px\u00bb][\/vc_column][\/vc_row][vc_row full_width=\u00bbstretch_row_content_no_spaces\u00bb][vc_column][vc_raw_html css=\u00bb.vc_custom_1668199518984{margin-bottom: 0px !important;}\u00bb]JTVCc2MlMjBuYW1lJTNEJTIyZ2xvYmFsYmxvY2tfY29udGFjdGFub3MlMjIlNUQlNUIlMkZzYyU1RA==[\/vc_raw_html][\/vc_column][\/vc_row]<\/p>\n<\/div>","protected":false},"excerpt":{"rendered":"<p>[vc_row full_width=\u00bbstretch_row\u00bb content_placement=\u00bbmiddle\u00bb css=\u00bb.vc_custom_1655324705878{background-image: url(https:\/\/spl-group.com\/wp-content\/uploads\/iadv5.jpg?id=1129) !important;background-position: center !important;background-repeat: no-repeat !important;background-size: cover !important;}\u00bb el_class=\u00bbmainHero\u00bb][vc_column][vc_column_text] IAD Aplicaci\u00f3n SW [\/vc_column_text][\/vc_column][\/vc_row][vc_row full_width=\u00bbstretch_row_content\u00bb][vc_column offset=\u00bbvc_col-md-offset-1 vc_col-md-10&#8243;][vc_column_text]IAD Aplicaci\u00f3n SW En SPL somos expertos<span class=\"excerpt-hellip\"> [\u2026]<\/span><\/p>\n","protected":false},"author":4,"featured_media":0,"parent":13091,"menu_order":0,"comment_status":"closed","ping_status":"closed","template":"","meta":{"_seopress_robots_primary_cat":"","_seopress_titles_title":"IAD Aplicaci\u00f3n SW | Grupo SPL","_seopress_titles_desc":"En SPL somos expertos en IAD (Despliegue de Cajeros Autom\u00e1ticos Independientes). Podemos reubicar cajeros autom\u00e1ticos renovados con calidad o nuevos y convertirlos en puntos de efectivo que generen ganancias","_seopress_robots_index":"","footnotes":""},"class_list":["post-13107","page","type-page","status-publish","hentry"],"_links":{"self":[{"href":"https:\/\/spl-group.com\/es\/wp-json\/wp\/v2\/pages\/13107","targetHints":{"allow":["GET"]}}],"collection":[{"href":"https:\/\/spl-group.com\/es\/wp-json\/wp\/v2\/pages"}],"about":[{"href":"https:\/\/spl-group.com\/es\/wp-json\/wp\/v2\/types\/page"}],"author":[{"embeddable":true,"href":"https:\/\/spl-group.com\/es\/wp-json\/wp\/v2\/users\/4"}],"replies":[{"embeddable":true,"href":"https:\/\/spl-group.com\/es\/wp-json\/wp\/v2\/comments?post=13107"}],"version-history":[{"count":3,"href":"https:\/\/spl-group.com\/es\/wp-json\/wp\/v2\/pages\/13107\/revisions"}],"predecessor-version":[{"id":13233,"href":"https:\/\/spl-group.com\/es\/wp-json\/wp\/v2\/pages\/13107\/revisions\/13233"}],"up":[{"embeddable":true,"href":"https:\/\/spl-group.com\/es\/wp-json\/wp\/v2\/pages\/13091"}],"wp:attachment":[{"href":"https:\/\/spl-group.com\/es\/wp-json\/wp\/v2\/media?parent=13107"}],"curies":[{"name":"wp","href":"https:\/\/api.w.org\/{rel}","templated":true}]}}