{"id":13104,"date":"2022-06-14T23:17:54","date_gmt":"2022-06-14T23:17:54","guid":{"rendered":"https:\/\/spl-group.com\/soluciones\/soluciones-de-pago\/"},"modified":"2022-11-11T20:47:09","modified_gmt":"2022-11-11T20:47:09","slug":"soluciones-de-pago","status":"publish","type":"page","link":"https:\/\/spl-group.com\/es\/soluciones\/soluciones-de-pago\/","title":{"rendered":"Soluciones de Pago"},"content":{"rendered":"<div class=\"wpb-content-wrapper\"><p>[vc_row full_width=\u00bbstretch_row\u00bb content_placement=\u00bbmiddle\u00bb css=\u00bb.vc_custom_1655248215112{background-image: url(https:\/\/spl-group.com\/wp-content\/uploads\/paymentSolutions-banner.jpg?id=1055) !important;background-position: center !important;background-repeat: no-repeat !important;background-size: cover !important;}\u00bb el_class=\u00bbmainHero\u00bb][vc_column][vc_column_text]<\/p>\n<h1 class=\"title bem--whiteColor bem--shadowText\">Soluciones de Pago<\/h1>\n<p>[\/vc_column_text][\/vc_column][\/vc_row][vc_row full_width=\u00bbstretch_row_content\u00bb][vc_column width=\u00bb5\/6&#8243; offset=\u00bbvc_col-sm-offset-1&#8243;][vc_row_inner gap=\u00bb35&#8243;][vc_column_inner width=\u00bb1\/4&#8243; offset=\u00bbvc_col-lg-offset-0 vc_col-lg-2 vc_col-sm-offset-4 vc_col-xs-offset-3 vc_col-xs-6&#8243;][vc_single_image image=\u00bb134&#8243; img_size=\u00bb250xauto\u00bb alignment=\u00bbcenter\u00bb][\/vc_column_inner][vc_column_inner offset=\u00bbvc_col-lg-7&#8243;][vc_column_text]<span class=\"itemTitle inline bem--primaryColor\">Soluciones de Pago<\/span><br \/>\nEl r\u00e1pido crecimiento de los pagos digitales, los continuos cambios normativos y las innovadoras tecnolog\u00edas de pago est\u00e1n cambiando el panorama de las adquisiciones. Los adquirentes est\u00e1n incorporando continuamente nuevos clientes, expandi\u00e9ndose a regiones globales y explorando tecnolog\u00edas emergentes para superar las expectativas de los clientes. Esta tendencia ha aumentado la necesidad de un socio estrat\u00e9gico para los servicios de pasarela de pago. SPL, junto con sus socios, puede guiarle hasta el nivel de comodidad en el que los clientes finales pueden utilizar con confianza sus credenciales de pago sin comprometer la seguridad ni arriesgarse a fallas en el pago.<\/p>\n<p>SPL permite a los adquirentes ofrecer una plataforma de pasarela de pago omnicanal r\u00e1pida y segura. SPL proporciona las soluciones tecnol\u00f3gicas adecuadas para una r\u00e1pida implantaci\u00f3n, un elevado tiempo de funcionamiento, flexibilidad y capacidad de respuesta para alcanzar los objetivos empresariales de forma r\u00e1pida y eficaz.<\/p>\n<p>Nuestras soluciones ofrecen productos de alto rendimiento para los adquirentes y pueden gestionar un gran volumen de incorporaci\u00f3n de usuarios y titulares de cuentas, lo que se traduce en una mejora de los resultados de los comercios.<\/p>\n<p>[\/vc_column_text][\/vc_column_inner][vc_column_inner offset=\u00bbvc_col-lg-3&#8243;][vc_single_image image=\u00bb1056&#8243; img_size=\u00bbfull\u00bb alignment=\u00bbcenter\u00bb][\/vc_column_inner][\/vc_row_inner][\/vc_column][\/vc_row][vc_row full_width=\u00bbstretch_row_content\u00bb][vc_column width=\u00bb5\/6&#8243; offset=\u00bbvc_col-md-offset-2 vc_col-md-8 vc_col-sm-offset-1&#8243;][vc_column_text el_class=\u00bbbem&#8211;centerText\u00bb]<span class=\"itemTitle inline bem--primaryColor\">P\u00f3ngase en contacto con nosotros para obtener m\u00e1s informaci\u00f3n.<\/span>[\/vc_column_text][vc_empty_space height=\u00bb10px\u00bb][\/vc_column][\/vc_row][vc_row full_width=\u00bbstretch_row_content_no_spaces\u00bb][vc_column css=\u00bb.vc_custom_1653931124290{padding-top: 0px !important;}\u00bb][vc_raw_html css=\u00bb.vc_custom_1668199624800{margin-bottom: 0px !important;}\u00bb]JTVCc2MlMjBuYW1lJTNEJTIyZ2xvYmFsYmxvY2tfY29udGFjdGFub3MlMjIlNUQlNUIlMkZzYyU1RA==[\/vc_raw_html][\/vc_column][\/vc_row]<\/p>\n<\/div>","protected":false},"excerpt":{"rendered":"<p>[vc_row full_width=\u00bbstretch_row\u00bb content_placement=\u00bbmiddle\u00bb css=\u00bb.vc_custom_1655248215112{background-image: url(https:\/\/spl-group.com\/wp-content\/uploads\/paymentSolutions-banner.jpg?id=1055) !important;background-position: center !important;background-repeat: no-repeat !important;background-size: cover !important;}\u00bb el_class=\u00bbmainHero\u00bb][vc_column][vc_column_text] Soluciones de Pago [\/vc_column_text][\/vc_column][\/vc_row][vc_row full_width=\u00bbstretch_row_content\u00bb][vc_column width=\u00bb5\/6&#8243; offset=\u00bbvc_col-sm-offset-1&#8243;][vc_row_inner gap=\u00bb35&#8243;][vc_column_inner width=\u00bb1\/4&#8243; offset=\u00bbvc_col-lg-offset-0 vc_col-lg-2 vc_col-sm-offset-4 vc_col-xs-offset-3<span class=\"excerpt-hellip\"> [\u2026]<\/span><\/p>\n","protected":false},"author":4,"featured_media":0,"parent":13091,"menu_order":0,"comment_status":"closed","ping_status":"closed","template":"","meta":{"_seopress_robots_primary_cat":"","_seopress_titles_title":"Soluciones de Pago | Grupo SPL","_seopress_titles_desc":"SPL permite a los adquirentes ofrecer una plataforma de pasarela de pago omnicanal segura, al proporcionar las soluciones tecnol\u00f3gicas adecuadas para una implementaci\u00f3n r\u00e1pida y un alto tiempo de actividad","_seopress_robots_index":"","footnotes":""},"class_list":["post-13104","page","type-page","status-publish","hentry"],"_links":{"self":[{"href":"https:\/\/spl-group.com\/es\/wp-json\/wp\/v2\/pages\/13104","targetHints":{"allow":["GET"]}}],"collection":[{"href":"https:\/\/spl-group.com\/es\/wp-json\/wp\/v2\/pages"}],"about":[{"href":"https:\/\/spl-group.com\/es\/wp-json\/wp\/v2\/types\/page"}],"author":[{"embeddable":true,"href":"https:\/\/spl-group.com\/es\/wp-json\/wp\/v2\/users\/4"}],"replies":[{"embeddable":true,"href":"https:\/\/spl-group.com\/es\/wp-json\/wp\/v2\/comments?post=13104"}],"version-history":[{"count":3,"href":"https:\/\/spl-group.com\/es\/wp-json\/wp\/v2\/pages\/13104\/revisions"}],"predecessor-version":[{"id":13240,"href":"https:\/\/spl-group.com\/es\/wp-json\/wp\/v2\/pages\/13104\/revisions\/13240"}],"up":[{"embeddable":true,"href":"https:\/\/spl-group.com\/es\/wp-json\/wp\/v2\/pages\/13091"}],"wp:attachment":[{"href":"https:\/\/spl-group.com\/es\/wp-json\/wp\/v2\/media?parent=13104"}],"curies":[{"name":"wp","href":"https:\/\/api.w.org\/{rel}","templated":true}]}}