{"id":13091,"date":"2022-06-28T12:08:15","date_gmt":"2022-06-28T12:08:15","guid":{"rendered":"https:\/\/spl-group.com\/soluciones\/"},"modified":"2022-10-06T15:58:52","modified_gmt":"2022-10-06T15:58:52","slug":"soluciones","status":"publish","type":"page","link":"https:\/\/spl-group.com\/es\/soluciones\/","title":{"rendered":"Soluciones"},"content":{"rendered":"<div class=\"wpb-content-wrapper\"><p>[vc_row full_width=\u00bbstretch_row\u00bb content_placement=\u00bbmiddle\u00bb css=\u00bb.vc_custom_1656419016663{background-image: url(https:\/\/spl-group.com\/wp-content\/uploads\/solutions-banner-header.jpg?id=1343) !important;background-position: center !important;background-repeat: no-repeat !important;background-size: cover !important;}\u00bb el_class=\u00bbmainHero\u00bb][vc_column][vc_column_text]<\/p>\n<h1 class=\"title bem--whiteColor bem--shadowText\">Soluciones<\/h1>\n<p>[\/vc_column_text][\/vc_column][\/vc_row][vc_row full_width=\u00bbstretch_row\u00bb gap=\u00bb35&#8243;][vc_column offset=\u00bbvc_col-lg-12 vc_col-md-12 vc_col-sm-offset-0&#8243;][vc_row_inner el_class=\u00bbbem&#8211;centerHorizontal\u00bb][vc_column_inner width=\u00bb1\/4&#8243; offset=\u00bbvc_col-lg-3 vc_col-md-3&#8243;][vc_single_image image=\u00bb131&#8243; img_size=\u00bb100xauto\u00bb][vc_column_text]<span class=\"itemTitle bem--primaryColor\">Monitoreo de Cajeros Autom\u00e1ticos<\/span><br \/>\nSAM es una soluci\u00f3n de monitoreo de cajeros autom\u00e1ticos de nueva generaci\u00f3n dise\u00f1ada para ayudar al ecosistema bancario a gestionar, mantener y supervisar todo el ciclo de vida de las operaciones de Cajeros Autom\u00e1ticos.[\/vc_column_text][vc_empty_space height=\u00bb10px\u00bb][\/vc_column_inner][vc_column_inner width=\u00bb1\/4&#8243; offset=\u00bbvc_col-lg-3 vc_col-md-3 vc_col-sm-offset-0&#8243;][vc_single_image image=\u00bb132&#8243; img_size=\u00bb100xauto\u00bb][vc_column_text]<span class=\"itemTitle bem--primaryColor\">IAD Aplicaci\u00f3n SW<\/span><br \/>\nSomos expertos en el Despliegue de Cajeros Autom\u00e1ticos Independientes. Podemos redistribuir Cajeros Autom\u00e1ticos renovados con calidad o nuevos y convertirlos en puntos de venta que generen beneficios. SPL est\u00e1 aqu\u00ed para ayudarle en este proceso[\/vc_column_text][vc_empty_space height=\u00bb10px\u00bb][\/vc_column_inner][vc_column_inner width=\u00bb1\/4&#8243; offset=\u00bbvc_col-lg-3 vc_col-sm-offset-0&#8243;][vc_single_image image=\u00bb133&#8243; img_size=\u00bb100xauto\u00bb][vc_column_text]<span class=\"itemTitle bem--primaryColor\">CEN\/XFS<\/span><br \/>\nCEN\/XFS, antes conocido como WOSA\/XFS, sigue siendo el software est\u00e1ndar de la industria para Cajeros Autom\u00e1ticos. Somos compatibles con NDC+, DDC y el relativamente nuevo protocolo ISO 20020.[\/vc_column_text][vc_empty_space height=\u00bb10px\u00bb][\/vc_column_inner][vc_column_inner width=\u00bb1\/4&#8243;][vc_single_image image=\u00bb134&#8243; img_size=\u00bb100xauto\u00bb][vc_column_text]<span class=\"itemTitle bem--primaryColor\">Soluciones de Pago<\/span><br \/>\nSPL permite a los adquirentes ofrecer una plataforma de pasarela de pago omnicanal r\u00e1pida y segura. Proporcionamos las soluciones tecnol\u00f3gicas adecuadas para un despliegue r\u00e1pido, un alto tiempo de actividad, flexibilidad y capacidad de respuesta.[\/vc_column_text][vc_empty_space height=\u00bb10px\u00bb][\/vc_column_inner][\/vc_row_inner][vc_row_inner el_class=\u00bbbem&#8211;centerHorizontal\u00bb][vc_column_inner width=\u00bb1\/3&#8243; offset=\u00bbvc_col-lg-offset-1 vc_col-lg-3 vc_col-md-3&#8243;][vc_single_image image=\u00bb135&#8243; img_size=\u00bb100xauto\u00bb][vc_column_text]<span class=\"itemTitle bem--primaryColor\">Soluciones Biom\u00e9tricas<\/span><br \/>\nLas soluciones Biom\u00e9tricas de SPL son ampliamente utilizadas por bancos de todo el mundo. Nuestras soluciones permiten a los bancos identificar correctamente a sus clientes sin riesgo de falsificaci\u00f3n, fraude y robo de identidad.[\/vc_column_text][vc_empty_space height=\u00bb10px\u00bb][\/vc_column_inner][vc_column_inner width=\u00bb1\/3&#8243; offset=\u00bbvc_col-lg-offset-0 vc_col-lg-3 vc_col-md-3 vc_col-sm-offset-0&#8243;][vc_single_image image=\u00bb136&#8243; img_size=\u00bb100xauto\u00bb][vc_column_text]<span class=\"itemTitle bem--primaryColor\">Soluciones de Identidad Digital<\/span><br \/>\nLas ventajas de las Identidades Digitales son infinitas y son imprescindibles en la econom\u00eda global y el entorno bancario de hoy en d\u00eda.SPL puede guiarle en la elecci\u00f3n de la mejor soluci\u00f3n para sus necesidades.[\/vc_column_text][vc_empty_space height=\u00bb10px\u00bb][\/vc_column_inner][vc_column_inner width=\u00bb1\/3&#8243; offset=\u00bbvc_col-lg-3 vc_col-md-3&#8243;][vc_single_image image=\u00bb137&#8243; img_size=\u00bb100xauto\u00bb][vc_column_text]<span class=\"itemTitle bem--primaryColor\">Soluciones de Microfinanciaci\u00f3n y Monederos M\u00f3viles<\/span><br \/>\nOfrecemos una amplia gama de las mejores soluciones de monedero m\u00f3vil, productos de banca m\u00f3vil, soluciones de pago por m\u00f3vil y productos de comercio m\u00f3vil.[\/vc_column_text][vc_empty_space height=\u00bb10px\u00bb][\/vc_column_inner][\/vc_row_inner][\/vc_column][\/vc_row][vc_row full_width=\u00bbstretch_row_content_no_spaces\u00bb][vc_column][vc_raw_html css=\u00bb.vc_custom_1654709122634{margin-bottom: 0px !important;}\u00bb]W3NjIG5hbWU9Imdsb2JhbGJsb2NrX2NvbnRhY3R1cyJdWy9zY10=[\/vc_raw_html][\/vc_column][\/vc_row]<\/p>\n<\/div>","protected":false},"excerpt":{"rendered":"<p>[vc_row full_width=\u00bbstretch_row\u00bb content_placement=\u00bbmiddle\u00bb css=\u00bb.vc_custom_1656419016663{background-image: url(https:\/\/spl-group.com\/wp-content\/uploads\/solutions-banner-header.jpg?id=1343) !important;background-position: center !important;background-repeat: no-repeat !important;background-size: cover !important;}\u00bb el_class=\u00bbmainHero\u00bb][vc_column][vc_column_text] Soluciones [\/vc_column_text][\/vc_column][\/vc_row][vc_row full_width=\u00bbstretch_row\u00bb gap=\u00bb35&#8243;][vc_column offset=\u00bbvc_col-lg-12 vc_col-md-12 vc_col-sm-offset-0&#8243;][vc_row_inner el_class=\u00bbbem&#8211;centerHorizontal\u00bb][vc_column_inner width=\u00bb1\/4&#8243; offset=\u00bbvc_col-lg-3 vc_col-md-3&#8243;][vc_single_image image=\u00bb131&#8243; img_size=\u00bb100xauto\u00bb][vc_column_text]Monitoreo<span class=\"excerpt-hellip\"> [\u2026]<\/span><\/p>\n","protected":false},"author":5,"featured_media":0,"parent":0,"menu_order":0,"comment_status":"closed","ping_status":"closed","template":"","meta":{"_seopress_robots_primary_cat":"","_seopress_titles_title":"Soluciones | Grupo SPL","_seopress_titles_desc":"A trav\u00e9s de nuestra experiencia, podemos ofrecer una amplia gama de las mejores soluciones bancarias que se adaptan a sus necesidades y se ajustan a sus requisitos.","_seopress_robots_index":"","footnotes":""},"class_list":["post-13091","page","type-page","status-publish","hentry"],"_links":{"self":[{"href":"https:\/\/spl-group.com\/es\/wp-json\/wp\/v2\/pages\/13091","targetHints":{"allow":["GET"]}}],"collection":[{"href":"https:\/\/spl-group.com\/es\/wp-json\/wp\/v2\/pages"}],"about":[{"href":"https:\/\/spl-group.com\/es\/wp-json\/wp\/v2\/types\/page"}],"author":[{"embeddable":true,"href":"https:\/\/spl-group.com\/es\/wp-json\/wp\/v2\/users\/5"}],"replies":[{"embeddable":true,"href":"https:\/\/spl-group.com\/es\/wp-json\/wp\/v2\/comments?post=13091"}],"version-history":[{"count":2,"href":"https:\/\/spl-group.com\/es\/wp-json\/wp\/v2\/pages\/13091\/revisions"}],"predecessor-version":[{"id":13093,"href":"https:\/\/spl-group.com\/es\/wp-json\/wp\/v2\/pages\/13091\/revisions\/13093"}],"wp:attachment":[{"href":"https:\/\/spl-group.com\/es\/wp-json\/wp\/v2\/media?parent=13091"}],"curies":[{"name":"wp","href":"https:\/\/api.w.org\/{rel}","templated":true}]}}