{"id":13085,"date":"2022-06-14T22:26:30","date_gmt":"2022-06-14T22:26:30","guid":{"rendered":"https:\/\/spl-group.com\/servicios\/formacion\/"},"modified":"2022-11-11T20:43:26","modified_gmt":"2022-11-11T20:43:26","slug":"formacion","status":"publish","type":"page","link":"https:\/\/spl-group.com\/es\/servicios\/formacion\/","title":{"rendered":"Formaci\u00f3n"},"content":{"rendered":"<div class=\"wpb-content-wrapper\"><p>[vc_row full_width=\u00bbstretch_row\u00bb content_placement=\u00bbmiddle\u00bb css=\u00bb.vc_custom_1655244412578{background-image: url(https:\/\/spl-group.com\/wp-content\/uploads\/training-banner.jpg?id=1036) !important;background-position: center !important;background-repeat: no-repeat !important;background-size: cover !important;}\u00bb el_class=\u00bbmainHero\u00bb][vc_column][vc_column_text]<\/p>\n<h1 class=\"title bem--whiteColor bem--shadowText\">Formaci\u00f3n<\/h1>\n<p>[\/vc_column_text][\/vc_column][\/vc_row][vc_row full_width=\u00bbstretch_row_content\u00bb][vc_column width=\u00bb5\/6&#8243; offset=\u00bbvc_col-sm-offset-1&#8243;][vc_row_inner gap=\u00bb35&#8243;][vc_column_inner width=\u00bb1\/4&#8243; offset=\u00bbvc_col-lg-offset-0 vc_col-lg-2 vc_col-sm-offset-4 vc_col-xs-offset-3 vc_col-xs-6&#8243;][vc_single_image image=\u00bb771&#8243; img_size=\u00bb250xauto\u00bb alignment=\u00bbcenter\u00bb][\/vc_column_inner][vc_column_inner offset=\u00bbvc_col-lg-7&#8243;][vc_column_text]<span class=\"itemTitle inline bem--primaryColor\">El Programa de Formaci\u00f3n T\u00e9cnica de SPL<\/span><br \/>\nEl Grupo SPL ha ampliado recientemente sus programas, de categor\u00eda mundial, de formaci\u00f3n t\u00e9cnica en Cajeros Autom\u00e1ticos a clientes selectos. La pol\u00edtica del Grupo SPL exige que los nuevos t\u00e9cnicos de Cajeros Autom\u00e1ticos se inscriban en el programa de formaci\u00f3n t\u00e9cnica de SPL. Estos programas de formaci\u00f3n preparan y ense\u00f1an a los empleados los conocimientos necesarios para convertirse en t\u00e9cnicos de Cajeros Autom\u00e1ticos cualificados en los productos de m\u00faltiples proveedores.<\/p>\n<p>Los clientes pueden elegir que sus empleados reciban formaci\u00f3n en cualquiera de las instalaciones del Grupo SPL en Alemania o en Estados Unidos. Como alternativa, nuestros instructores pueden desplazarse a su localidad y facilitar una sesi\u00f3n de formaci\u00f3n en el lugar que usted elija. Los cursos pueden ser personalizados para adaptarse a sus necesidades espec\u00edficas.<\/p>\n<p>El programa de formaci\u00f3n t\u00e9cnica de SPL ofrece a los aspirantes y t\u00e9cnicos de Cajeros Autom\u00e1ticos existentes la posibilidad de conocer un grupo m\u00e1s amplio de Cajeros Autom\u00e1ticos y piezas de proveedores. Los alumnos aprenden sobre la localizaci\u00f3n de aver\u00edas, las reparaciones b\u00e1sicas, la identificaci\u00f3n de piezas y los procedimientos y ciclos de mantenimiento preventivo. Al final del programa de formaci\u00f3n, los alumnos habr\u00e1n aumentado sus conocimientos t\u00e9cnicos y recibir\u00e1n el certificado de t\u00e9cnico especializado en Cajeros Autom\u00e1ticos de SPL.<\/p>\n<p>Nuestro programa de formaci\u00f3n multiproveedor est\u00e1 reconocido entre los profesionales de la industria de Cajeros Autom\u00e1ticos.[\/vc_column_text][\/vc_column_inner][vc_column_inner offset=\u00bbvc_col-lg-3&#8243;][vc_single_image image=\u00bb1040&#8243; img_size=\u00bbfull\u00bb alignment=\u00bbcenter\u00bb][\/vc_column_inner][\/vc_row_inner][\/vc_column][\/vc_row][vc_row full_width=\u00bbstretch_row_content\u00bb][vc_column width=\u00bb5\/6&#8243; offset=\u00bbvc_col-md-offset-2 vc_col-md-8 vc_col-sm-offset-1&#8243;][vc_column_text el_class=\u00bbbem&#8211;centerText\u00bb]<span class=\"itemTitle inline bem--primaryColor\">P\u00f3ngase en contacto con nosotros si tiene alguna duda o necesita m\u00e1s informaci\u00f3n sobre nuestro Programa de Formaci\u00f3n<\/span>[\/vc_column_text][vc_empty_space height=\u00bb10px\u00bb][\/vc_column][\/vc_row][vc_row full_width=\u00bbstretch_row_content_no_spaces\u00bb][vc_column css=\u00bb.vc_custom_1653931124290{padding-top: 0px !important;}\u00bb][vc_raw_html css=\u00bb.vc_custom_1668199401860{margin-bottom: 0px !important;}\u00bb]JTVCc2MlMjBuYW1lJTNEJTIyZ2xvYmFsYmxvY2tfY29udGFjdGFub3MlMjIlNUQlNUIlMkZzYyU1RA==[\/vc_raw_html][\/vc_column][\/vc_row]<\/p>\n<\/div>","protected":false},"excerpt":{"rendered":"<p>[vc_row full_width=\u00bbstretch_row\u00bb content_placement=\u00bbmiddle\u00bb css=\u00bb.vc_custom_1655244412578{background-image: url(https:\/\/spl-group.com\/wp-content\/uploads\/training-banner.jpg?id=1036) !important;background-position: center !important;background-repeat: no-repeat !important;background-size: cover !important;}\u00bb el_class=\u00bbmainHero\u00bb][vc_column][vc_column_text] Formaci\u00f3n [\/vc_column_text][\/vc_column][\/vc_row][vc_row full_width=\u00bbstretch_row_content\u00bb][vc_column width=\u00bb5\/6&#8243; offset=\u00bbvc_col-sm-offset-1&#8243;][vc_row_inner gap=\u00bb35&#8243;][vc_column_inner width=\u00bb1\/4&#8243; offset=\u00bbvc_col-lg-offset-0 vc_col-lg-2 vc_col-sm-offset-4 vc_col-xs-offset-3 vc_col-xs-6&#8243;][vc_single_image image=\u00bb771&#8243;<span class=\"excerpt-hellip\"> [\u2026]<\/span><\/p>\n","protected":false},"author":4,"featured_media":0,"parent":13067,"menu_order":0,"comment_status":"closed","ping_status":"open","template":"","meta":{"_seopress_robots_primary_cat":"","_seopress_titles_title":"El Programa de Formaci\u00f3n T\u00e9cnica de SPL","_seopress_titles_desc":"Estos programas de formaci\u00f3n preparan y ense\u00f1an a los empleados los conocimientos necesarios para convertirse en t\u00e9cnicos de Cajeros Autom\u00e1ticos cualificados en los productos de m\u00faltiples proveedores.","_seopress_robots_index":"","footnotes":""},"class_list":["post-13085","page","type-page","status-publish","hentry"],"_links":{"self":[{"href":"https:\/\/spl-group.com\/es\/wp-json\/wp\/v2\/pages\/13085","targetHints":{"allow":["GET"]}}],"collection":[{"href":"https:\/\/spl-group.com\/es\/wp-json\/wp\/v2\/pages"}],"about":[{"href":"https:\/\/spl-group.com\/es\/wp-json\/wp\/v2\/types\/page"}],"author":[{"embeddable":true,"href":"https:\/\/spl-group.com\/es\/wp-json\/wp\/v2\/users\/4"}],"replies":[{"embeddable":true,"href":"https:\/\/spl-group.com\/es\/wp-json\/wp\/v2\/comments?post=13085"}],"version-history":[{"count":6,"href":"https:\/\/spl-group.com\/es\/wp-json\/wp\/v2\/pages\/13085\/revisions"}],"predecessor-version":[{"id":13232,"href":"https:\/\/spl-group.com\/es\/wp-json\/wp\/v2\/pages\/13085\/revisions\/13232"}],"up":[{"embeddable":true,"href":"https:\/\/spl-group.com\/es\/wp-json\/wp\/v2\/pages\/13067"}],"wp:attachment":[{"href":"https:\/\/spl-group.com\/es\/wp-json\/wp\/v2\/media?parent=13085"}],"curies":[{"name":"wp","href":"https:\/\/api.w.org\/{rel}","templated":true}]}}