{"id":13082,"date":"2022-06-15T13:29:20","date_gmt":"2022-06-15T13:29:20","guid":{"rendered":"https:\/\/spl-group.com\/servicios\/reutilizacion-y-reciclaje\/"},"modified":"2022-11-11T20:42:57","modified_gmt":"2022-11-11T20:42:57","slug":"reutilizacion-y-reciclaje","status":"publish","type":"page","link":"https:\/\/spl-group.com\/es\/servicios\/reutilizacion-y-reciclaje\/","title":{"rendered":"Reutilizaci\u00f3n y Reciclaje"},"content":{"rendered":"<div class=\"wpb-content-wrapper\"><p>[vc_row full_width=\u00bbstretch_row\u00bb content_placement=\u00bbmiddle\u00bb css=\u00bb.vc_custom_1655299705407{background-image: url(https:\/\/spl-group.com\/wp-content\/uploads\/recycling-spl-banner.jpg?id=1079) !important;background-position: center !important;background-repeat: no-repeat !important;background-size: cover !important;}\u00bb el_class=\u00bbmainHero\u00bb][vc_column][vc_column_text]<\/p>\n<h1 class=\"title bem--whiteColor bem--shadowText\">Reutilizaci\u00f3n y Reciclaje<\/h1>\n<p>[\/vc_column_text][\/vc_column][\/vc_row][vc_row full_width=\u00bbstretch_row_content\u00bb css=\u00bb.vc_custom_1654716865234{padding-top: 30px !important;padding-bottom: 10px !important;}\u00bb][vc_column width=\u00bb1\/3&#8243; offset=\u00bbvc_col-md-offset-0 vc_col-md-3 vc_col-sm-offset-4&#8243;][vc_single_image image=\u00bb769&#8243; img_size=\u00bb150xauto\u00bb alignment=\u00bbright\u00bb css=\u00bb.vc_custom_1655475422633{padding-right: 30px !important;}\u00bb el_class=\u00bbhide-mob\u00bb][vc_single_image image=\u00bb769&#8243; img_size=\u00bb150xauto\u00bb alignment=\u00bbcenter\u00bb css=\u00bb.vc_custom_1655475417821{padding-right: 30px !important;}\u00bb el_class=\u00bbmobile-only\u00bb][\/vc_column][vc_column width=\u00bb5\/6&#8243; offset=\u00bbvc_col-lg-offset-0 vc_col-md-offset-0 vc_col-md-6 vc_col-sm-offset-1&#8243;][vc_column_text]<span class=\"itemTitle inline bem--primaryColor\">Reutilizaci\u00f3n y Reciclaje<\/span><\/p>\n<p>La reutilizaci\u00f3n, el reciclaje, la reparaci\u00f3n y el reacondicionamiento de equipos bancarios y financieros es nuestro principal modelo de negocio. Los equipos reacondicionados ahorran dinero a nuestros clientes y prolongan el ciclo de vida del producto. El Grupo SPL ofrece servicios de eliminaci\u00f3n y reciclaje de Cajeros Autom\u00e1ticos a nuestros clientes. Los productos de Cajeros Autom\u00e1ticos usados se someten a pruebas para su reparaci\u00f3n o reacondicionamiento, se desmontan para obtener piezas o se eliminan a trav\u00e9s de los canales de reciclaje adecuados. El Grupo SPL adopt\u00f3 la Coalici\u00f3n Ciudadana de la Industria Electr\u00f3nica (EICC) y su C\u00f3digo de Conducta (CoC). Nuestro personal est\u00e1 formado para integrar y promover el C\u00f3digo de Conducta en los procesos de contrataci\u00f3n.<\/p>\n<p>SPL ha desarrollado una pol\u00edtica de gesti\u00f3n de residuos que consta de dos grandes categor\u00edas: Prevenci\u00f3n de residuos \/ Reducci\u00f3n en origen y reutilizaci\u00f3n &amp; reciclaje. La aplicaci\u00f3n de estas pol\u00edticas nos ha permitido obtener tasas de reciclaje de hasta el 60% de nuestros residuos. Nuestro objetivo es aumentar el porcentaje de material reciclado en un 10% adicional.<\/p>\n<p>Adem\u00e1s, se ha iniciado la implantaci\u00f3n de la certificaci\u00f3n ISO14001 EMS, que se sumar\u00e1 a nuestra certificaci\u00f3n ISO9001:2008 QMS.<\/p>\n<p>[\/vc_column_text][\/vc_column][vc_column width=\u00bb2\/3&#8243; offset=\u00bbvc_col-lg-offset-0 vc_col-md-offset-0 vc_col-md-3 vc_col-sm-offset-2&#8243;][vc_single_image image=\u00bb1083&#8243; img_size=\u00bbfull\u00bb alignment=\u00bbcenter\u00bb][\/vc_column][\/vc_row][vc_row full_width=\u00bbstretch_row_content\u00bb css=\u00bb.vc_custom_1655299948048{padding-top: 20px !important;}\u00bb][vc_column css=\u00bb.vc_custom_1653931124290{padding-top: 0px !important;}\u00bb][vc_column_text]<\/p>\n<p style=\"text-align: center;\"><span class=\"itemTitle inline bem--primaryColor\">Si desea informaci\u00f3n adicional, rellene el siguiente formulario. Uno de nuestros especialistas se pondr\u00e1 en contacto con usted para discutir la amplia gama de opciones disponibles.<\/span><\/p>\n<p>[\/vc_column_text][\/vc_column][\/vc_row][vc_row full_width=\u00bbstretch_row_content_no_spaces\u00bb][vc_column css=\u00bb.vc_custom_1653931124290{padding-top: 0px !important;}\u00bb][vc_raw_html css=\u00bb.vc_custom_1668199373830{margin-bottom: 0px !important;}\u00bb]JTVCc2MlMjBuYW1lJTNEJTIyZ2xvYmFsYmxvY2tfY29udGFjdGFub3MlMjIlNUQlNUIlMkZzYyU1RA==[\/vc_raw_html][\/vc_column][\/vc_row]<\/p>\n<\/div>","protected":false},"excerpt":{"rendered":"<p>[vc_row full_width=\u00bbstretch_row\u00bb content_placement=\u00bbmiddle\u00bb css=\u00bb.vc_custom_1655299705407{background-image: url(https:\/\/spl-group.com\/wp-content\/uploads\/recycling-spl-banner.jpg?id=1079) !important;background-position: center !important;background-repeat: no-repeat !important;background-size: cover !important;}\u00bb el_class=\u00bbmainHero\u00bb][vc_column][vc_column_text] Reutilizaci\u00f3n y Reciclaje [\/vc_column_text][\/vc_column][\/vc_row][vc_row full_width=\u00bbstretch_row_content\u00bb css=\u00bb.vc_custom_1654716865234{padding-top: 30px !important;padding-bottom: 10px !important;}\u00bb][vc_column width=\u00bb1\/3&#8243; offset=\u00bbvc_col-md-offset-0 vc_col-md-3<span class=\"excerpt-hellip\"> [\u2026]<\/span><\/p>\n","protected":false},"author":3,"featured_media":0,"parent":13067,"menu_order":0,"comment_status":"closed","ping_status":"open","template":"","meta":{"_seopress_robots_primary_cat":"","_seopress_titles_title":"Reutilizaci\u00f3n &amp; Reciclaje | Grupo SPL","_seopress_titles_desc":"La reutilizaci\u00f3n, el reciclaje, la reparaci\u00f3n y el reacondicionamiento de equipos bancarios y financieros es nuestro principal modelo de negocio. Ofrecemos servicios de eliminaci\u00f3n y reciclaje de Cajeros Autom\u00e1ticos","_seopress_robots_index":"","footnotes":""},"class_list":["post-13082","page","type-page","status-publish","hentry"],"_links":{"self":[{"href":"https:\/\/spl-group.com\/es\/wp-json\/wp\/v2\/pages\/13082","targetHints":{"allow":["GET"]}}],"collection":[{"href":"https:\/\/spl-group.com\/es\/wp-json\/wp\/v2\/pages"}],"about":[{"href":"https:\/\/spl-group.com\/es\/wp-json\/wp\/v2\/types\/page"}],"author":[{"embeddable":true,"href":"https:\/\/spl-group.com\/es\/wp-json\/wp\/v2\/users\/3"}],"replies":[{"embeddable":true,"href":"https:\/\/spl-group.com\/es\/wp-json\/wp\/v2\/comments?post=13082"}],"version-history":[{"count":3,"href":"https:\/\/spl-group.com\/es\/wp-json\/wp\/v2\/pages\/13082\/revisions"}],"predecessor-version":[{"id":13231,"href":"https:\/\/spl-group.com\/es\/wp-json\/wp\/v2\/pages\/13082\/revisions\/13231"}],"up":[{"embeddable":true,"href":"https:\/\/spl-group.com\/es\/wp-json\/wp\/v2\/pages\/13067"}],"wp:attachment":[{"href":"https:\/\/spl-group.com\/es\/wp-json\/wp\/v2\/media?parent=13082"}],"curies":[{"name":"wp","href":"https:\/\/api.w.org\/{rel}","templated":true}]}}