{"id":13079,"date":"2022-06-15T16:04:10","date_gmt":"2022-06-15T16:04:10","guid":{"rendered":"https:\/\/spl-group.com\/servicios\/reacondicionamiento\/"},"modified":"2022-11-11T20:42:25","modified_gmt":"2022-11-11T20:42:25","slug":"reacondicionamiento","status":"publish","type":"page","link":"https:\/\/spl-group.com\/es\/servicios\/reacondicionamiento\/","title":{"rendered":"Reacondicionamiento"},"content":{"rendered":"<div class=\"wpb-content-wrapper\"><p>[vc_row full_width=\u00bbstretch_row\u00bb content_placement=\u00bbmiddle\u00bb css=\u00bb.vc_custom_1655313269552{background-image: url(https:\/\/spl-group.com\/wp-content\/uploads\/refurbishment-head-img.jpg?id=1124) !important;background-position: center !important;background-repeat: no-repeat !important;background-size: cover !important;}\u00bb el_class=\u00bbmainHero\u00bb][vc_column][vc_column_text]<\/p>\n<h1 class=\"title bem--whiteColor bem--shadowText\">Reacondicionamiento<\/h1>\n<p>[\/vc_column_text][\/vc_column][\/vc_row][vc_row full_width=\u00bbstretch_row_content\u00bb][vc_column width=\u00bb5\/6&#8243; offset=\u00bbvc_col-lg-offset-1 vc_col-lg-10&#8243;][vc_row_inner][vc_column_inner offset=\u00bbvc_col-lg-offset-0 vc_col-lg-12 vc_col-md-offset-1 vc_col-sm-offset-1&#8243;][vc_column_text]<span class=\"itemTitle inline bem--primaryColor\">Programas de renovaci\u00f3n de SPL<\/span>[\/vc_column_text][\/vc_column_inner][\/vc_row_inner][\/vc_column][\/vc_row][vc_row full_width=\u00bbstretch_row_content\u00bb][vc_column width=\u00bb5\/6&#8243; offset=\u00bbvc_col-lg-offset-1 vc_col-lg-10&#8243;][vc_row_inner][vc_column_inner width=\u00bb1\/4&#8243; offset=\u00bbvc_col-lg-offset-0 vc_col-lg-2 vc_col-md-offset-6 vc_col-sm-offset-6 vc_col-xs-offset-3 vc_col-xs-6&#8243;][vc_single_image image=\u00bb1100&#8243; img_size=\u00bb250xauto\u00bb alignment=\u00bbcenter\u00bb][\/vc_column_inner][vc_column_inner offset=\u00bbvc_col-lg-offset-0 vc_col-lg-7 vc_col-md-offset-1 vc_col-md-12 vc_col-sm-offset-1&#8243;][vc_column_text]<span class=\"itemTitle inline bem--primaryColor\">Renovaci\u00f3n de Piezas y M\u00f3dulos<\/span><\/p>\n<p>Todas las piezas y m\u00f3dulos se someten a un exhaustivo proceso de reacondicionamiento, pruebas y puesta en escena que incluye numerosos pasos. Algunos de estos pasos b\u00e1sicos incluyen la verificaci\u00f3n de las piezas, que incluye una comprobaci\u00f3n para ver si todos los m\u00f3dulos recibidos est\u00e1n formados \u00fanicamente por piezas y componentes genuinos e inalterados. Todas las piezas y m\u00f3dulos sometidos al proceso de reacondicionamiento de SPL se desmontan en subensamblajes centrales. Una vez subensamblados, todos los componentes pasar\u00e1n por varios procesos de limpieza. Una vez que se han sustituido todas las piezas expuestas al desgaste, los m\u00f3dulos se vuelven a montar, se engrasan de nuevo, si procede, y, por \u00faltimo, se prueban. Tenga en cuenta que los elementos de desgaste incluyen, entre otros, correas, engranajes, rodamientos, cabezales, rodillos, etc.<\/p>\n<p>Mantenemos una tolerancia cero con respecto a fallas de los productos nuevos, reacondicionados y remanufacturados. Antes de salir de nuestras instalaciones, todas las piezas y m\u00f3dulos ser\u00e1n probados, recontados e inspeccionados por nuestro departamento de control de calidad. SPL utiliza sus propias instalaciones de pintura, cualquier pieza que necesite un retoque cosm\u00e9tico o una revisi\u00f3n completa se pintar\u00e1 seg\u00fan las especificaciones del cliente.<\/p>\n<p>SPL trabaja con protocolos para el reacondicionamiento de los m\u00f3dulos, en los que cada t\u00e9cnico documenta qu\u00e9 piezas de repuesto se cambiaron o repararon para cada m\u00f3dulo en particular. Este documento se entrega bajo pedido, as\u00ed, nuestros clientes pueden comparar la calidad de las piezas de repuesto de SPL con la de otros proveedores. Hemos establecido el est\u00e1ndar de la industria.<\/p>\n<p>SPL ofrece una garant\u00eda limitada de hasta 6 meses en la mayor\u00eda de las piezas nuevas, reacondicionadas y reparadas.[\/vc_column_text][\/vc_column_inner][vc_column_inner offset=\u00bbvc_col-lg-offset-0 vc_col-lg-3 vc_col-md-offset-1 vc_col-sm-offset-1&#8243;][vc_single_image image=\u00bb1101&#8243; img_size=\u00bb500xauto\u00bb alignment=\u00bbcenter\u00bb][\/vc_column_inner][\/vc_row_inner][\/vc_column][\/vc_row][vc_row full_width=\u00bbstretch_row_content\u00bb][vc_column width=\u00bb5\/6&#8243; offset=\u00bbvc_col-lg-offset-1 vc_col-lg-10&#8243;][vc_row_inner][vc_column_inner width=\u00bb1\/4&#8243; offset=\u00bbvc_col-lg-offset-0 vc_col-lg-2 vc_col-md-offset-6 vc_col-sm-offset-6 vc_col-xs-offset-3 vc_col-xs-6&#8243;][vc_single_image image=\u00bb1107&#8243; img_size=\u00bb250xauto\u00bb alignment=\u00bbcenter\u00bb][\/vc_column_inner][vc_column_inner offset=\u00bbvc_col-lg-offset-0 vc_col-lg-7 vc_col-md-offset-1 vc_col-md-12 vc_col-sm-offset-1&#8243;][vc_column_text]<span class=\"itemTitle inline bem--primaryColor\">Reacondicionamiento de M\u00e1quinas<\/span><\/p>\n<p>Cuando se reacondiciona un Cajero Autom\u00e1tico completo, todos los m\u00f3dulos que se incluyen se reacondicionan como se menciona en los pasos escritos anteriormente y se prueban todos juntos en el Cajero Autom\u00e1tico. Al final, el Cajero Autom\u00e1tico se pintar\u00e1 como nuevo si se solicita y se acuerda con SPL.<\/p>\n<p>SPL puede instalar actualizaciones y rebajas y ofrece la mayor\u00eda de caracter\u00edsticas y trabajos de pintura personalizados:<br \/>\nDIP a lector de tarjetas Motorizado y viceversa<br \/>\nNuevos escudos antivand\u00e1licos<br \/>\nActualizaciones de Windows 7<br \/>\nPersianas anti-atrapamiento de dinero<br \/>\nAnti-skimming<\/p>\n<p>Todos los m\u00f3dulos y cajeros autom\u00e1ticos que hayan superado el proceso de reacondicionamiento de SPL se devolver\u00e1n a su nuevo propietario en un estado id\u00e9ntico al nuevo para cumplir con el est\u00e1ndar de calidad m\u00e1s alto del sector.[\/vc_column_text][\/vc_column_inner][vc_column_inner offset=\u00bbvc_col-lg-offset-0 vc_col-lg-3 vc_col-md-offset-1 vc_col-sm-offset-1&#8243;][vc_single_image image=\u00bb1108&#8243; img_size=\u00bb500xauto\u00bb alignment=\u00bbcenter\u00bb][\/vc_column_inner][\/vc_row_inner][\/vc_column][\/vc_row][vc_row full_width=\u00bbstretch_row_content_no_spaces\u00bb][vc_column css=\u00bb.vc_custom_1653931124290{padding-top: 0px !important;}\u00bb][vc_raw_html css=\u00bb.vc_custom_1668199335317{margin-bottom: 0px !important;}\u00bb]JTVCc2MlMjBuYW1lJTNEJTIyZ2xvYmFsYmxvY2tfY29udGFjdGFub3MlMjIlNUQlNUIlMkZzYyU1RA==[\/vc_raw_html][\/vc_column][\/vc_row]<\/p>\n<\/div>","protected":false},"excerpt":{"rendered":"<p>[vc_row full_width=\u00bbstretch_row\u00bb content_placement=\u00bbmiddle\u00bb css=\u00bb.vc_custom_1655313269552{background-image: url(https:\/\/spl-group.com\/wp-content\/uploads\/refurbishment-head-img.jpg?id=1124) !important;background-position: center !important;background-repeat: no-repeat !important;background-size: cover !important;}\u00bb el_class=\u00bbmainHero\u00bb][vc_column][vc_column_text] Reacondicionamiento [\/vc_column_text][\/vc_column][\/vc_row][vc_row full_width=\u00bbstretch_row_content\u00bb][vc_column width=\u00bb5\/6&#8243; offset=\u00bbvc_col-lg-offset-1 vc_col-lg-10&#8243;][vc_row_inner][vc_column_inner offset=\u00bbvc_col-lg-offset-0 vc_col-lg-12 vc_col-md-offset-1 vc_col-sm-offset-1&#8243;][vc_column_text]Programas de renovaci\u00f3n de<span class=\"excerpt-hellip\"> [\u2026]<\/span><\/p>\n","protected":false},"author":5,"featured_media":0,"parent":13067,"menu_order":0,"comment_status":"closed","ping_status":"open","template":"","meta":{"_seopress_robots_primary_cat":"","_seopress_titles_title":"Reacondicionamiento | Grupo SPL","_seopress_titles_desc":"Nuestros servicios incluyen reacondicionamiento de m\u00e1quinas, piezas y m\u00f3dulos; todas las piezas y m\u00f3dulos se someten a un extenso proceso de restauraci\u00f3n, prueba y puesta en escena","_seopress_robots_index":"","footnotes":""},"class_list":["post-13079","page","type-page","status-publish","hentry"],"_links":{"self":[{"href":"https:\/\/spl-group.com\/es\/wp-json\/wp\/v2\/pages\/13079","targetHints":{"allow":["GET"]}}],"collection":[{"href":"https:\/\/spl-group.com\/es\/wp-json\/wp\/v2\/pages"}],"about":[{"href":"https:\/\/spl-group.com\/es\/wp-json\/wp\/v2\/types\/page"}],"author":[{"embeddable":true,"href":"https:\/\/spl-group.com\/es\/wp-json\/wp\/v2\/users\/5"}],"replies":[{"embeddable":true,"href":"https:\/\/spl-group.com\/es\/wp-json\/wp\/v2\/comments?post=13079"}],"version-history":[{"count":3,"href":"https:\/\/spl-group.com\/es\/wp-json\/wp\/v2\/pages\/13079\/revisions"}],"predecessor-version":[{"id":13230,"href":"https:\/\/spl-group.com\/es\/wp-json\/wp\/v2\/pages\/13079\/revisions\/13230"}],"up":[{"embeddable":true,"href":"https:\/\/spl-group.com\/es\/wp-json\/wp\/v2\/pages\/13067"}],"wp:attachment":[{"href":"https:\/\/spl-group.com\/es\/wp-json\/wp\/v2\/media?parent=13079"}],"curies":[{"name":"wp","href":"https:\/\/api.w.org\/{rel}","templated":true}]}}