{"id":13070,"date":"2022-06-08T19:21:51","date_gmt":"2022-06-08T19:21:51","guid":{"rendered":"https:\/\/spl-group.com\/servicios\/reparacion\/"},"modified":"2022-11-11T20:41:39","modified_gmt":"2022-11-11T20:41:39","slug":"reparacion","status":"publish","type":"page","link":"https:\/\/spl-group.com\/es\/servicios\/reparacion\/","title":{"rendered":"Reparaci\u00f3n"},"content":{"rendered":"<div class=\"wpb-content-wrapper\"><p>[vc_row full_width=\u00bbstretch_row\u00bb content_placement=\u00bbmiddle\u00bb css=\u00bb.vc_custom_1654716180668{background-image: url(https:\/\/spl-group.com\/wp-content\/uploads\/Repair-SPL-Banner.jpg?id=910) !important;background-position: center !important;background-repeat: no-repeat !important;background-size: cover !important;}\u00bb el_class=\u00bbmainHero repair-banner\u00bb][vc_column][vc_column_text]<\/p>\n<h1 class=\"title bem--primaryColor bem--shadowText\">Reparaci\u00f3n<\/h1>\n<p>[\/vc_column_text][\/vc_column][\/vc_row][vc_row full_width=\u00bbstretch_row_content\u00bb css=\u00bb.vc_custom_1654716865234{padding-top: 30px !important;padding-bottom: 10px !important;}\u00bb][vc_column width=\u00bb1\/6&#8243; offset=\u00bbvc_col-md-3 vc_hidden-sm\u00bb][vc_single_image image=\u00bb772&#8243; img_size=\u00bb100xauto\u00bb alignment=\u00bbcenter\u00bb][\/vc_column][vc_column width=\u00bb2\/3&#8243; offset=\u00bbvc_col-lg-offset-0 vc_col-md-6 vc_col-sm-offset-0&#8243;][vc_column_text]<span class=\"itemTitle inline bem--primaryColor\">Servicio de Reparaci\u00f3n del Grupo SPL<\/span><br \/>\nEn el Grupo SPL, nuestros t\u00e9cnicos formados en f\u00e1brica reconstruyen y reparan las unidades y m\u00f3dulos defectuosos. Mantenemos una pol\u00edtica de tolerancia cero para fallas en los equipos, ya sean reacondicionados o remanufacturados. Ofrecemos una garant\u00eda l\u00edder en el sector para piezas reacondicionadas y equipos remanufacturados. Todas las unidades est\u00e1n probadas y certificadas. Esto garantiza que se revisen por completo y se prueben debidamente antes de ser enviados al cliente.<\/p>\n<p>SPL puede ayudarle tanto si busca piezas espec\u00edficas dif\u00edciles de encontrar como modelos completos de cajeros autom\u00e1ticos.<\/p>\n<p>SPL tiene en stock una gran variedad de unidades, m\u00f3dulos, piezas y consumibles reacondicionados y nuevos. SPL puede ayudarle con un servicio completo de reparaci\u00f3n y cambio de casi cualquier equipo financiero. Este servicio \u00fanico tiene considerables ventajas para cualquier organizaci\u00f3n de servicios. A menudo es menos costoso reparar o cambiar las unidades defectuosas.<\/p>\n<p>Dependiendo de la solicitud y la urgencia, entregaremos las piezas necesarias o la unidad reparada a tiempo por aire, mar o mensajer\u00eda. Habilitamos nuestros sistemas de seguimiento tan pronto como su producto sale de nuestro almac\u00e9n.[\/vc_column_text][\/vc_column][vc_column width=\u00bb1\/3&#8243; offset=\u00bbvc_col-lg-offset-0 vc_col-md-3&#8243;][vc_single_image image=\u00bb919&#8243; img_size=\u00bbfull\u00bb alignment=\u00bbcenter\u00bb][\/vc_column][\/vc_row][vc_row][vc_column css=\u00bb.vc_custom_1653931124290{padding-top: 0px !important;}\u00bb][vc_column_text]<\/p>\n<p style=\"text-align: center;\"><span class=\"itemTitle inline bem--primaryColor\">P\u00f3ngase en contacto con nosotros para obtener un presupuesto de reparaci\u00f3n de sus piezas y m\u00f3dulos defectuosos<\/span><\/p>\n<p>[\/vc_column_text][\/vc_column][\/vc_row][vc_row full_width=\u00bbstretch_row_content_no_spaces\u00bb][vc_column css=\u00bb.vc_custom_1653931124290{padding-top: 0px !important;}\u00bb][vc_raw_html css=\u00bb.vc_custom_1668199296232{margin-bottom: 0px !important;}\u00bb]JTVCc2MlMjBuYW1lJTNEJTIyZ2xvYmFsYmxvY2tfY29udGFjdGFub3MlMjIlNUQlNUIlMkZzYyU1RA==[\/vc_raw_html][\/vc_column][\/vc_row]<\/p>\n<\/div>","protected":false},"excerpt":{"rendered":"<p>[vc_row full_width=\u00bbstretch_row\u00bb content_placement=\u00bbmiddle\u00bb css=\u00bb.vc_custom_1654716180668{background-image: url(https:\/\/spl-group.com\/wp-content\/uploads\/Repair-SPL-Banner.jpg?id=910) !important;background-position: center !important;background-repeat: no-repeat !important;background-size: cover !important;}\u00bb el_class=\u00bbmainHero repair-banner\u00bb][vc_column][vc_column_text] Reparaci\u00f3n [\/vc_column_text][\/vc_column][\/vc_row][vc_row full_width=\u00bbstretch_row_content\u00bb css=\u00bb.vc_custom_1654716865234{padding-top: 30px !important;padding-bottom: 10px !important;}\u00bb][vc_column width=\u00bb1\/6&#8243; offset=\u00bbvc_col-md-3 vc_hidden-sm\u00bb][vc_single_image image=\u00bb772&#8243;<span class=\"excerpt-hellip\"> [\u2026]<\/span><\/p>\n","protected":false},"author":3,"featured_media":0,"parent":13067,"menu_order":0,"comment_status":"closed","ping_status":"open","template":"","meta":{"_seopress_robots_primary_cat":"","_seopress_titles_title":"Reparaci\u00f3n | Grupo SPL","_seopress_titles_desc":"Nuestros t\u00e9cnicos capacitados en f\u00e1brica reconstruyen y reparan unidades y m\u00f3dulos defectuosos; mantenemos una tolerancia cero para fallas del producto de equipos reacondicionados","_seopress_robots_index":"","footnotes":""},"class_list":["post-13070","page","type-page","status-publish","hentry"],"_links":{"self":[{"href":"https:\/\/spl-group.com\/es\/wp-json\/wp\/v2\/pages\/13070","targetHints":{"allow":["GET"]}}],"collection":[{"href":"https:\/\/spl-group.com\/es\/wp-json\/wp\/v2\/pages"}],"about":[{"href":"https:\/\/spl-group.com\/es\/wp-json\/wp\/v2\/types\/page"}],"author":[{"embeddable":true,"href":"https:\/\/spl-group.com\/es\/wp-json\/wp\/v2\/users\/3"}],"replies":[{"embeddable":true,"href":"https:\/\/spl-group.com\/es\/wp-json\/wp\/v2\/comments?post=13070"}],"version-history":[{"count":6,"href":"https:\/\/spl-group.com\/es\/wp-json\/wp\/v2\/pages\/13070\/revisions"}],"predecessor-version":[{"id":13229,"href":"https:\/\/spl-group.com\/es\/wp-json\/wp\/v2\/pages\/13070\/revisions\/13229"}],"up":[{"embeddable":true,"href":"https:\/\/spl-group.com\/es\/wp-json\/wp\/v2\/pages\/13067"}],"wp:attachment":[{"href":"https:\/\/spl-group.com\/es\/wp-json\/wp\/v2\/media?parent=13070"}],"curies":[{"name":"wp","href":"https:\/\/api.w.org\/{rel}","templated":true}]}}