{"id":13067,"date":"2022-06-06T18:58:09","date_gmt":"2022-06-06T18:58:09","guid":{"rendered":"https:\/\/spl-group.com\/servicios\/"},"modified":"2022-11-11T20:41:10","modified_gmt":"2022-11-11T20:41:10","slug":"servicios","status":"publish","type":"page","link":"https:\/\/spl-group.com\/es\/servicios\/","title":{"rendered":"Servicios"},"content":{"rendered":"<div class=\"wpb-content-wrapper\"><p>[vc_row full_width=\u00bbstretch_row\u00bb content_placement=\u00bbmiddle\u00bb css=\u00bb.vc_custom_1654542589618{background-image: url(https:\/\/spl-group.com\/wp-content\/uploads\/services-SPL-banner.jpg?id=787) !important;background-position: center !important;background-repeat: no-repeat !important;background-size: cover !important;}\u00bb el_class=\u00bbmainHero\u00bb][vc_column][vc_column_text]<\/p>\n<h1 class=\"title bem--whiteColor bem--shadowText\">Servicios<\/h1>\n<p>[\/vc_column_text][\/vc_column][\/vc_row][vc_row full_width=\u00bbstretch_row\u00bb gap=\u00bb35&#8243;][vc_column offset=\u00bbvc_col-lg-12 vc_col-md-12 vc_col-sm-offset-0&#8243;][vc_row_inner el_class=\u00bbbem&#8211;centerHorizontal\u00bb][vc_column_inner width=\u00bb1\/4&#8243; offset=\u00bbvc_col-lg-3 vc_col-md-3&#8243;][vc_single_image image=\u00bb782&#8243; img_size=\u00bb100xauto\u00bb][vc_column_text]<span class=\"itemTitle bem--primaryColor\">Programas de Tarifa Plana de Piezas (PFR) e Inventario Propiedad del Proveedor (VOI)<\/span><br \/>\nEl PFR es una soluci\u00f3n que permite a los clientes pagar una tarifa plana por m\u00e1quina al mes.[\/vc_column_text][vc_empty_space height=\u00bb10px\u00bb][\/vc_column_inner][vc_column_inner width=\u00bb1\/4&#8243; offset=\u00bbvc_col-lg-3 vc_col-md-3 vc_col-sm-offset-1&#8243;][vc_single_image image=\u00bb773&#8243; img_size=\u00bb100xauto\u00bb][vc_column_text]<span class=\"itemTitle bem--primaryColor\">Reacondicionamiento<\/span><br \/>\nTodos los m\u00f3dulos y cajeros autom\u00e1ticos que hayan superado el proceso de reacondicionamiento de SPL se devolver\u00e1n como nuevos.[\/vc_column_text][vc_empty_space height=\u00bb10px\u00bb][\/vc_column_inner][vc_column_inner width=\u00bb1\/3&#8243; offset=\u00bbvc_col-lg-3 vc_col-sm-offset-1&#8243;][vc_single_image image=\u00bb772&#8243; img_size=\u00bb100xauto\u00bb][vc_column_text]<span class=\"itemTitle bem--primaryColor\">Reparaci\u00f3n<\/span><br \/>\nEn el Grupo SPL, nuestros t\u00e9cnicos formados en f\u00e1brica reconstruyen y reparan las unidades y m\u00f3dulos defectuosos.[\/vc_column_text][vc_empty_space height=\u00bb10px\u00bb][\/vc_column_inner][\/vc_row_inner][vc_row_inner el_class=\u00bbbem&#8211;centerHorizontal\u00bb][vc_column_inner width=\u00bb1\/4&#8243; offset=\u00bbvc_col-lg-3 vc_col-md-3&#8243;][vc_single_image image=\u00bb771&#8243; img_size=\u00bb100xauto\u00bb][vc_column_text]<span class=\"itemTitle bem--primaryColor lower-section\">Formaci\u00f3n<\/span><br \/>\nEl Grupo SPL ha ampliado recientemente sus programas, de categor\u00eda mundial, de formaci\u00f3n t\u00e9cnica en cajeros autom\u00e1ticos a clientes selectos.[\/vc_column_text][vc_empty_space height=\u00bb10px\u00bb][\/vc_column_inner][vc_column_inner width=\u00bb1\/4&#8243; offset=\u00bbvc_col-lg-3 vc_col-md-3 vc_col-sm-offset-1&#8243;][vc_single_image image=\u00bb769&#8243; img_size=\u00bb100xauto\u00bb][vc_column_text]<span class=\"itemTitle bem--primaryColor lower-section\">Reutilizaci\u00f3n y Reciclaje<\/span><br \/>\nReutilizar, reciclar, reparar y renovar equipos bancarios y financieros es nuestro principal modelo de negocio.[\/vc_column_text][vc_empty_space height=\u00bb10px\u00bb][\/vc_column_inner][\/vc_row_inner][\/vc_column][\/vc_row][vc_row full_width=\u00bbstretch_row_content_no_spaces\u00bb][vc_column][vc_raw_html css=\u00bb.vc_custom_1668199266397{margin-bottom: 0px !important;}\u00bb]JTVCc2MlMjBuYW1lJTNEJTIyZ2xvYmFsYmxvY2tfY29udGFjdGFub3MlMjIlNUQlNUIlMkZzYyU1RA==[\/vc_raw_html][\/vc_column][\/vc_row]<\/p>\n<\/div>","protected":false},"excerpt":{"rendered":"<p>[vc_row full_width=\u00bbstretch_row\u00bb content_placement=\u00bbmiddle\u00bb css=\u00bb.vc_custom_1654542589618{background-image: url(https:\/\/spl-group.com\/wp-content\/uploads\/services-SPL-banner.jpg?id=787) !important;background-position: center !important;background-repeat: no-repeat !important;background-size: cover !important;}\u00bb el_class=\u00bbmainHero\u00bb][vc_column][vc_column_text] Servicios [\/vc_column_text][\/vc_column][\/vc_row][vc_row full_width=\u00bbstretch_row\u00bb gap=\u00bb35&#8243;][vc_column offset=\u00bbvc_col-lg-12 vc_col-md-12 vc_col-sm-offset-0&#8243;][vc_row_inner el_class=\u00bbbem&#8211;centerHorizontal\u00bb][vc_column_inner width=\u00bb1\/4&#8243; offset=\u00bbvc_col-lg-3 vc_col-md-3&#8243;][vc_single_image image=\u00bb782&#8243; img_size=\u00bb100xauto\u00bb][vc_column_text]Programas<span class=\"excerpt-hellip\"> [\u2026]<\/span><\/p>\n","protected":false},"author":3,"featured_media":0,"parent":0,"menu_order":0,"comment_status":"closed","ping_status":"closed","template":"","meta":{"_seopress_robots_primary_cat":"","_seopress_titles_title":"Servicios | Grupo SPL","_seopress_titles_desc":"Descubre nuestros servicios de tarifa plana, reacondicionamiento y reparaci\u00f3n de equipos en SPL. \u00a1Soluciones innovadoras para tu negocio!","_seopress_robots_index":"","footnotes":""},"class_list":["post-13067","page","type-page","status-publish","hentry"],"_links":{"self":[{"href":"https:\/\/spl-group.com\/es\/wp-json\/wp\/v2\/pages\/13067","targetHints":{"allow":["GET"]}}],"collection":[{"href":"https:\/\/spl-group.com\/es\/wp-json\/wp\/v2\/pages"}],"about":[{"href":"https:\/\/spl-group.com\/es\/wp-json\/wp\/v2\/types\/page"}],"author":[{"embeddable":true,"href":"https:\/\/spl-group.com\/es\/wp-json\/wp\/v2\/users\/3"}],"replies":[{"embeddable":true,"href":"https:\/\/spl-group.com\/es\/wp-json\/wp\/v2\/comments?post=13067"}],"version-history":[{"count":6,"href":"https:\/\/spl-group.com\/es\/wp-json\/wp\/v2\/pages\/13067\/revisions"}],"predecessor-version":[{"id":13228,"href":"https:\/\/spl-group.com\/es\/wp-json\/wp\/v2\/pages\/13067\/revisions\/13228"}],"wp:attachment":[{"href":"https:\/\/spl-group.com\/es\/wp-json\/wp\/v2\/media?parent=13067"}],"curies":[{"name":"wp","href":"https:\/\/api.w.org\/{rel}","templated":true}]}}