{"id":13061,"date":"2022-04-29T17:17:36","date_gmt":"2022-04-29T17:17:36","guid":{"rendered":"https:\/\/spl-group.com\/inicio\/"},"modified":"2026-03-05T06:20:00","modified_gmt":"2026-03-05T06:20:00","slug":"inicio","status":"publish","type":"page","link":"https:\/\/spl-group.com\/es\/","title":{"rendered":"Inicio"},"content":{"rendered":"<div class=\"wpb-content-wrapper\"><p>[vc_row full_width=\u00bbstretch_row_content_no_spaces\u00bb][vc_column css_animation=\u00bbfadeIn\u00bb el_class=\u00bbmainSlider\u00bb]<div id=\"lvca-carousel-69ef5b6247f95\" class=\"lvca-carousel lvca-container\" data-settings='{\"arrows\":\"\",\"dots\":\"\",\"autoplay\":\"\",\"autoplay_speed\":\"4000\",\"animation_speed\":\"500\",\"pause_on_hover\":\"\",\"display_columns\":\"1\",\"scroll_columns\":\"1\",\"gutter\":0,\"tablet_display_columns\":\"1\",\"tablet_scroll_columns\":\"1\",\"tablet_gutter\":0,\"tablet_width\":\"800\",\"mobile_display_columns\":\"1\",\"mobile_scroll_columns\":\"1\",\"mobile_gutter\":0,\"mobile_width\":\"480\"}'><div class=\"lvca-carousel-item\"><\/p>\n<div class=\"bem--whiteColor\">\n<h1 class=\"title bem--whiteColor bem--shadowText\">Bienvenidos a SPL- La Organizaci\u00f3n l\u00edder en Soporte de Cajeros Autom\u00e1ticos<\/h1>\n<p><span class=\"sliderBody bem--shadowText\">El Grupo SPL es una empresa multinacional que suministra equipos bancarios y financieros de calidad, nuevos y refabricados, en todo el mundo.<\/span><\/p>\n<p><a class=\"defaultBtn bem--secondaryColor\" href=\"\/catalog\">CAT\u00c1LOGO<\/a><br \/>\n<img decoding=\"async\" src=\"\/wp-content\/uploads\/01-home_slider.jpg\" \/><\/p>\n<\/div>\n<p><\/div><!-- .lvca-carousel-item --><div class=\"lvca-carousel-item\"><\/p>\n<div class=\"bem--whiteColor\">\n<h2 class=\"title bem--whiteColor\">Apoyando a la Industria de Servicios en todo el Mundo<\/h2>\n<p><span class=\"sliderBody\">Gracias a nuestra experiencia, podemos ofrecer soluciones seguras que se adaptan a sus necesidades y se ajustan a sus requisitos.<\/span><\/p>\n<p><img decoding=\"async\" src=\"\/wp-content\/uploads\/02-home_slider.jpg\" \/><\/p>\n<\/div>\n<p><\/div><!-- .lvca-carousel-item --><div class=\"lvca-carousel-item\"><\/p>\n<div class=\"bem--whiteColor\">\n<h2 class=\"title bem--whiteColor\">Calidad Garantizada<\/h2>\n<p><span class=\"sliderBody\">Mantenemos una pol\u00edtica de tolerancia cero con respecto a fallas de productos nuevos, reacondicionados y remanufacturados.<\/span><\/p>\n<p><img decoding=\"async\" src=\"\/wp-content\/uploads\/03-home_slider.jpg\" \/><\/p>\n<\/div>\n<p><\/div><!-- .lvca-carousel-item --><div class=\"lvca-carousel-item\"><\/p>\n<div class=\"bem--whiteColor\">\n<h2 class=\"title bem--whiteColor\">Amplio Stock<\/h2>\n<p><span class=\"sliderBody\">Debido a nuestro amplio inventario, SPL ofrece a sus clientes la ventaja \u00fanica de poder suministrar piezas de repuesto de final-de-vida-\u00fatil y descatalogadas.<\/span><\/p>\n<p><img decoding=\"async\" src=\"\/wp-content\/uploads\/04-home_slider.jpg\" \/><\/p>\n<\/div>\n<p><\/div><!-- .lvca-carousel-item --><div class=\"lvca-carousel-item\"><\/p>\n<div class=\"bem--whiteColor\">\n<h2 class=\"title bem--whiteColor\">Enfoque en el Cliente<\/h2>\n<p><span class=\"sliderBody\">Concentramos todos nuestros esfuerzos en adoptar los objetivos de nuestros clientes, y dedicamos nuestro esfuerzo a conseguirlos.<\/span><\/p>\n<p><img decoding=\"async\" src=\"\/wp-content\/uploads\/05-home_slider.jpg\" \/><\/p>\n<\/div>\n<p><\/div><!-- .lvca-carousel-item --><div class=\"lvca-carousel-item\"><\/p>\n<div class=\"bem--whiteColor\">\n<h1 class=\"title bem--whiteColor bem--shadowText\">Tintado de billetes para cajeros autom\u00e1ticos<\/h1>\n<p><span class=\"sliderBody bem--shadowText\">ISS es una soluci\u00f3n pasiva de entintado de billetes que ofrece una alternativa rentable a las soluciones activas, reduce los ataques con explosivos a los cajeros autom\u00e1ticos y es sencilla y f\u00e1cil de instalar.<\/span><\/p>\n<p><a class=\"defaultBtn bem--secondaryColor\" href=\"https:\/\/ink-staining.com\/es\">LEER M\u00c1S<\/a><br \/>\n<img alt=\"\" decoding=\"async\" class=\"alignnone wp-image-16583 size-full\" src=\"https:\/\/spl-group.com\/wp-content\/uploads\/20220330_135656-e1772552369334.jpg\" alt=\"\" width=\"680\" height=\"1210\" \/><\/p>\n<\/div>\n<p><\/div><!-- .lvca-carousel-item --><\/div><!-- .lvca-carousel -->\n        <style type=\"text\/css\">\n            #lvca-carousel-69ef5b6247f95.lvca-carousel .lvca-carousel-item {\n                padding: 0px;\n            }\n\n            @media screen and (max-width: 800) {\n                #lvca-carousel-69ef5b6247f95.lvca-carousel .lvca-carousel-item {\n                    padding: 0px;\n                }\n            }\n\n            @media screen and (max-width: 480) {\n                #lvca-carousel-69ef5b6247f95.lvca-carousel .lvca-carousel-item {\n                    padding: 0px;\n                }\n            }\n        <\/style>\n\n        [\/vc_column][\/vc_row][vc_row gap=\u00bb35&#8243; equal_height=\u00bbyes\u00bb content_placement=\u00bbmiddle\u00bb][vc_column css_animation=\u00bbbounceInLeft\u00bb width=\u00bb1\/2&#8243; offset=\u00bbvc_col-md-5&#8243;][vc_column_text]<\/p>\n<h2 class=\"title bem--primaryColor\">SOBRE NOSOTROS<\/h2>\n<p>Somos conocidos por nuestra amplia gama de productos y piezas para cajeros autom\u00e1ticos y por nuestros exclusivos programas de servicio, que incluyen el reacondicionamiento de cajeros autom\u00e1ticos, la reparaci\u00f3n de cajeros autom\u00e1ticos y los servicios de formaci\u00f3n en cajeros autom\u00e1ticos. Nuestros clientes son instituciones financieras l\u00edderes, bancos, cooperativas de cr\u00e9dito, empresas de transporte de fondos (CIT), fabricantes de cajeros autom\u00e1ticos y organizaciones de servicios de mantenimiento.<\/p>\n<p><a class=\"defaultBtn bem--secondaryColor\" href=\"https:\/\/spl-group.com\/es\/sobre-nosotros\/\">LEER M\u00c1S<\/a>[\/vc_column_text][\/vc_column][vc_column css_animation=\u00bbbounceInRight\u00bb width=\u00bb1\/2&#8243; offset=\u00bbvc_col-md-offset-1&#8243;][vc_single_image image=\u00bb12981&#8243; img_size=\u00bbfull\u00bb css=\u00bb\u00bb][\/vc_column][\/vc_row][vc_row full_width=\u00bbstretch_row\u00bb gap=\u00bb35&#8243; css=\u00bb.vc_custom_1653335522156{background-color: #f5f5f5 !important;}\u00bb][vc_column css_animation=\u00bbfadeIn\u00bb][vc_column_text]<\/p>\n<h2 class=\"title bem--primaryColor\">SERVICIOS<\/h2>\n<p>[\/vc_column_text][\/vc_column][vc_column css_animation=\u00bbfadeIn\u00bb][vc_row_inner gap=\u00bb35&#8243; el_class=\u00bbbem&#8211;centerHorizontal\u00bb][vc_column_inner width=\u00bb1\/3&#8243; offset=\u00bbvc_col-lg-1\/5&#8243;][vc_single_image image=\u00bb491&#8243; img_size=\u00bb100xauto\u00bb][vc_column_text]<span class=\"itemTitle bem--primaryColor\">Reacondicionamiento<\/span><br \/>\nTodos los m\u00f3dulos y cajeros autom\u00e1ticos que hayan superado el proceso de reacondicionamiento de SPL se devolver\u00e1n como nuevos.<\/p>\n<p><a class=\"defaultBtn bem--secondaryColor\" href=\"https:\/\/spl-group.com\/es\/servicios\/reacondicionamiento\/\">LEER M\u00c1S<\/a>[\/vc_column_text][vc_empty_space height=\u00bb10px\u00bb][\/vc_column_inner][vc_column_inner width=\u00bb1\/3&#8243; offset=\u00bbvc_col-lg-1\/5&#8243;][vc_single_image image=\u00bb128&#8243; img_size=\u00bb100xauto\u00bb][vc_column_text]<span class=\"itemTitle bem--primaryColor\">Reparaci\u00f3n<\/span><br \/>\nNuestros t\u00e9cnicos, formados como OEM, reconstruyen y reparan piezas, m\u00f3dulos y cajeros autom\u00e1ticos completos.<\/p>\n<p><a class=\"defaultBtn bem--secondaryColor\" href=\"https:\/\/spl-group.com\/es\/servicios\/reparacion\/\">LEER M\u00c1S<\/a>[\/vc_column_text][vc_empty_space height=\u00bb10px\u00bb][\/vc_column_inner][vc_column_inner width=\u00bb1\/3&#8243; offset=\u00bbvc_col-lg-1\/5&#8243;][vc_single_image image=\u00bb129&#8243; img_size=\u00bb100xauto\u00bb][vc_column_text]<span class=\"itemTitle bem--primaryColor\">Formaci\u00f3n<\/span><br \/>\nEl Grupo SPL ha ampliado recientemente sus programas, de categor\u00eda mundial, sobre formaci\u00f3n t\u00e9cnica en cajeros autom\u00e1ticos, a clientes selectos.<\/p>\n<p><a class=\"defaultBtn bem--secondaryColor\" href=\"https:\/\/spl-group.com\/es\/servicios\/formacion\/\">LEER M\u00c1S<\/a>[\/vc_column_text][vc_empty_space height=\u00bb10px\u00bb][\/vc_column_inner][vc_column_inner width=\u00bb1\/3&#8243; offset=\u00bbvc_col-lg-1\/5&#8243;][vc_single_image image=\u00bb130&#8243; img_size=\u00bb100xauto\u00bb][vc_column_text]<span class=\"itemTitle bem--primaryColor\">Reutilizaci\u00f3n y reciclaje<\/span><br \/>\nReutilizar, reciclar, reparar y renovar equipos bancarios y financieros es nuestro principal modelo de negocio.<\/p>\n<p><a class=\"defaultBtn bem--secondaryColor\" href=\"https:\/\/spl-group.com\/es\/servicios\/reutilizacion-y-reciclaje\/\">LEER M\u00c1S<\/a>[\/vc_column_text][vc_empty_space height=\u00bb10px\u00bb][\/vc_column_inner][vc_column_inner width=\u00bb1\/3&#8243; offset=\u00bbvc_col-lg-1\/5&#8243;][vc_single_image image=\u00bb126&#8243; img_size=\u00bb100xauto\u00bb][vc_column_text]<span class=\"itemTitle bem--primaryColor\">Tarifa Plana de Piezas (PFR)<\/span><br \/>\nNuestra tarifa plana de piezas (PFR) es una soluci\u00f3n \u00fanica que permite a los clientes pagar una tarifa plana por m\u00e1quina al mes.<\/p>\n<p><a class=\"defaultBtn bem--secondaryColor\" href=\"https:\/\/spl-group.com\/es\/servicios\/tarifa-plana-de-piezas-pfr\/\">LEER M\u00c1S<\/a>[\/vc_column_text][vc_empty_space height=\u00bb10px\u00bb][\/vc_column_inner][\/vc_row_inner][\/vc_column][\/vc_row][vc_row full_width=\u00bbstretch_row_content_no_spaces\u00bb][vc_column css_animation=\u00bbfadeIn\u00bb el_class=\u00bbmainSlider secondarySlider\u00bb css=\u00bb.vc_custom_1654191798333{padding-top: 0px !important;}\u00bb]<div id=\"lvca-carousel-69ef5b624879a\" class=\"lvca-carousel lvca-container\" data-settings='{\"arrows\":\"true\",\"dots\":\"\",\"autoplay\":\"\",\"autoplay_speed\":\"3000\",\"animation_speed\":\"300\",\"pause_on_hover\":\"\",\"display_columns\":\"1\",\"scroll_columns\":\"1\",\"gutter\":0,\"tablet_display_columns\":\"1\",\"tablet_scroll_columns\":\"1\",\"tablet_gutter\":0,\"tablet_width\":\"800\",\"mobile_display_columns\":\"1\",\"mobile_scroll_columns\":\"1\",\"mobile_gutter\":0,\"mobile_width\":\"480\"}'><div class=\"lvca-carousel-item\"><\/p>\n<div class=\"bem--whiteColor\">\n<h2 class=\"title bem--whiteColor\">PRODUCTOS<\/h2>\n<p><a class=\"defaultBtn bem--whiteColor\" href=\"\/catalog\/\">LEER M\u00c1S<\/a><br \/>\n<img alt=\"\" decoding=\"async\" class=\"alignnone wp-image-16593 size-full\" src=\"https:\/\/spl-group.com\/wp-content\/uploads\/IMG_2534-scaled-e1772553495177.jpg\" alt=\"\" width=\"2560\" height=\"1707\" \/><\/p>\n<\/div>\n<p><\/div><!-- .lvca-carousel-item --><div class=\"lvca-carousel-item\"><\/p>\n<div class=\"bem--whiteColor\">\n<h2 class=\"title bem--whiteColor\">Cajeros Autom\u00e1ticos<\/h2>\n<p><a class=\"defaultBtn bem--whiteColor\" href=\"https:\/\/spl-group.com\/product-category\/atms\/\">LEER M\u00c1S<\/a><br \/>\n<img decoding=\"async\" src=\"\/wp-content\/uploads\/atm-op1.jpg\" \/><\/p>\n<\/div>\n<p><\/div><!-- .lvca-carousel-item --><div class=\"lvca-carousel-item\"><\/p>\n<div class=\"bem--whiteColor\">\n<h2 class=\"title bem--whiteColor\">Piezas de Cajeros Autom\u00e1ticos<\/h2>\n<p><a class=\"defaultBtn bem--whiteColor\" href=\"https:\/\/spl-group.com\/product-category\/atm-parts\/\">LEER M\u00c1S<\/a><br \/>\n<img decoding=\"async\" src=\"\/wp-content\/uploads\/1778.jpg\" \/><\/p>\n<\/div>\n<p><\/div><!-- .lvca-carousel-item --><div class=\"lvca-carousel-item\"><\/p>\n<div class=\"bem--whiteColor\">\n<h2 class=\"title bem--whiteColor\">Recicladores de Efectivo<\/h2>\n<p><a class=\"defaultBtn bem--whiteColor\" href=\"https:\/\/spl-group.com\/product-category\/atm-parts\/atm-cash-recycling-atm-parts\/\">LEER M\u00c1S<\/a><br \/>\n<img decoding=\"async\" src=\"\/wp-content\/uploads\/1783.jpg\" \/><\/p>\n<\/div>\n<p><\/div><!-- .lvca-carousel-item --><div class=\"lvca-carousel-item\"><\/p>\n<div class=\"bem--whiteColor\">\n<h2 class=\"title bem--whiteColor\">M\u00e1quinas de Dep\u00f3sito de Efectivo<\/h2>\n<p><a class=\"defaultBtn bem--whiteColor\" href=\"https:\/\/spl-group.com\/product-category\/atm-parts\/atm-deposit-modules\/\">LEER M\u00c1S<\/a><br \/>\n<img decoding=\"async\" src=\"\/wp-content\/uploads\/home-sl-secondary.jpg\" \/><\/p>\n<\/div>\n<p><\/div><!-- .lvca-carousel-item --><div class=\"lvca-carousel-item\"><\/p>\n<div class=\"bem--whiteColor\">\n<h2 class=\"title bem--whiteColor\">Impresoras Financieras<\/h2>\n<p><a class=\"defaultBtn bem--whiteColor\" href=\"https:\/\/spl-group.com\/product-category\/atm-parts\/atm-printers\/\">LEER M\u00c1S<\/a><br \/>\n<img decoding=\"async\" src=\"\/wp-content\/uploads\/finantial-printer.jpg\" \/><\/p>\n<\/div>\n<p><\/div><!-- .lvca-carousel-item --><div class=\"lvca-carousel-item\"><\/p>\n<div class=\"bem--whiteColor\">\n<h2 class=\"title bem--whiteColor\">Protecci\u00f3n de Efectivo<\/h2>\n<p><a class=\"defaultBtn bem--whiteColor\" href=\"\/catalog\/\">LEER M\u00c1S<\/a><br \/>\n<img alt=\"\" decoding=\"async\" class=\"alignnone wp-image-16601 size-full\" src=\"https:\/\/spl-group.com\/wp-content\/uploads\/20220330_140239-e1772690705755.jpg\" alt=\"\" width=\"680\" height=\"1210\" \/><\/p>\n<\/div>\n<p><\/div><!-- .lvca-carousel-item --><\/div><!-- .lvca-carousel -->\n        <style type=\"text\/css\">\n            #lvca-carousel-69ef5b624879a.lvca-carousel .lvca-carousel-item {\n                padding: 0px;\n            }\n\n            @media screen and (max-width: 800) {\n                #lvca-carousel-69ef5b624879a.lvca-carousel .lvca-carousel-item {\n                    padding: 0px;\n                }\n            }\n\n            @media screen and (max-width: 480) {\n                #lvca-carousel-69ef5b624879a.lvca-carousel .lvca-carousel-item {\n                    padding: 0px;\n                }\n            }\n        <\/style>\n\n        [\/vc_column][\/vc_row][vc_row gap=\u00bb35&#8243; equal_height=\u00bbyes\u00bb content_placement=\u00bbmiddle\u00bb][vc_column css_animation=\u00bbbounceInLeft\u00bb width=\u00bb1\/2&#8243; offset=\u00bbvc_col-md-5&#8243;][vc_column_text]<\/p>\n<h2 class=\"title bem--primaryColor\">Sistema de tintado ISS<\/h2>\n<p>Nuestra soluci\u00f3n es barata, altamente efectiva, f\u00e1cilmente disponible y no requiere modificaciones o actualizaciones de la m\u00e1quina. Se ha demostrado que la instalaci\u00f3n del ISS de SPL ha reducido significativamente los ataques con explosivos a cajeros autom\u00e1ticos en m\u00e1s de un 80% en pa\u00edses como los Pa\u00edses Bajos, Francia y Alemania. La soluci\u00f3n ISS es sencilla y f\u00e1cil de instalar.<\/p>\n<p><a class=\"defaultBtn bem--secondaryColor\" href=\"https:\/\/ink-staining.com\/es\">LEER M\u00c1S<\/a>[\/vc_column_text][\/vc_column][vc_column css_animation=\u00bbbounceInRight\u00bb width=\u00bb1\/2&#8243; offset=\u00bbvc_col-md-offset-1&#8243;][vc_single_image image=\u00bb13394&#8243; img_size=\u00bbfull\u00bb][\/vc_column][\/vc_row][vc_row full_width=\u00bbstretch_row\u00bb gap=\u00bb35&#8243;][vc_column css_animation=\u00bbfadeIn\u00bb][vc_empty_space height=\u00bb10px\u00bb][vc_column_text]<\/p>\n<h2 class=\"title bem--primaryColor\">SOLUCIONES<\/h2>\n<p>[\/vc_column_text][\/vc_column][vc_column css_animation=\u00bbfadeIn\u00bb width=\u00bb5\/6&#8243; offset=\u00bbvc_col-sm-offset-1&#8243;][vc_row_inner el_class=\u00bbbem&#8211;centerHorizontal\u00bb][vc_column_inner width=\u00bb1\/3&#8243; offset=\u00bbvc_col-lg-3&#8243;][vc_single_image image=\u00bb131&#8243; img_size=\u00bb100xauto\u00bb][vc_column_text]<span class=\"itemTitle bem--primaryColor\">Supervisi\u00f3n de Cajeros Autom\u00e1ticos<\/span><br \/>\nSAM es una soluci\u00f3n de supervisi\u00f3n de Cajeros Autom\u00e1ticos de nueva generaci\u00f3n dise\u00f1ada para ayudar al ecosistema bancario a gestionar, mantener y supervisar todo el ciclo de vida de las operaciones de los Cajeros Autom\u00e1ticos.<\/p>\n<p><a class=\"defaultBtn bem--secondaryColor\" href=\"https:\/\/spl-group.com\/es\/soluciones\/monitoreo-de-cajeros-automaticos\/\">LEER M\u00c1S<\/a>[\/vc_column_text][vc_empty_space height=\u00bb10px\u00bb][\/vc_column_inner][vc_column_inner width=\u00bb1\/3&#8243; offset=\u00bbvc_col-lg-3&#8243;][vc_single_image image=\u00bb132&#8243; img_size=\u00bb100xauto\u00bb][vc_column_text]<span class=\"itemTitle bem--primaryColor\">IAD Aplicaci\u00f3n SW<\/span><br \/>\nSomos expertos en el Despliegue de Cajeros Autom\u00e1ticos Independientes. Podemos redistribuir Cajeros Autom\u00e1ticos renovados con calidad o nuevos y convertirlos en puntos de venta que generen beneficios. SPL est\u00e1 aqu\u00ed para ayudarle en este proceso<\/p>\n<p><a class=\"defaultBtn bem--secondaryColor\" href=\"https:\/\/spl-group.com\/es\/soluciones\/iad-aplicacion-sw\/\">LEER M\u00c1S<\/a>[\/vc_column_text][vc_empty_space height=\u00bb10px\u00bb][\/vc_column_inner][vc_column_inner width=\u00bb1\/3&#8243; offset=\u00bbvc_col-lg-3&#8243;][vc_single_image image=\u00bb133&#8243; img_size=\u00bb100xauto\u00bb][vc_column_text]<span class=\"itemTitle bem--primaryColor\">CEN\/XFS<\/span><br \/>\nCEN\/XFS, antes conocido como WOSA\/XFS, sigue siendo el software est\u00e1ndar de la industria para Cajeros Autom\u00e1ticos. Somos compatibles con NDC+, DDC y el relativamente nuevo protocolo ISO 20022.<\/p>\n<p><a class=\"defaultBtn bem--secondaryColor\" href=\"https:\/\/spl-group.com\/es\/soluciones\/soporte-cen-xfs\/\">LEER M\u00c1S<\/a>[\/vc_column_text][vc_empty_space height=\u00bb10px\u00bb][\/vc_column_inner][vc_column_inner width=\u00bb1\/3&#8243; offset=\u00bbvc_col-lg-3&#8243;][vc_single_image image=\u00bb134&#8243; img_size=\u00bb100xauto\u00bb][vc_column_text]<span class=\"itemTitle bem--primaryColor\">Soluciones de Pago<\/span><br \/>\nSPL permite a los adquirentes ofrecer una plataforma de pasarela de pago omnicanal r\u00e1pida y segura. Proporcionamos las soluciones tecnol\u00f3gicas adecuadas para un despliegue r\u00e1pido, un alto tiempo de funcionamiento, flexibilidad y capacidad de respuesta.<\/p>\n<p><a class=\"defaultBtn bem--secondaryColor\" href=\"https:\/\/spl-group.com\/es\/soluciones\/soluciones-de-pago\/\">LEER M\u00c1S<\/a>[\/vc_column_text][vc_empty_space height=\u00bb10px\u00bb][\/vc_column_inner][vc_column_inner offset=\u00bbvc_hidden-md vc_hidden-sm vc_hidden-xs\u00bb][vc_empty_space height=\u00bb25px\u00bb][\/vc_column_inner][vc_column_inner width=\u00bb1\/3&#8243; offset=\u00bbvc_col-lg-3&#8243;][vc_single_image image=\u00bb135&#8243; img_size=\u00bb100xauto\u00bb][vc_column_text]<span class=\"itemTitle bem--primaryColor\">Soluciones Biom\u00e9tricas<\/span><br \/>\nLas soluciones Biom\u00e9tricas de SPL son ampliamente utilizadas por bancos de todo el mundo. Nuestras soluciones permiten a los bancos identificar correctamente a sus clientes sin riesgo de falsificaci\u00f3n, fraude y robo de identidad.<\/p>\n<p><a class=\"defaultBtn bem--secondaryColor\" href=\"https:\/\/spl-group.com\/es\/soluciones\/soluciones-biometricas\/\">LEER M\u00c1S<\/a>[\/vc_column_text][vc_empty_space height=\u00bb10px\u00bb][\/vc_column_inner][vc_column_inner width=\u00bb1\/3&#8243; offset=\u00bbvc_col-lg-3&#8243;][vc_single_image image=\u00bb136&#8243; img_size=\u00bb100xauto\u00bb][vc_column_text]<span class=\"itemTitle bem--primaryColor\">Soluciones de Identidad Digital<\/span><br \/>\nLas ventajas de las identidades digitales son infinitas y son imprescindibles en la econom\u00eda global y el entorno bancario actuales. SPL puede guiarle en la selecci\u00f3n de la mejor soluci\u00f3n para sus necesidades.<\/p>\n<p><a class=\"defaultBtn bem--secondaryColor\" href=\"https:\/\/spl-group.com\/es\/soluciones\/soluciones-de-identidad-digital\/\">LEER M\u00c1S<\/a>[\/vc_column_text][vc_empty_space height=\u00bb10px\u00bb][\/vc_column_inner][vc_column_inner width=\u00bb1\/3&#8243; offset=\u00bbvc_col-lg-3&#8243;][vc_single_image image=\u00bb137&#8243; img_size=\u00bb100xauto\u00bb][vc_column_text]<span class=\"itemTitle bem--primaryColor\">Soluciones de Microfinanciaci\u00f3n y Monederos M\u00f3viles<\/span><br \/>\nOfrecemos una amplia gama de las mejores soluciones de monedero m\u00f3vil, productos de banca m\u00f3vil, soluciones de pago por m\u00f3vil y productos de comercio m\u00f3vil.<\/p>\n<p><a class=\"defaultBtn bem--secondaryColor\" href=\"https:\/\/spl-group.com\/es\/soluciones\/soluciones-de-microfinanciacion-y-monederos-moviles\/\">LEER M\u00c1S<\/a>[\/vc_column_text][vc_empty_space height=\u00bb10px\u00bb][\/vc_column_inner][\/vc_row_inner][\/vc_column][\/vc_row][vc_row full_width=\u00bbstretch_row_content_no_spaces\u00bb el_id=\u00bbcontact-us\u00bb][vc_column css_animation=\u00bbfadeIn\u00bb][vc_raw_html]JTVCc2MlMjBuYW1lJTNEJTIyZ2xvYmFsYmxvY2tfY29udGFjdGFub3MlMjIlNUQlNUIlMkZzYyU1RA==[\/vc_raw_html][\/vc_column][\/vc_row][vc_row full_width=\u00bbstretch_row\u00bb gap=\u00bb35&#8243;][vc_column css_animation=\u00bbfadeIn\u00bb width=\u00bb5\/6&#8243; offset=\u00bbvc_col-sm-offset-1&#8243;][vc_empty_space height=\u00bb25px\u00bb][vc_row_inner gap=\u00bb35&#8243; el_class=\u00bbbem&#8211;centerHorizontal\u00bb][vc_column_inner width=\u00bb5\/12&#8243; offset=\u00bbvc_col-lg-3&#8243;][vc_single_image image=\u00bb144&#8243; img_size=\u00bb100xauto\u00bb][vc_column_text]<span class=\"itemTitle bem--primaryColor\">NUESTRAS UBICACIONES<\/span><br \/>\nEstamos bien posicionados para atender sus necesidades desde nuestras ubicaciones estrat\u00e9gicas en Europa, Am\u00e9rica y \u00c1frica.<\/p>\n<p><a class=\"defaultBtn bem--secondaryColor\" href=\"https:\/\/spl-group.com\/es\/sobre-nosotros\/localizaciones-de-spl\/\">LEER M\u00c1S<\/a>[\/vc_column_text][\/vc_column_inner][vc_column_inner width=\u00bb5\/12&#8243; offset=\u00bbvc_col-lg-3&#8243;][vc_single_image image=\u00bb145&#8243; img_size=\u00bb100xauto\u00bb][vc_column_text]<span class=\"itemTitle bem--primaryColor\">CARRERAS<\/span><br \/>\nBuscamos t\u00e9cnicos de Cajeros Autom\u00e1ticos y representantes de ventas con experiencia para cualquiera de nuestras oficinas en todo el mundo.<\/p>\n<p><a class=\"defaultBtn bem--secondaryColor\" href=\"https:\/\/spl-group.com\/es\/carreras\/\">LEER M\u00c1S<\/a>[\/vc_column_text][\/vc_column_inner][\/vc_row_inner][\/vc_column][\/vc_row]<\/p>\n<\/div>","protected":false},"excerpt":{"rendered":"<p>[vc_row full_width=\u00bbstretch_row_content_no_spaces\u00bb][vc_column css_animation=\u00bbfadeIn\u00bb el_class=\u00bbmainSlider\u00bb][\/vc_column][\/vc_row][vc_row gap=\u00bb35&#8243; equal_height=\u00bbyes\u00bb content_placement=\u00bbmiddle\u00bb][vc_column css_animation=\u00bbbounceInLeft\u00bb width=\u00bb1\/2&#8243; offset=\u00bbvc_col-md-5&#8243;][vc_column_text] SOBRE NOSOTROS Somos conocidos por nuestra amplia gama de productos y piezas para cajeros autom\u00e1ticos y<span class=\"excerpt-hellip\"> [\u2026]<\/span><\/p>\n","protected":false},"author":1,"featured_media":12931,"parent":0,"menu_order":0,"comment_status":"closed","ping_status":"open","template":"","meta":{"_seopress_robots_primary_cat":"","_seopress_titles_title":"Bienvenido a SPL- La Organizaci\u00f3n m\u00e1s Inteligente de Soporte de Cajeros Autom\u00e1ticos","_seopress_titles_desc":"El Grupo SPL es una empresa multinacional que suministra equipos bancarios y financieros de calidad, nuevos y refabricados, en todo el mundo.","_seopress_robots_index":"","footnotes":""},"class_list":["post-13061","page","type-page","status-publish","has-post-thumbnail","hentry"],"_links":{"self":[{"href":"https:\/\/spl-group.com\/es\/wp-json\/wp\/v2\/pages\/13061","targetHints":{"allow":["GET"]}}],"collection":[{"href":"https:\/\/spl-group.com\/es\/wp-json\/wp\/v2\/pages"}],"about":[{"href":"https:\/\/spl-group.com\/es\/wp-json\/wp\/v2\/types\/page"}],"author":[{"embeddable":true,"href":"https:\/\/spl-group.com\/es\/wp-json\/wp\/v2\/users\/1"}],"replies":[{"embeddable":true,"href":"https:\/\/spl-group.com\/es\/wp-json\/wp\/v2\/comments?post=13061"}],"version-history":[{"count":18,"href":"https:\/\/spl-group.com\/es\/wp-json\/wp\/v2\/pages\/13061\/revisions"}],"predecessor-version":[{"id":16614,"href":"https:\/\/spl-group.com\/es\/wp-json\/wp\/v2\/pages\/13061\/revisions\/16614"}],"wp:featuredmedia":[{"embeddable":true,"href":"https:\/\/spl-group.com\/es\/wp-json\/wp\/v2\/media\/12931"}],"wp:attachment":[{"href":"https:\/\/spl-group.com\/es\/wp-json\/wp\/v2\/media?parent=13061"}],"curies":[{"name":"wp","href":"https:\/\/api.w.org\/{rel}","templated":true}]}}